{"id":389633,"date":"2024-01-05T20:48:09","date_gmt":"2024-01-05T20:48:09","guid":{"rendered":"https:\/\/dev.medandbeauty.com\/product\/damsky-vazany-lekarsky-plast-premium-white\/"},"modified":"2026-01-14T14:05:23","modified_gmt":"2026-01-14T13:05:23","slug":"damsky-vazany-lekarsky-plast-premium-white","status":"publish","type":"product","link":"https:\/\/dev.medandbeauty.com\/cs\/product\/damsky-vazany-lekarsky-plast-premium-white\/","title":{"rendered":"D\u00e1msk\u00fd v\u00e1zan\u00fd l\u00e9ka\u0159sk\u00fd pl\u00e1\u0161\u0165 Premium WHITE"},"content":{"rendered":"<p style=\"font-weight: 400;\"><strong>D\u00e1msk\u00fd b\u00edl\u00fd v\u00e1zan\u00fd l\u00e9ka\u0159sk\u00fd pl\u00e1\u0161\u0165 z <a href=\"https:\/\/dev.medandbeauty.com\/cs\/shop\/pro-ni\/kolekce-premium\/\" target=\"_blank\" rel=\"noopener\">kolekce Premium<\/a><\/strong> je model ur\u010den\u00fd pro nejn\u00e1ro\u010dn\u011bj\u0161\u00ed \u017eeny pracuj\u00edc\u00ed ve zdravotnictv\u00ed a kosmetick\u00e9m pr\u016fmyslu.<\/p>\n<p style=\"font-weight: 400;\"><strong>Pr\u00e9miov\u00e1 b\u00edl\u00e1 v\u00e1zan\u00e1 l\u00e9ka\u0159sk\u00e1 z\u00e1st\u011bra<\/strong> byla vyrobena ze sm\u011bsi nejkvalitn\u011bj\u0161\u00ed bavlny, nylonu a lycry. D\u00edky t\u00e9to kombinaci vl\u00e1ken v tkanin\u011b je materi\u00e1l prody\u0161n\u00fd, dokonale se p\u0159izp\u016fsob\u00ed ka\u017ed\u00e9mu typu \u017eensk\u00e9 postavy a zajist\u00ed maxim\u00e1ln\u00ed pohodl\u00ed b\u011bhem dlouh\u00fdch hodin pr\u00e1ce. <\/p>\n<p style=\"font-weight: 400;\">V\u0161echny modely zdravotnick\u00fdch svrchn\u00edch od\u011bv\u016f spole\u010dnosti <strong>Med &amp; Beauty<\/strong> jsou vybaveny praktick\u00fdmi a prostorn\u00fdmi kapsami pro ulo\u017een\u00ed drobn\u00e9ho p\u0159\u00edslu\u0161enstv\u00ed pot\u0159ebn\u00e9ho pro ka\u017edodenn\u00ed pr\u00e1ci.<\/p>\n<p style=\"font-weight: 400;\">Kr\u00e1sn\u011b tvarovan\u00fd l\u00edmec dod\u00e1v\u00e1 <strong>v\u00e1zan\u00e9 z\u00e1st\u011b\u0159e<\/strong> mimo\u0159\u00e1dn\u011b elegantn\u00ed vzhled a p\u00e1sek se sponou v pase umo\u017e\u0148uje, aby<strong> z\u00e1st\u011bra<\/strong> dokonale padla ka\u017ed\u00e9 postav\u011b.<\/p>\n<p style=\"font-weight: 400;\">Ve spole\u010dnosti <strong>Med &amp; Beauty<\/strong> se zam\u011b\u0159ujeme nejen na pohodl\u00ed p\u0159i no\u0161en\u00ed, ale tak\u00e9 na estetick\u00fd a profesion\u00e1ln\u00ed vzhled. D\u00e9lka <strong>b\u00edl\u00e9 pr\u00e9miov\u00e9 v\u00e1zan\u00e9 l\u00e9ka\u0159sk\u00e9 z\u00e1st\u011bry<\/strong> byla zvolena tak, aby dokonale padla ka\u017ed\u00e9 postav\u011b. <\/p>\n<p style=\"font-weight: 400;\"><strong>B\u00edl\u00fd d\u00e1msk\u00fd pr\u00e9miov\u00fd stup\u0148ovit\u00fd l\u00e9ka\u0159sk\u00fd pl\u00e1\u0161\u0165<\/strong> se dob\u0159e kombinuje s <a href=\"https:\/\/dev.medandbeauty.com\/sk\/product\/damske-lekarske-nohavice-premium-fit-white\/\" target=\"_blank\" rel=\"noopener\"><strong>l\u00e9ka\u0159sk\u00e9 kalhoty<\/strong><\/a>kter\u00e9 jsou vyrobeny ze stejn\u00e9ho materi\u00e1lu.<\/p>\n<p style=\"font-weight: 400;\">Slad\u011bte <strong>l\u00e9ka\u0159sk\u00e9 kalhoty<\/strong> se stejnou b\u00edlou barvou nebo s jak\u00fdmkoli odst\u00ednem z mnoha dostupn\u00fdch v na\u0161\u00ed nab\u00eddce.<\/p>\n<ul>\n<li style=\"font-weight: 400;\">\u0160irok\u00fd elegantn\u00ed l\u00edmec<\/li>\n<li style=\"font-weight: 400;\"><span style=\"font-family: inherit;\">P\u00e1sek v pase se sponou pro zv\u00fdrazn\u011bn\u00ed postavy<\/span><\/li>\n<li style=\"font-weight: 400;\"><span style=\"font-family: inherit;\">Del\u0161\u00ed, elegantn\u00ed st\u0159ih a 3\/4 ruk\u00e1v<\/span><\/li>\n<li style=\"font-weight: 400;\"><span style=\"font-family: inherit;\">Dv\u011b praktick\u00e9 skryt\u00e9 kapsy<\/span><\/li>\n<li style=\"font-weight: 400;\"><span style=\"font-family: inherit;\">Lze p\u0159izp\u016fsobit v\u00fd\u0161ivkou<\/span><\/li>\n<\/ul>\n<p>&nbsp;<\/p>\n<p style=\"font-weight: 400;\"><strong>Dal\u0161\u00ed informace:<\/strong><br \/>\nModelky na fotografi\u00edch maj\u00ed na sob\u011b velikost S a jsou vysok\u00e9 170-174 cm.<\/p>\n<p style=\"font-weight: 400;\">Pokud si nev\u00edte rady s v\u00fdb\u011brem velikosti, pod\u00edvejte se na tabulku velikost\u00ed. Pokud m\u00e1te dal\u0161\u00ed pochybnosti &#8211; po\u0161lete n\u00e1m sv\u00e9 m\u00edry a my v\u00e1m je p\u0159izp\u016fsob\u00edme. <\/p>\n<p style=\"font-weight: 400;\">Barvy od\u011bv\u016f v <a href=\"https:\/\/dev.medandbeauty.com\/cs\/shop\/pro-ni\/kolekce-premium\/\" target=\"_blank\" rel=\"noopener\">kolekci Premium<\/a> neodpov\u00eddaj\u00ed barv\u00e1m od\u011bv\u016f v <a href=\"https:\/\/dev.medandbeauty.com\/cs\/shop\/pro-ni\/zakladni-kolekce\/\" target=\"_blank\" rel=\"noopener\">kolekci Basic<\/a> &#8211; jsou vyrobeny z jin\u00fdch materi\u00e1l\u016f.<\/p>\n<p style=\"font-weight: 400;\">Odst\u00edny jednotliv\u00fdch od\u011bv\u016f na fotografi\u00edch se mohou li\u0161it od skute\u010dn\u00fdch &#8211; to je zp\u016fsobeno r\u016fznorodost\u00ed dostupn\u00fdch elektronick\u00fdch za\u0159\u00edzen\u00ed a jejich individu\u00e1ln\u00edm nastaven\u00edm.<\/p>\n","protected":false},"excerpt":{"rendered":"<p>D\u00e1msk\u00fd b\u00edl\u00fd v\u00e1zan\u00fd l\u00e9ka\u0159sk\u00fd pl\u00e1\u0161\u0165 z kolekce Premium je model ur\u010den\u00fd pro nejn\u00e1ro\u010dn\u011bj\u0161\u00ed \u017eeny pracuj\u00edc\u00ed ve zdravotnictv\u00ed a kosmetick\u00e9m pr\u016fmyslu. Pr\u00e9miov\u00e1 b\u00edl\u00e1 v\u00e1zan\u00e1 l\u00e9ka\u0159sk\u00e1 z\u00e1st\u011bra byla vyrobena ze sm\u011bsi nejkvalitn\u011bj\u0161\u00ed bavlny, nylonu a lycry. D\u00edky t\u00e9to kombinaci vl\u00e1ken v tkanin\u011b je materi\u00e1l prody\u0161n\u00fd, dokonale se p\u0159izp\u016fsob\u00ed ka\u017ed\u00e9mu typu \u017eensk\u00e9 postavy a zajist\u00ed maxim\u00e1ln\u00ed pohodl\u00ed b\u011bhem [&hellip;]<\/p>\n","protected":false},"featured_media":389634,"comment_status":"open","ping_status":"closed","template":"","meta":{"_acf_changed":false,"inline_featured_image":false},"kolor":[1066],"rodzaj-ubrania":[1318],"ubranie":[1395],"product_brand":[],"product_cat":[1159,1029,1317],"product_tag":[1392],"class_list":{"0":"post-389633","1":"product","2":"type-product","3":"status-publish","4":"has-post-thumbnail","6":"kolor-bile","7":"rodzaj-ubrania-zdravotnicke-plaste","8":"ubranie-damsky-vazany-lekarsky-plast-premium","9":"product_cat-kolekce-premium","10":"product_cat-pro-ni","11":"product_cat-zdravotnicke-plaste","12":"product_tag-kosmeticke-zastery","14":"first","15":"instock","16":"taxable","17":"shipping-taxable","18":"purchasable","19":"product-type-variable"},"acf":[],"_links":{"self":[{"href":"https:\/\/dev.medandbeauty.com\/cs\/wp-json\/wp\/v2\/product\/389633","targetHints":{"allow":["GET"]}}],"collection":[{"href":"https:\/\/dev.medandbeauty.com\/cs\/wp-json\/wp\/v2\/product"}],"about":[{"href":"https:\/\/dev.medandbeauty.com\/cs\/wp-json\/wp\/v2\/types\/product"}],"replies":[{"embeddable":true,"href":"https:\/\/dev.medandbeauty.com\/cs\/wp-json\/wp\/v2\/comments?post=389633"}],"wp:featuredmedia":[{"embeddable":true,"href":"https:\/\/dev.medandbeauty.com\/cs\/wp-json\/wp\/v2\/media\/389634"}],"wp:attachment":[{"href":"https:\/\/dev.medandbeauty.com\/cs\/wp-json\/wp\/v2\/media?parent=389633"}],"wp:term":[{"taxonomy":"kolor","embeddable":true,"href":"https:\/\/dev.medandbeauty.com\/cs\/wp-json\/wp\/v2\/kolor?post=389633"},{"taxonomy":"rodzaj-ubrania","embeddable":true,"href":"https:\/\/dev.medandbeauty.com\/cs\/wp-json\/wp\/v2\/rodzaj-ubrania?post=389633"},{"taxonomy":"ubranie","embeddable":true,"href":"https:\/\/dev.medandbeauty.com\/cs\/wp-json\/wp\/v2\/ubranie?post=389633"},{"taxonomy":"product_brand","embeddable":true,"href":"https:\/\/dev.medandbeauty.com\/cs\/wp-json\/wp\/v2\/product_brand?post=389633"},{"taxonomy":"product_cat","embeddable":true,"href":"https:\/\/dev.medandbeauty.com\/cs\/wp-json\/wp\/v2\/product_cat?post=389633"},{"taxonomy":"product_tag","embeddable":true,"href":"https:\/\/dev.medandbeauty.com\/cs\/wp-json\/wp\/v2\/product_tag?post=389633"}],"curies":[{"name":"wp","href":"https:\/\/api.w.org\/{rel}","templated":true}]}}