{"id":373681,"date":"2024-04-22T19:06:34","date_gmt":"2024-04-22T17:06:34","guid":{"rendered":"https:\/\/dev.medandbeauty.com\/product\/damske-zdravotni-kalhoty-scrubs-basic-fire-fox\/"},"modified":"2026-02-25T14:40:47","modified_gmt":"2026-02-25T13:40:47","slug":"damske-zdravotni-kalhoty-scrubs-basic-fire-fox","status":"publish","type":"product","link":"https:\/\/dev.medandbeauty.com\/cs\/product\/damske-zdravotni-kalhoty-scrubs-basic-fire-fox\/","title":{"rendered":"D\u00e1msk\u00e9 zdravotn\u00ed kalhoty SCRUBS Basic FIRE FOX"},"content":{"rendered":"<p><strong>Seznamte se s na\u0161\u00ed nejnov\u011bj\u0161\u00ed n\u00e1dhernou barvou FIRE FOX, kter\u00e1 vznikla ve spolupr\u00e1ci s Veronikou Czapskou, zn\u00e1mou jako W Czepku Urodzona!<\/strong><\/p>\n<p>&nbsp;<\/p>\n<p style=\"color: #000000;\">Hled\u00e1te dokonal\u00e9 a nejpohodln\u011bj\u0161\u00ed <strong>zdravotn\u00ed b\u011b\u017eeck\u00e9 boty<\/strong> pro sv\u016fj ka\u017edodenn\u00ed \u017eivot?<\/p>\n<p style=\"color: #000000;\">Na\u0161e <a href=\"https:\/\/dev.medandbeauty.com\/cs\/shop\/pro-ni\/zakladni-kolekce\/\" target=\"_blank\" rel=\"noopener\"><strong>z\u00e1kladn\u00ed k\u0159ov\u00ed<\/strong><\/a> spln\u00ed v\u0161echna va\u0161e o\u010dek\u00e1v\u00e1n\u00ed!<\/p>\n<p style=\"color: #000000;\">Pokud chcete m\u00edt zdravotn\u00ed od\u011bv z nejkvalitn\u011bj\u0161\u00edch materi\u00e1l\u016f pro maxim\u00e1ln\u00ed pohodl\u00ed, na\u0161e <strong>zdravotn\u00ed tepl\u00e1ky Basic v barv\u011b ohniv\u00e9 li\u0161ky<\/strong> nesm\u00ed chyb\u011bt ve va\u0161em \u0161atn\u00edku.<\/p>\n<p style=\"color: #000000;\"><strong>D\u00e1msk\u00e9 zdravotnick\u00e9 kalhoty Scrubs Basic Fire Fox<\/strong> byly u\u0161ity z na dotek m\u011bkk\u00e9 a na no\u0161en\u00ed velmi p\u0159\u00edjemn\u00e9 tkaniny, kter\u00e1 zaji\u0161\u0165uje maxim\u00e1ln\u00ed pohodl\u00ed p\u0159i no\u0161en\u00ed a zachov\u00e1n\u00ed pln\u00e9ho rozsahu pohybu. Kombinace polyesteru, visk\u00f3zy a lycry znamen\u00e1, \u017ee se tkanina dokonale p\u0159izp\u016fsob\u00ed \u017eensk\u00e9 siluet\u011b a z\u00e1rove\u0148 je mimo\u0159\u00e1dn\u011b odoln\u00e1 a vysoce prody\u0161n\u00e1. <\/p>\n<p style=\"color: #000000;\">Stoprocentn\u00ed pohodl\u00ed zaru\u010duje m\u00edrn\u011b zv\u00fd\u0161en\u00fd horn\u00ed d\u00edl a \u0161irok\u00fd a pru\u017en\u00fd pas se \u0161\u0148\u016frkou pro snadn\u00e9 nastaven\u00ed velikosti.<strong>. Zdravotnick\u00e9 b\u011b\u017eeck\u00e9 boty Med &amp; Beauty<\/strong>  neomezuj\u00ed v pohybu ani p\u0159i dlouhodob\u00e9m no\u0161en\u00ed.<\/p>\n<p style=\"color: #000000;\"><strong>Zdravotnick\u00e9 tepl\u00e1ky v barv\u011b ohniv\u00e9 li\u0161ky <\/strong>se hod\u00ed ke ka\u017ed\u00e9mu oble\u010den\u00ed a d\u00edky \u0161esti prostorn\u00fdm a praktick\u00fdm kaps\u00e1m budete m\u00edt v\u0161echny pracovn\u00ed pot\u0159eby a n\u00e1\u0159ad\u00ed po ruce.<\/p>\n<p style=\"color: #000000;\"><strong>D\u00e1msk\u00e9 pracovn\u00ed od\u011bvy Basic medical joggers<\/strong> jsme vybavili bavln\u011bn\u00fdm \u017eebrov\u00e1n\u00edm ve spodn\u00ed \u010d\u00e1sti nohavic, kter\u00e9 zabra\u0148uje vyhrnov\u00e1n\u00ed kalhot b\u011bhem intenzivn\u00edch hodin pr\u00e1ce.<\/p>\n<p style=\"color: #000000;\">Sestavte si vysn\u011bnou sadu <strong>l\u00e9ka\u0159sk\u00e9ho oble\u010den\u00ed<\/strong> tak, \u017ee slad\u00edte<strong> d\u00e1msk\u00e9 l\u00e9ka\u0159sk\u00e9 tepl\u00e1ky Fire Fox <a href=\"https:\/\/dev.medandbeauty.com\/it\/product\/camicetta-medica-da-donna-basic-frosty-pistachio-kopia\/\" target=\"_blank\" rel=\"noopener\">s l\u00e9ka\u0159skou halenkou se dv\u011bma kapsami<\/a> nebo <a href=\"https:\/\/dev.medandbeauty.com\/it\/product\/camicetta-medica-da-donna-basic-one-pocket-inglese-rosa-kopia-kopia-2\/\" target=\"_blank\" rel=\"noopener\">l\u00e9ka\u0159skou halenkou s jednou kapsou<\/a><\/strong> ze stejn\u00e9ho materi\u00e1lu.<\/p>\n<p>Nezapome\u0148te si prohl\u00e9dnout tak\u00e9 n\u00e1\u0161 h\u0159ejiv\u00fd fleece  <a href=\"https:\/\/dev.medandbeauty.com\/cs\/shop\/pro-ni\/zakladni-kolekce\/lekarske-halenky-cs-2\/\" target=\"_blank\" rel=\"noopener\">l\u00e9ka\u0159sk\u00e9 halenky<\/a>  z certifikovan\u00e9ho prody\u0161n\u00e9ho materi\u00e1lu!<\/p>\n<p style=\"color: #000000;\">Voln\u011b kombinujte barvy a vytv\u00e1\u0159ejte jedine\u010dn\u00e9 vzhledy nebo zvolte klasick\u00fd a nad\u010dasov\u00fd jednobarevn\u00fd vzhled.<\/p>\n<ul style=\"color: #000000;\">\n<li>Elastick\u00fd pas se stahovac\u00ed \u0161\u0148\u016frkou<\/li>\n<li><span style=\"font-family: inherit;\">6 praktick\u00fdch a prostorn\u00fdch kapes<\/span><\/li>\n<li><span style=\"font-family: inherit;\">Bavln\u011bn\u00e1 \u017eebra na nohavic\u00edch<\/span><\/li>\n<li><span style=\"font-family: inherit;\">Obj\u00edmaj\u00edc\u00ed stoup\u00e1n\u00ed<\/span><\/li>\n<\/ul>\n<p style=\"color: #000000;\"><strong> <\/strong><\/p>\n<p style=\"color: #000000;\"><strong>Dal\u0161\u00ed informace:<\/strong><br \/>\nModelky na fotografi\u00edch maj\u00ed na sob\u011b velikost S a jsou vysok\u00e9 170-174 cm.<\/p>\n<p style=\"color: #000000;\">Pokud si nev\u00edte rady s v\u00fdb\u011brem velikosti, pod\u00edvejte se na tabulku velikost\u00ed. Pokud m\u00e1te dal\u0161\u00ed pochybnosti &#8211; po\u0161lete n\u00e1m sv\u00e9 m\u00edry a my v\u00e1m je p\u0159izp\u016fsob\u00edme. <\/p>\n<p style=\"color: #000000;\">Barvy od\u011bv\u016f v kolekci Basic neodpov\u00eddaj\u00ed barv\u00e1m od\u011bv\u016f v <a href=\"https:\/\/dev.medandbeauty.com\/cs\/shop\/pro-ni\/kolekce-premium\/\" target=\"_blank\" rel=\"noopener\">kolekci Premium<\/a> &#8211; jsou vyrobeny z jin\u00fdch materi\u00e1l\u016f.<\/p>\n<p style=\"color: #000000;\">Odst\u00edny jednotliv\u00fdch od\u011bv\u016f na fotografi\u00edch se mohou li\u0161it od skute\u010dn\u00fdch &#8211; to je zp\u016fsobeno r\u016fznorodost\u00ed dostupn\u00fdch elektronick\u00fdch za\u0159\u00edzen\u00ed a jejich individu\u00e1ln\u00edm nastaven\u00edm.<\/p>\n","protected":false},"excerpt":{"rendered":"<p>Seznamte se s na\u0161\u00ed nejnov\u011bj\u0161\u00ed n\u00e1dhernou barvou FIRE FOX, kter\u00e1 vznikla ve spolupr\u00e1ci s Veronikou Czapskou, zn\u00e1mou jako W Czepku Urodzona! &nbsp; Hled\u00e1te dokonal\u00e9 a nejpohodln\u011bj\u0161\u00ed zdravotn\u00ed b\u011b\u017eeck\u00e9 boty pro sv\u016fj ka\u017edodenn\u00ed \u017eivot? Na\u0161e z\u00e1kladn\u00ed k\u0159ov\u00ed spln\u00ed v\u0161echna va\u0161e o\u010dek\u00e1v\u00e1n\u00ed! Pokud chcete m\u00edt zdravotn\u00ed od\u011bv z nejkvalitn\u011bj\u0161\u00edch materi\u00e1l\u016f pro maxim\u00e1ln\u00ed pohodl\u00ed, na\u0161e zdravotn\u00ed tepl\u00e1ky Basic [&hellip;]<\/p>\n","protected":false},"featured_media":373700,"comment_status":"open","ping_status":"closed","template":"","meta":{"_acf_changed":false,"inline_featured_image":false},"kolor":[1142],"rodzaj-ubrania":[1051,1052],"ubranie":[1117],"product_brand":[],"product_cat":[1029,1146,2134],"product_tag":[1399],"class_list":{"0":"post-373681","1":"product","2":"type-product","3":"status-publish","4":"has-post-thumbnail","6":"kolor-pomerance","7":"rodzaj-ubrania-scrubs-cs","8":"rodzaj-ubrania-zdravotnicke-kalhoty","9":"ubranie-damske-lekarske-kalhoty-jogger-scrubs-basic","10":"product_cat-pro-ni","11":"product_cat-vystup-cs","12":"product_cat-zimni-vyprodej","13":"product_tag-damske-zdravotni-bezecke-kalhoty","15":"first","16":"instock","17":"sale","18":"taxable","19":"shipping-taxable","20":"purchasable","21":"product-type-variable"},"acf":[],"_links":{"self":[{"href":"https:\/\/dev.medandbeauty.com\/cs\/wp-json\/wp\/v2\/product\/373681","targetHints":{"allow":["GET"]}}],"collection":[{"href":"https:\/\/dev.medandbeauty.com\/cs\/wp-json\/wp\/v2\/product"}],"about":[{"href":"https:\/\/dev.medandbeauty.com\/cs\/wp-json\/wp\/v2\/types\/product"}],"replies":[{"embeddable":true,"href":"https:\/\/dev.medandbeauty.com\/cs\/wp-json\/wp\/v2\/comments?post=373681"}],"wp:featuredmedia":[{"embeddable":true,"href":"https:\/\/dev.medandbeauty.com\/cs\/wp-json\/wp\/v2\/media\/373700"}],"wp:attachment":[{"href":"https:\/\/dev.medandbeauty.com\/cs\/wp-json\/wp\/v2\/media?parent=373681"}],"wp:term":[{"taxonomy":"kolor","embeddable":true,"href":"https:\/\/dev.medandbeauty.com\/cs\/wp-json\/wp\/v2\/kolor?post=373681"},{"taxonomy":"rodzaj-ubrania","embeddable":true,"href":"https:\/\/dev.medandbeauty.com\/cs\/wp-json\/wp\/v2\/rodzaj-ubrania?post=373681"},{"taxonomy":"ubranie","embeddable":true,"href":"https:\/\/dev.medandbeauty.com\/cs\/wp-json\/wp\/v2\/ubranie?post=373681"},{"taxonomy":"product_brand","embeddable":true,"href":"https:\/\/dev.medandbeauty.com\/cs\/wp-json\/wp\/v2\/product_brand?post=373681"},{"taxonomy":"product_cat","embeddable":true,"href":"https:\/\/dev.medandbeauty.com\/cs\/wp-json\/wp\/v2\/product_cat?post=373681"},{"taxonomy":"product_tag","embeddable":true,"href":"https:\/\/dev.medandbeauty.com\/cs\/wp-json\/wp\/v2\/product_tag?post=373681"}],"curies":[{"name":"wp","href":"https:\/\/api.w.org\/{rel}","templated":true}]}}