{"id":358483,"date":"2025-02-21T09:11:42","date_gmt":"2025-02-21T08:11:42","guid":{"rendered":"https:\/\/dev.medandbeauty.com\/product\/damske-lekarske-halenky-basic-one-pocket-hi-barbie\/"},"modified":"2025-12-23T11:51:17","modified_gmt":"2025-12-23T10:51:17","slug":"damske-lekarske-halenky-basic-one-pocket-hi-barbie","status":"publish","type":"product","link":"https:\/\/dev.medandbeauty.com\/cs\/product\/damske-lekarske-halenky-basic-one-pocket-hi-barbie\/","title":{"rendered":"D\u00e1msk\u00e9 l\u00e9ka\u0159sk\u00e9 halenky Basic One Pocket HI BARBIE"},"content":{"rendered":"<p style=\"font-weight: 400;\">Klasick\u00e9 a spolehliv\u00e9 <a href=\"https:\/\/dev.medandbeauty.com\/cs\/shop\/pro-ni\/zakladni-kolekce\/?rodzaj-ubrania=bluzki-medyczne\" target=\"_blank\" rel=\"noopener\"><strong>l\u00e9ka\u0159sk\u00e9 halenky z kolekce Med &amp; Beauty Basic<\/strong><\/a> nyn\u00ed k dispozici ve verzi s jednou kapsou!<\/p>\n<p>Kdy\u017e tr\u00e1v\u00edte v pr\u00e1ci dlouh\u00e9 a intenzivn\u00ed hodiny, pot\u0159ebujete.<strong style=\"font-weight: 400;\">  zdravotnick\u00e9 od\u011bvy,  <\/strong>To v\u00e1m poskytne maxim\u00e1ln\u00ed pohodl\u00ed. <strong>D\u00e1msk\u00e1 zdravotnick\u00e1 bl\u016fza Scrubs Basic One Pocket v barv\u011b Hi Barbie <span style=\"font-weight: 400;\">byla<\/span><\/strong>vyrobena z nejkvalitn\u011bj\u0161\u00ed tkaniny. <\/p>\n<p style=\"font-weight: 400;\">D\u00edky kombinaci polyesteru, visk\u00f3zy a lycry je materi\u00e1l velmi odoln\u00fd, m\u011bkk\u00fd, p\u0159\u00edjemn\u00fd na dotek, p\u0159izp\u016fsob\u00ed se jak\u00e9mukoli typu \u017eensk\u00e9 postavy, neomezuje v pohybu a, co\u017e je u <strong>zdravotnick\u00fdch od\u011bv\u016f<\/strong> nesm\u00edrn\u011b d\u016fle\u017eit\u00e9, je tak\u00e9 prody\u0161n\u00fd a prody\u0161n\u00fd.<\/p>\n<p><strong><span style=\"font-weight: 400;\"><strong>D\u00e1msk\u00e9 zdravotnick\u00e9 od\u011bvy Basic One Pocket<\/strong> Hi <\/span>Barbie<span style=\"font-weight: 400;\"> <\/span><\/strong>jsou ide\u00e1ln\u00edm z\u00e1kladem pro spolehliv\u00fd a nad\u010dasov\u00fd \u0161atn\u00edk <strong style=\"font-weight: 400;\">zdravotnick\u00e9ho oble\u010den\u00ed<\/strong>.<\/p>\n<p>D\u00edky jedn\u00e9 n\u00e1prsn\u00ed kapse m\u016f\u017eete tri\u010dko voln\u011b zastr\u010dit do l\u00e9ka\u0159sk\u00fdch kalhot a vytvo\u0159it tak sportovn\u00ed a modern\u00ed vzhled.<\/p>\n<p style=\"font-weight: 400;\">Klasick\u00fd v\u00fdst\u0159ih do V opticky prodlu\u017euje siluetu, z\u00fa\u017een\u00fd pas zd\u016fraz\u0148uje p\u0159ednosti postavy a d\u00e9lka ruk\u00e1v\u016f (sahaj\u00edc\u00ed t\u00e9m\u011b\u0159 k lokti) poskytuje ochranu ramen, ani\u017e by omezovala pohyb.<\/p>\n<p><strong>Halenka<\/strong><strong style=\"font-weight: 400;\">  l\u00e9ka\u0159sk\u00e9 \u00fabory Basic One Pocket Hi Barbie  <\/strong>vypad\u00e1 skv\u011ble s na\u0161\u00edm nov\u00fdm<a href=\"https:\/\/dev.medandbeauty.com\/en\/product\/womens-medical-jogger-pants-scrubs-basic-hi-barbie\/\" target=\"_blank\" rel=\"noopener\"><strong>  zdravotn\u00ed b\u011b\u017eci<\/strong><\/a>  se stahovac\u00ed \u0161\u0148\u016frkou v pase a klasick\u00fdm  <a href=\"https:\/\/dev.medandbeauty.com\/en\/product\/womens-medical-pants-straight-scrubs-basic-hi-barbie\/\" target=\"_blank\" rel=\"noopener\"><strong>p<\/strong><strong>robl\u00e9my m<\/strong><strong>e<\/strong><strong>dy<\/strong><strong>c<\/strong><strong>zny<\/strong><strong>m<\/strong><strong>i<\/strong><\/a>  nebo  <a href=\"https:\/\/dev.medandbeauty.com\/en\/product\/womens-medical-pants-wide-scrubs-basic-hi-barbie\/\" target=\"_blank\" rel=\"noopener\"><strong>\u0161irok\u00e9 kalhoty<\/strong><strong>i<\/strong><\/a><strong>  l\u00e9ka\u0159sk\u00e9  <\/strong>ve stejn\u00e9 barv\u011b.<\/p>\n<p><strong>Zdravotn\u00ed halenku Hi Barbie s jednou kapsou <\/strong>m\u016f\u017eete tak\u00e9 kombinovat s n\u011bkter\u00fdm z dal\u0161\u00edch odst\u00edn\u016f dostupn\u00fdch v kolekci. <a style=\"font-weight: 400;\" href=\"https:\/\/dev.medandbeauty.com\/cs\/shop\/pro-ni\/zakladni-kolekce\/\" target=\"_blank\" rel=\"noopener\"><strong>Med &amp; Beauty Basic<\/strong><\/a>.<\/p>\n<p>Nezapome\u0148te si prohl\u00e9dnout tak\u00e9 na\u0161e tepl\u00e9 fleecov\u00e9 <a href=\"https:\/\/dev.medandbeauty.com\/cs\/shop\/pro-ni\/zakladni-kolekce\/lekarske-halenky-cs-2\/\" target=\"_blank\" rel=\"noopener\">l\u00e9ka\u0159sk\u00e9 mikiny<\/a> z certifikovan\u00e9ho a prody\u0161n\u00e9ho materi\u00e1lu!<\/p>\n<p style=\"font-weight: 400;\">Zajist\u011bte si maxim\u00e1ln\u00ed pohodl\u00ed a profesion\u00e1ln\u00ed vzhled p\u0159i pr\u00e1ci<strong> se zdravotnick\u00fdmi n\u00e1vleky<\/strong>. <a href=\"https:\/\/dev.medandbeauty.com\/cs\/shop\/pro-ni\/zakladni-kolekce\/\" target=\"_blank\" rel=\"noopener\"><strong>Med &amp; Beauty Basic<\/strong><\/a>.<\/p>\n<ul>\n<li style=\"font-weight: 400;\">Jedna praktick\u00e1 n\u00e1prsn\u00ed kapsa<\/li>\n<li style=\"font-weight: 400;\"><span style=\"font-family: inherit;\">Tvarovan\u00fd pas<\/span><\/li>\n<li style=\"font-weight: 400;\"><span style=\"font-family: inherit;\">Klasick\u00fd v\u00fdst\u0159ih do V<\/span><\/li>\n<li style=\"font-weight: 400;\"><span style=\"font-family: inherit;\">Pohodln\u00fd, kr\u00e1tk\u00fd ruk\u00e1v<\/span><\/li>\n<\/ul>\n<p>&nbsp;<\/p>\n<p style=\"font-weight: 400;\"><strong>Dal\u0161\u00ed informace:<\/strong><br \/>\nModelky na fotografi\u00edch maj\u00ed na sob\u011b velikost S a jsou vysok\u00e9 170-174 cm.<\/p>\n<p style=\"font-weight: 400;\">Pokud si nev\u00edte rady s v\u00fdb\u011brem velikosti, pod\u00edvejte se na tabulku velikost\u00ed. Pokud m\u00e1te dal\u0161\u00ed pochybnosti &#8211; po\u0161lete n\u00e1m sv\u00e9 m\u00edry a my v\u00e1m je p\u0159izp\u016fsob\u00edme. <\/p>\n<p style=\"font-weight: 400;\">Barvy od\u011bv\u016f v <a href=\"https:\/\/dev.medandbeauty.com\/cs\/shop\/pro-ni\/zakladni-kolekce\/\" target=\"_blank\" rel=\"noopener\">kolekci Basic<\/a> neodpov\u00eddaj\u00ed barv\u00e1m od\u011bv\u016f v<a href=\"https:\/\/dev.medandbeauty.com\/cs\/shop\/pro-ni\/kolekce-premium\/\" target=\"_blank\" rel=\"noopener\"> kolekci Premium<\/a> &#8211; jsou vyrobeny z odli\u0161n\u00fdch materi\u00e1l\u016f.<\/p>\n<p style=\"font-weight: 400;\">Odst\u00edny jednotliv\u00fdch od\u011bv\u016f na fotografi\u00edch se mohou li\u0161it od skute\u010dn\u00fdch &#8211; to je zp\u016fsobeno r\u016fznorodost\u00ed dostupn\u00fdch elektronick\u00fdch za\u0159\u00edzen\u00ed a jejich individu\u00e1ln\u00edm nastaven\u00edm.<\/p>\n","protected":false},"excerpt":{"rendered":"<p>Klasick\u00e9 a spolehliv\u00e9 l\u00e9ka\u0159sk\u00e9 halenky z kolekce Med &amp; Beauty Basic nyn\u00ed k dispozici ve verzi s jednou kapsou! Kdy\u017e tr\u00e1v\u00edte v pr\u00e1ci dlouh\u00e9 a intenzivn\u00ed hodiny, pot\u0159ebujete. zdravotnick\u00e9 od\u011bvy, To v\u00e1m poskytne maxim\u00e1ln\u00ed pohodl\u00ed. D\u00e1msk\u00e1 zdravotnick\u00e1 bl\u016fza Scrubs Basic One Pocket v barv\u011b Hi Barbie bylavyrobena z nejkvalitn\u011bj\u0161\u00ed tkaniny. D\u00edky kombinaci polyesteru, visk\u00f3zy a [&hellip;]<\/p>\n","protected":false},"featured_media":358489,"comment_status":"open","ping_status":"closed","template":"","meta":{"_acf_changed":false,"inline_featured_image":false},"kolor":[1039],"rodzaj-ubrania":[1087,1051],"ubranie":[1088],"product_brand":[],"product_cat":[1086,1029,1049,1048,1030],"product_tag":[1367],"class_list":{"0":"post-358483","1":"product","2":"type-product","3":"status-publish","4":"has-post-thumbnail","6":"kolor-ruze","7":"rodzaj-ubrania-lekarske-halenky","8":"rodzaj-ubrania-scrubs-cs","9":"ubranie-damska-lekarska-bluza-scrubs-basic-s-jednou-kapsou","10":"product_cat-lekarske-halenky","11":"product_cat-pro-ni","12":"product_cat-scrubs","13":"product_cat-zakladni-kolekce","14":"product_cat-zpravy","15":"product_tag-zdravotnicke-obleceni-pro-studenty","17":"first","18":"instock","19":"taxable","20":"shipping-taxable","21":"purchasable","22":"product-type-variable"},"acf":[],"_links":{"self":[{"href":"https:\/\/dev.medandbeauty.com\/cs\/wp-json\/wp\/v2\/product\/358483","targetHints":{"allow":["GET"]}}],"collection":[{"href":"https:\/\/dev.medandbeauty.com\/cs\/wp-json\/wp\/v2\/product"}],"about":[{"href":"https:\/\/dev.medandbeauty.com\/cs\/wp-json\/wp\/v2\/types\/product"}],"replies":[{"embeddable":true,"href":"https:\/\/dev.medandbeauty.com\/cs\/wp-json\/wp\/v2\/comments?post=358483"}],"wp:featuredmedia":[{"embeddable":true,"href":"https:\/\/dev.medandbeauty.com\/cs\/wp-json\/wp\/v2\/media\/358489"}],"wp:attachment":[{"href":"https:\/\/dev.medandbeauty.com\/cs\/wp-json\/wp\/v2\/media?parent=358483"}],"wp:term":[{"taxonomy":"kolor","embeddable":true,"href":"https:\/\/dev.medandbeauty.com\/cs\/wp-json\/wp\/v2\/kolor?post=358483"},{"taxonomy":"rodzaj-ubrania","embeddable":true,"href":"https:\/\/dev.medandbeauty.com\/cs\/wp-json\/wp\/v2\/rodzaj-ubrania?post=358483"},{"taxonomy":"ubranie","embeddable":true,"href":"https:\/\/dev.medandbeauty.com\/cs\/wp-json\/wp\/v2\/ubranie?post=358483"},{"taxonomy":"product_brand","embeddable":true,"href":"https:\/\/dev.medandbeauty.com\/cs\/wp-json\/wp\/v2\/product_brand?post=358483"},{"taxonomy":"product_cat","embeddable":true,"href":"https:\/\/dev.medandbeauty.com\/cs\/wp-json\/wp\/v2\/product_cat?post=358483"},{"taxonomy":"product_tag","embeddable":true,"href":"https:\/\/dev.medandbeauty.com\/cs\/wp-json\/wp\/v2\/product_tag?post=358483"}],"curies":[{"name":"wp","href":"https:\/\/api.w.org\/{rel}","templated":true}]}}