{"id":681430,"date":"2026-02-03T09:07:01","date_gmt":"2026-02-03T08:07:01","guid":{"rendered":"https:\/\/dev.medandbeauty.com\/zdravotni-obuv-krakov\/"},"modified":"2026-02-03T09:08:16","modified_gmt":"2026-02-03T08:08:16","slug":"zdravotni-obuv-krakov","status":"publish","type":"page","link":"https:\/\/dev.medandbeauty.com\/cs\/zdravotni-obuv-krakov\/","title":{"rendered":"Zdravotn\u00ed obuv Krakov"},"content":{"rendered":"\n<h2 class=\"wp-block-heading\">Zdravotn\u00ed obuv Krakov &#8211; najd\u011bte si perfektn\u00ed p\u00e1r online!<\/h2>\n\n<p>Hled\u00e1te profesion\u00e1ln\u00ed <strong>zdravotn\u00ed obuv v Krakov\u011b?<\/strong> Pr\u00e1ce v neust\u00e1l\u00e9m pohybu a dlouh\u00e9 pracovn\u00ed pohotovosti zna\u010dn\u011b zat\u011b\u017euj\u00ed nohy. Pot\u0159ebujete obuv, kter\u00e1 v\u00e1m poskytne maxim\u00e1ln\u00ed pohodl\u00ed a ulev\u00ed unaven\u00fdm noh\u00e1m. P\u0159esto\u017ee v Krakov\u011b nem\u00e1me stacion\u00e1rn\u00ed prodejnu, nab\u00edz\u00edme n\u011bco mnohem pohodln\u011bj\u0161\u00edho. Na na\u0161ich webov\u00fdch str\u00e1nk\u00e1ch najdete \u0161irok\u00fd v\u00fdb\u011br \u0161pi\u010dkov\u00e9 zdravotn\u00ed obuvi s rychl\u00fdm dod\u00e1n\u00edm p\u0159\u00edmo k va\u0161im dve\u0159\u00edm. Investujte do sv\u00e9ho zdrav\u00ed a pohodl\u00ed &#8211; zapome\u0148te na bolest nohou jednou prov\u017edy!     <\/p>\n\n<h2 class=\"wp-block-heading\">Pro\u010d si vybrat na\u0161i zdravotn\u00ed obuv?<\/h2>\n\n<p>Pr\u00e1ce ve zdravotnictv\u00ed je pro nohy skute\u010dnou v\u00fdzvou. Na\u0161e obuv byla navr\u017eena s ohledem na profesion\u00e1ly, jako jste vy, kte\u0159\u00ed denn\u011b pe\u010duj\u00ed o zdrav\u00ed druh\u00fdch. \u010c\u00edm se vyzna\u010duj\u00ed pohodln\u00e9 modely dostupn\u00e9 v internetov\u00e9m obchod\u011b Med&amp;Beauty?  <\/p>\n\n<ul class=\"wp-block-list\">\n<li><strong>Nep\u0159ekonateln\u00e9 pohodl\u00ed a odpru\u017een\u00ed &#8211; pohodln\u00e1<\/strong> obuv je kl\u00ed\u010dovou sou\u010d\u00e1st\u00ed \u0161atn\u00edku zdravotnick\u00e9ho person\u00e1lu. Na\u0161e boty maj\u00ed pokro\u010dil\u00e9 odpru\u017een\u00ed a ergonomickou a anatomicky tvarovanou st\u00e9lku. D\u00edky tomu \u00fa\u010dinn\u011b tlum\u00ed n\u00e1razy a minimalizuj\u00ed pocit \u00fanavy, a to i p\u0159i dlouh\u00e9m v\u00fdkonu slu\u017eby,  <\/li>\n\n\n\n<li><strong>bezpe\u010dnost na ka\u017ed\u00e9m kroku &#8211;<\/strong> protiskluzov\u00e1 <strong>podr\u00e1\u017eka<\/strong> je standardem na\u0161\u00ed obuvi, kter\u00fd zaru\u010duje stabilitu a jist\u00fd krok na jak\u00e9mkoli povrchu. Lehk\u00e1 a z\u00e1rove\u0148 odoln\u00e1 konstrukce zaji\u0161\u0165uje naprostou volnost pohybu. Prody\u0161n\u00e9 materi\u00e1ly, jako je inovativn\u00ed p\u011bna EVA, zaru\u010duj\u00ed hygienick\u00fd a tepeln\u00fd komfort pro va\u0161e nohy po cel\u00fd den,  <\/li>\n\n\n\n<li><strong>Styl, kter\u00fd zd\u016fraz\u0148uje profesionalitu &#8211; doby<\/strong>, kdy l\u00e9ka\u0159sk\u00e1 obuv musela b\u00fdt nudn\u00e1 a beztvar\u00e1, jsou d\u00e1vno pry\u010d. Ve spole\u010dnosti Med&amp;Beauty spojujeme funk\u010dnost s modern\u00ed estetikou. Nab\u00edz\u00edme obuv v \u0161irok\u00e9 \u0161k\u00e1le barev a styl\u016f. Na\u0161e modely dokonale dopln\u00ed va\u0161i profesion\u00e1ln\u00ed image a budou se hodit k \u00fabor\u016fm nebo zdravotnick\u00fdm souprav\u00e1m.   <\/li>\n<\/ul>\n\n<h2 class=\"wp-block-heading\">Jak naj\u00edt perfektn\u00ed zdravotn\u00ed obuv?<\/h2>\n\n<p>V\u00fdb\u011br spr\u00e1vn\u00e9 obuvi je investic\u00ed do va\u0161eho zdrav\u00ed a pohody. Zde je n\u011bkolik praktick\u00fdch rad, kter\u00e9 v\u00e1m pomohou u\u010dinit to nejlep\u0161\u00ed rozhodnut\u00ed: <\/p>\n\n<ol class=\"wp-block-list\">\n<li><strong>Dbejte na svou velikost &#8211;<\/strong> p\u0159\u00edli\u0161 t\u011bsn\u00e9 <strong>i<\/strong> p\u0159\u00edli\u0161 voln\u00e9 boty mohou zp\u016fsobovat od\u0159eniny, bolest a dokonce zvy\u0161ovat riziko zran\u011bn\u00ed. Abyste tomu p\u0159ede\u0161li, pe\u010dliv\u011b si zm\u011b\u0159te nohu a pou\u017eijte na\u0161i podrobnou tabulku velikost\u00ed, <\/li>\n\n\n\n<li><strong>P\u0159izp\u016fsobte model sv\u00fdm pot\u0159eb\u00e1m &#8211; pot\u0159ebujete<\/strong> maxim\u00e1ln\u00ed ventilaci v tepl\u00fdch dnech? Vyberte si lehk\u00e9 \u017eabky s nastaviteln\u00fdmi p\u00e1sky, kter\u00e9 umo\u017e\u0148uj\u00ed noze d\u00fdchat. Nebo mo\u017en\u00e1 hled\u00e1te v\u011bt\u0161\u00ed stabilitu pro sv\u016fj kotn\u00edk? Pod\u00edvejte se na vestav\u011bn\u00e9 modely zdravotn\u00ed obuvi. Ka\u017ed\u00fd st\u0159ih byl navr\u017een s ohledem na specifick\u00e9 po\u017eadavky pr\u00e1ce v pohybu,    <\/li>\n\n\n\n<li><strong>Vsa\u010fte na kvalitn\u00ed materi\u00e1ly &#8211; na\u0161e<\/strong> obuv je vyrobena z vysoce kvalitn\u00edch certifikovan\u00fdch materi\u00e1l\u016f. Nejen\u017ee se snadno \u010dist\u00ed a dezinfikuj\u00ed, ale jsou tak\u00e9 \u0161etrn\u00e9 k poko\u017ece. Ergonomick\u00fd design podporuje spr\u00e1vnou polohu chodidla a pom\u00e1h\u00e1 p\u0159edch\u00e1zet probl\u00e9m\u016fm s dr\u017een\u00edm t\u011bla.  <\/li>\n<\/ol>\n\n<h2 class=\"wp-block-heading\">Zdravotn\u00ed obuv Krakov &#8211; objednejte si pohodln\u011b s doru\u010den\u00edm dom\u016f<\/h2>\n\n<p>Nakupov\u00e1n\u00ed online na Med&amp;Beauty je \u0159e\u0161en\u00ed, kter\u00e9 v\u00e1m poskytne mnohem v\u00edce v\u00fdhod ne\u017e n\u00e1v\u0161t\u011bva kamenn\u00e9ho obchodu:<\/p>\n\n<ul class=\"wp-block-list\">\n<li><strong>kompletn\u00ed sortiment na jednom m\u00edst\u011b &#8211; m\u00e1te<\/strong> p\u0159\u00edstup ke v\u0161em model\u016fm, barv\u00e1m a velikostem, ani\u017e byste museli opustit sv\u016fj domov,<\/li>\n\n\n\n<li><strong>Pohodl\u00ed a \u00faspora \u010dasu &#8211;<\/strong> objedn\u00e1te <strong>si<\/strong>, kdykoli m\u00e1te \u010das &#8211; o p\u0159est\u00e1vce na k\u00e1vu nebo po n\u00e1vratu ze slu\u017eby,<\/li>\n\n\n\n<li><strong>Z\u00e1ruka rychl\u00e9ho dod\u00e1n\u00ed &#8211; va\u0161e<\/strong> nov\u00e1 pohodln\u00e1 zdravotn\u00ed obuv doraz\u00ed do Krakova expresn\u00edm tempem,<\/li>\n\n\n\n<li><strong>odborn\u00e1 podpora &#8211; m\u00e1te<\/strong> dotazy nebo obavy? N\u00e1\u0161 t\u00fdm v\u00e1m r\u00e1d pom\u016f\u017ee s v\u00fdb\u011brem ide\u00e1ln\u00edho modelu po telefonu nebo e-mailem. <\/li>\n<\/ul>\n\n<p>Nedovolte, aby nepohodln\u00e1 obuv ovlivnila va\u0161i pohodu a efektivitu v pr\u00e1ci. Pe\u010dujte o zdrav\u00ed sv\u00fdch nohou s pomoc\u00ed odborn\u00edk\u016f. Prozkoumejte na\u0161i kolekci zdravotn\u00ed obuvi a zm\u011b\u0148te sv\u016fj ka\u017edodenn\u00ed \u017eivot je\u0161t\u011b dnes!  <\/p>\n","protected":false},"excerpt":{"rendered":"<p>Zdravotn\u00ed obuv Krakov &#8211; najd\u011bte si perfektn\u00ed p\u00e1r online! Hled\u00e1te profesion\u00e1ln\u00ed zdravotn\u00ed obuv v Krakov\u011b? Pr\u00e1ce v neust\u00e1l\u00e9m pohybu a dlouh\u00e9 pracovn\u00ed pohotovosti zna\u010dn\u011b zat\u011b\u017euj\u00ed nohy. Pot\u0159ebujete obuv, kter\u00e1 v\u00e1m poskytne maxim\u00e1ln\u00ed pohodl\u00ed a ulev\u00ed unaven\u00fdm noh\u00e1m. P\u0159esto\u017ee v Krakov\u011b nem\u00e1me stacion\u00e1rn\u00ed prodejnu, nab\u00edz\u00edme n\u011bco mnohem pohodln\u011bj\u0161\u00edho. Na na\u0161ich webov\u00fdch str\u00e1nk\u00e1ch najdete \u0161irok\u00fd v\u00fdb\u011br \u0161pi\u010dkov\u00e9 [&hellip;]<\/p>\n","protected":false},"author":43705,"featured_media":0,"parent":0,"menu_order":0,"comment_status":"closed","ping_status":"closed","template":"","meta":{"_acf_changed":false,"inline_featured_image":false,"footnotes":""},"class_list":["post-681430","page","type-page","status-publish","hentry"],"acf":[],"_links":{"self":[{"href":"https:\/\/dev.medandbeauty.com\/cs\/wp-json\/wp\/v2\/pages\/681430","targetHints":{"allow":["GET"]}}],"collection":[{"href":"https:\/\/dev.medandbeauty.com\/cs\/wp-json\/wp\/v2\/pages"}],"about":[{"href":"https:\/\/dev.medandbeauty.com\/cs\/wp-json\/wp\/v2\/types\/page"}],"author":[{"embeddable":true,"href":"https:\/\/dev.medandbeauty.com\/cs\/wp-json\/wp\/v2\/users\/43705"}],"replies":[{"embeddable":true,"href":"https:\/\/dev.medandbeauty.com\/cs\/wp-json\/wp\/v2\/comments?post=681430"}],"version-history":[{"count":1,"href":"https:\/\/dev.medandbeauty.com\/cs\/wp-json\/wp\/v2\/pages\/681430\/revisions"}],"predecessor-version":[{"id":681431,"href":"https:\/\/dev.medandbeauty.com\/cs\/wp-json\/wp\/v2\/pages\/681430\/revisions\/681431"}],"wp:attachment":[{"href":"https:\/\/dev.medandbeauty.com\/cs\/wp-json\/wp\/v2\/media?parent=681430"}],"curies":[{"name":"wp","href":"https:\/\/api.w.org\/{rel}","templated":true}]}}