{"id":681353,"date":"2026-02-03T08:20:42","date_gmt":"2026-02-03T07:20:42","guid":{"rendered":"https:\/\/dev.medandbeauty.com\/zdravotni-obuv-wroclaw\/"},"modified":"2026-02-03T08:21:39","modified_gmt":"2026-02-03T07:21:39","slug":"zdravotni-obuv-wroclaw","status":"publish","type":"page","link":"https:\/\/dev.medandbeauty.com\/cs\/zdravotni-obuv-wroclaw\/","title":{"rendered":"Zdravotn\u00ed obuv Wroc\u0142aw"},"content":{"rendered":"\n<h2 class=\"wp-block-heading\">Hled\u00e1te zdravotn\u00ed obuv ve Vratislavi? M\u00e1me pro v\u00e1s lep\u0161\u00ed \u0159e\u0161en\u00ed! <\/h2>\n\n<p>Pracujete ve zdravotnictv\u00ed nebo kosmetice ve Vratislavi a sn\u00edte o bot\u00e1ch, kter\u00e9 s v\u00e1mi udr\u017e\u00ed krok? Konec dlouh\u00e9 pracovn\u00ed pohotovosti nemus\u00ed v\u017edy znamenat bolav\u00e9 nohy, otoky a pocit t\u00edhy. Neztr\u00e1cejte \u010das hled\u00e1n\u00edm na n\u00e1dra\u017e\u00edch a objevte dokonalou <strong>l\u00e9ka\u0159skou obuv u Med&amp;Beauty<\/strong>. Objednejte si je s pohodln\u00fdm a rychl\u00fdm doru\u010den\u00edm proste k va\u0161im dve\u0159\u00edm ve Vratislavi.   <\/p>\n\n<p>Na\u0161\u00edm posl\u00e1n\u00edm je poskytnout v\u00e1m nejen \u00falevu, ale tak\u00e9 energii k celodenn\u00edmu v\u00fdkonu. Kdy\u017e si koup\u00edte profesion\u00e1ln\u00ed obuv, investujete do sv\u00e9ho zdrav\u00ed, pohodl\u00ed a pohody. <\/p>\n\n<h2 class=\"wp-block-heading\">C\u00edt\u00edte rozd\u00edl na ka\u017ed\u00e9m kroku &#8211; hlavn\u00ed v\u00fdhody<\/h2>\n\n<p>Zapome\u0148te na kompromisy mezi pohodl\u00edm a vzhledem. Na\u0161e zdravotn\u00ed obuv je dokonalou kombinac\u00ed modern\u00ed estetiky a v\u00fdjime\u010dn\u00e9 funk\u010dnosti. <\/p>\n\n<ul class=\"wp-block-list\">\n<li><strong>Celodenn\u00ed pohodl\u00ed a \u00faleva pro va\u0161e nohy &#8211;<\/strong> u\u017e <strong>\u017e\u00e1dn\u00e1<\/strong> bolest po n\u011bkolika hodin\u00e1ch v pohotovosti! D\u00edky ergonomick\u00fdm tvarovan\u00fdm st\u00e9lk\u00e1m a vynikaj\u00edc\u00edmu odpru\u017een\u00ed na\u0161e boty podr\u017e\u00ed va\u0161e nohy a sn\u00ed\u017e\u00ed tak z\u00e1t\u011b\u017e p\u00e1te\u0159e a kloub\u016f. D\u00edky nim poc\u00edt\u00edte lehkost, o kter\u00e9 sn\u00edte.  <\/li>\n\n\n\n<li><strong>Bezpe\u010dnost a jistota &#8211; pohybujte se<\/strong> dynamicky a beze strachu. Protiskluzov\u00e1 podr\u00e1\u017eka zaji\u0161\u0165uje maxim\u00e1ln\u00ed p\u0159ilnavost na jak\u00e9mkoli povrchu a chr\u00e1n\u00ed v\u00e1s p\u0159ed nep\u0159edv\u00eddateln\u00fdmi situacemi. Va\u0161e bezpe\u010dnost je pro n\u00e1s prioritou.  <\/li>\n\n\n\n<li><strong>Styl, kter\u00fd v\u00e1m dokonale padne &#8211; kdo<\/strong> \u0159ekl, \u017ee l\u00e9ka\u0159sk\u00e1 obuv mus\u00ed b\u00fdt nudn\u00e1? Nab\u00edz\u00edme \u0161irokou \u0161k\u00e1lu st\u0159ih\u016f a barev a bo\u0159\u00edme tak stereotypy. Sla\u010fte obuv se sv\u00fdmi obl\u00edben\u00fdmi l\u00e9ka\u0159sk\u00fdmi k\u0159ovinami a vytvo\u0159te si profesion\u00e1ln\u00ed a z\u00e1rove\u0148 stylov\u00fd vzhled.  <\/li>\n\n\n\n<li><strong>Hygiena a sv\u011b\u017eest po cel\u00fd den &#8211;<\/strong> boty <strong>jsou vyrobeny<\/strong> z vysoce kvalitn\u00edch prody\u0161n\u00fdch materi\u00e1l\u016f a zaji\u0161\u0165uj\u00ed vynikaj\u00edc\u00ed cirkulaci vzduchu. Nav\u00edc se velmi snadno \u010dist\u00ed a dezinfikuj\u00ed, co\u017e je pro va\u0161i pr\u00e1ci z\u00e1sadn\u00ed. <\/li>\n<\/ul>\n\n<h2 class=\"wp-block-heading\">Zdravotnick\u00e1 obuv ve Vratislavi? Objedn\u00e1vejte online na Med&amp;Beauty! <\/h2>\n\n<p>P\u0159esto\u017ee ve Vratislavi zat\u00edm nem\u00e1me kamennou prodejnu, postarali jsme se o to, aby pro v\u00e1s nakupov\u00e1n\u00ed online bylo pot\u011b\u0161en\u00edm. Pro\u010d n\u00e1m v\u011b\u0159it?<\/p>\n\n<ul class=\"wp-block-list\">\n<li><strong>Rychl\u00e9 a bezprobl\u00e9mov\u00e9 doru\u010den\u00ed &#8211; va\u0161e<\/strong> vysn\u011bn\u00e1 zdravotn\u00ed obuv doraz\u00ed na v\u00e1mi zvolenou adresu ve Vratislavi expresn\u00edm tempem.<\/li>\n\n\n\n<li><strong>P\u0159esn\u00e9 tabulky velikost\u00ed &#8211; m\u00e1te<\/strong> pochybnosti o sv\u00e9 velikosti? Na\u0161e podrobn\u00e9 tabulky velikost\u00ed a kalkula\u010dky v\u00e1m pomohou s dokonal\u00fdm v\u00fdb\u011brem. A pokud budete pot\u0159ebovat pomoc, n\u00e1\u0161 t\u00fdm je v\u00e1m k dispozici!  <\/li>\n\n\n\n<li><strong>A\u017e 100 dn\u00ed na vr\u00e1cen\u00ed &#8211; nakupujte<\/strong> bez rizika! Pokud obuv nespln\u00ed va\u0161e o\u010dek\u00e1v\u00e1n\u00ed, m\u00e1te a\u017e 100 dn\u00ed na jej\u00ed vr\u00e1cen\u00ed. <\/li>\n<\/ul>\n\n<h2 class=\"wp-block-heading\">Pro koho je na\u0161e obuv ur\u010dena?<\/h2>\n\n<p>Na\u0161e zdravotn\u00ed obuv je ide\u00e1ln\u00edm \u0159e\u0161en\u00edm pro v\u0161echny profesion\u00e1ly ve Vratislavi, kte\u0159\u00ed tr\u00e1v\u00ed mnoho hodin na nohou. Doporu\u010dujeme je zejm\u00e9na pro: <\/p>\n\n<ul class=\"wp-block-list\">\n<li>l\u00e9ka\u0159i, zdravotn\u00edmi sestrami a l\u00e9ka\u0159i,<\/li>\n\n\n\n<li>fyzioterapeut\u016f a fyzioterapeut\u016f,<\/li>\n\n\n\n<li>laboratorn\u00ed pracovn\u00edci a l\u00e9k\u00e1rn\u00edci,<\/li>\n\n\n\n<li>kosmetick\u00fd a l\u00e1ze\u0148sk\u00fd person\u00e1l,<\/li>\n\n\n\n<li>student\u016f medic\u00edny,<\/li>\n\n\n\n<li>ka\u017ed\u00fd, kdo si cen\u00ed zdrav\u00ed a pohodl\u00ed sv\u00fdch nohou p\u0159i pr\u00e1ci.<\/li>\n<\/ul>\n\n<p>Va\u0161e nohy si zaslou\u017e\u00ed to nejlep\u0161\u00ed &#8211; nedovolte, aby v\u00e1s nepohodl\u00ed p\u0159ipravilo o spokojenost s prac\u00ed! Prohl\u00e9dn\u011bte si na\u0161i kolekci zdravotnick\u00e9 obuvi a p\u0159ipojte se k \u0159ad\u011b spokojen\u00fdch profesion\u00e1l\u016f, kte\u0159\u00ed se rozhodli pro pohodl\u00ed a styl s Med&amp;Beauty. <\/p>\n\n<p>Objevte celou kolekci jedine\u010dn\u00e9ho oble\u010den\u00ed a objednejte si ho s doru\u010den\u00edm do Wroclawi!<\/p>\n","protected":false},"excerpt":{"rendered":"<p>Hled\u00e1te zdravotn\u00ed obuv ve Vratislavi? M\u00e1me pro v\u00e1s lep\u0161\u00ed \u0159e\u0161en\u00ed! Pracujete ve zdravotnictv\u00ed nebo kosmetice ve Vratislavi a sn\u00edte o bot\u00e1ch, kter\u00e9 s v\u00e1mi udr\u017e\u00ed krok? Konec dlouh\u00e9 pracovn\u00ed pohotovosti nemus\u00ed v\u017edy znamenat bolav\u00e9 nohy, otoky a pocit t\u00edhy. Neztr\u00e1cejte \u010das hled\u00e1n\u00edm na n\u00e1dra\u017e\u00edch a objevte dokonalou l\u00e9ka\u0159skou obuv u Med&amp;Beauty. Objednejte si je s [&hellip;]<\/p>\n","protected":false},"author":43705,"featured_media":0,"parent":0,"menu_order":0,"comment_status":"closed","ping_status":"closed","template":"","meta":{"_acf_changed":false,"inline_featured_image":false,"footnotes":""},"class_list":["post-681353","page","type-page","status-publish","hentry"],"acf":[],"_links":{"self":[{"href":"https:\/\/dev.medandbeauty.com\/cs\/wp-json\/wp\/v2\/pages\/681353","targetHints":{"allow":["GET"]}}],"collection":[{"href":"https:\/\/dev.medandbeauty.com\/cs\/wp-json\/wp\/v2\/pages"}],"about":[{"href":"https:\/\/dev.medandbeauty.com\/cs\/wp-json\/wp\/v2\/types\/page"}],"author":[{"embeddable":true,"href":"https:\/\/dev.medandbeauty.com\/cs\/wp-json\/wp\/v2\/users\/43705"}],"replies":[{"embeddable":true,"href":"https:\/\/dev.medandbeauty.com\/cs\/wp-json\/wp\/v2\/comments?post=681353"}],"version-history":[{"count":1,"href":"https:\/\/dev.medandbeauty.com\/cs\/wp-json\/wp\/v2\/pages\/681353\/revisions"}],"predecessor-version":[{"id":681355,"href":"https:\/\/dev.medandbeauty.com\/cs\/wp-json\/wp\/v2\/pages\/681353\/revisions\/681355"}],"wp:attachment":[{"href":"https:\/\/dev.medandbeauty.com\/cs\/wp-json\/wp\/v2\/media?parent=681353"}],"curies":[{"name":"wp","href":"https:\/\/api.w.org\/{rel}","templated":true}]}}