{"id":681341,"date":"2026-02-03T08:18:14","date_gmt":"2026-02-03T07:18:14","guid":{"rendered":"https:\/\/dev.medandbeauty.com\/zdravotnicka-obuv-lublin-najdete-perfektni-obuv-pro-profesionaly\/"},"modified":"2026-02-03T09:09:49","modified_gmt":"2026-02-03T08:09:49","slug":"zdravotnicka-obuv-lublin-najdete-perfektni-obuv-pro-profesionaly","status":"publish","type":"page","link":"https:\/\/dev.medandbeauty.com\/cs\/zdravotnicka-obuv-lublin-najdete-perfektni-obuv-pro-profesionaly\/","title":{"rendered":"Zdravotn\u00ed obuv Lublin"},"content":{"rendered":"\n<p>Pracujete ve zdravotnictv\u00ed nebo kosmetick\u00e9m pr\u016fmyslu v Lublinu a tr\u00e1v\u00edte dlouh\u00e9 hodiny na nohou? Va\u0161e nohy si zaslou\u017e\u00ed nejvy\u0161\u0161\u00ed \u00farove\u0148 pohodl\u00ed a podpory. Dobr\u00e1 zdravotn\u00ed obuv nen\u00ed luxus, ale z\u00e1klad va\u0161\u00ed pohody a v\u00fdkonnosti po cel\u00fd pracovn\u00ed den. Je to investice do zdrav\u00ed va\u0161\u00ed p\u00e1te\u0159e, kloub\u016f a chodidel, kter\u00e1 v\u00e1m umo\u017en\u00ed soust\u0159edit se na to nejd\u016fle\u017eit\u011bj\u0161\u00ed &#8211; na va\u0161e pacienty a klienty.   <\/p>\n\n<h2 class=\"wp-block-heading\">Kde koupit zdravotn\u00ed obuv v Lublinu? Vsa\u010fte na pohodl\u00ed online nakupov\u00e1n\u00ed! <\/h2>\n\n<p>Pokud zad\u00e1te<strong>do<\/strong>vyhled\u00e1va\u010de heslo &#8222;<strong>zdravotn\u00ed obuv Lublin&#8220;<\/strong>, jist\u011b najdete n\u011bkolik stacion\u00e1rn\u00edch zdravotnick\u00fdch prodejen. Je v\u0161ak jejich nab\u00eddka schopna uspokojit va\u0161e pot\u0159eby z hlediska v\u00fdb\u011bru, kvality a modern\u00ed estetiky? M\u00edsto ztr\u00e1ty \u010dasu doj\u00ed\u017ed\u011bn\u00edm zvolte pohodln\u011bj\u0161\u00ed \u0159e\u0161en\u00ed!  <\/p>\n\n<p>V internetov\u00e9m obchod\u011b Med&amp;Beauty najdete \u0161irok\u00fd sortiment profesion\u00e1ln\u00ed zdravotn\u00ed obuvi. M\u016f\u017eete si zde zakoupit modely sv\u00fdch sn\u016f a vyu\u017e\u00edt rychl\u00e9ho doru\u010den\u00ed p\u0159\u00edmo k v\u00e1m dom\u016f nebo na pracovi\u0161t\u011b v Lublinu. <\/p>\n\n<p>Kdy\u017e nakupujete online u Med&amp;Beauty, m\u00e1te jistotu:<\/p>\n\n<ul class=\"wp-block-list\">\n<li><strong>\u0161irok\u00fd v\u00fdb\u011br &#8211; prohl\u00e9dn\u011bte si<\/strong> des\u00edtky model\u016f, barev a st\u0159ih\u016f na jednom m\u00edst\u011b, ani\u017e byste museli opustit sv\u016fj domov. Nab\u00edz\u00edme mnohem \u0161ir\u0161\u00ed sortiment ne\u017e v\u011bt\u0161ina kamenn\u00fdch obchod\u016f, <\/li>\n\n\n\n<li><strong>\u00faspora \u010dasu &#8211; objednejte<\/strong> si perfektn\u00ed zdravotn\u00ed obuv b\u011bhem n\u011bkolika minut, v kteroukoli denn\u00ed \u010di no\u010dn\u00ed dobu,<\/li>\n\n\n\n<li><strong>podrobn\u00e9 informace &#8211; u ka\u017ed\u00e9ho<\/strong> produktu je uveden podrobn\u00fd popis, fotografie a p\u0159esn\u00e1 tabulka velikost\u00ed, co\u017e usnad\u0148uje rozhodov\u00e1n\u00ed,<\/li>\n\n\n\n<li><strong>doru\u010den\u00ed po cel\u00e9m Polsku &#8211; a\u0165 u\u017e<\/strong> bydl\u00edte v centru Lublinu, nebo na jeho okraji, doru\u010d\u00edme va\u0161i objedn\u00e1vku rychle a efektivn\u011b.<\/li>\n<\/ul>\n\n<h2 class=\"wp-block-heading\">Pro\u010d je dobr\u00e1 zdravotn\u00ed obuv nezbytn\u00e1?<\/h2>\n\n<p>Spr\u00e1vn\u00e9 boty jsou kl\u00ed\u010dovou sou\u010d\u00e1st\u00ed va\u0161eho pracovn\u00edho oble\u010den\u00ed. Jsou to pr\u00e1v\u011b ony, kter\u00e9 snesou z\u00e1t\u011b\u017e b\u011bhem dlouh\u00fdch hodin ve slu\u017eb\u011b. Investic\u00ed do kvalitn\u00ed zdravotn\u00ed obuvi si zajist\u00edte:  <\/p>\n\n<ul class=\"wp-block-list\">\n<li><strong>pohodl\u00ed a sn\u00ed\u017een\u00ed \u00fanavy &#8211; ergonomicky<\/strong> tvarovan\u00e9 st\u00e9lky a odpru\u017een\u00e9 podr\u00e1\u017eky sni\u017euj\u00ed tlak na chodidla, kolena a p\u00e1te\u0159, minimalizuj\u00ed bolest a pocit t\u011b\u017ek\u00fdch nohou,<\/li>\n\n\n\n<li><strong>Bezpe\u010dnost &#8211;<\/strong> protiskluzov\u00e1 <strong>podr\u00e1\u017eka<\/strong> je v dynamick\u00e9m pracovn\u00edm prost\u0159ed\u00ed naprostou nezbytnost\u00ed. Sni\u017euje riziko uklouznut\u00ed a p\u00e1du, <\/li>\n\n\n\n<li><strong>podpora zdrav\u00ed nohou &#8211; profesion\u00e1ln\u00ed<\/strong> obuv pom\u00e1h\u00e1 p\u0159edch\u00e1zet ortopedick\u00fdm probl\u00e9m\u016fm, jako jsou ploch\u00e9 nohy, hallux valgus nebo bolesti kloub\u016f,<\/li>\n\n\n\n<li><strong>hygiena &#8211; na\u0161e<\/strong> obuv je vyrobena z materi\u00e1l\u016f, kter\u00e9 se snadno \u010dist\u00ed a dezinfikuj\u00ed, co\u017e je ve zdravotnick\u00fdch za\u0159\u00edzen\u00edch a kosmetick\u00fdch salonech velmi d\u016fle\u017eit\u00e9.<\/li>\n<\/ul>\n\n<h2 class=\"wp-block-heading\">Jak vybrat nejlep\u0161\u00ed zdravotn\u00ed obuv? Kl\u00ed\u010dov\u00e9 vlastnosti <\/h2>\n\n<p>P\u0159i v\u00fdb\u011bru dokonal\u00fdch bot v\u011bnujte pozornost n\u011bkolika d\u016fle\u017eit\u00fdm prvk\u016fm. Jedn\u00e1 se o p\u0159ednosti, kter\u00e9 prokazuj\u00ed jejich kvalitu a funk\u010dnost: <\/p>\n\n<ol class=\"wp-block-list\">\n<li><strong>Materi\u00e1l &#8211; volte<\/strong> prody\u0161n\u00e9 a z\u00e1rove\u0148 odoln\u00e9 tkaniny. Kvalitn\u00ed k\u016f\u017ee nebo modern\u00ed syntetika zaji\u0161\u0165uj\u00ed dostate\u010dnou cirkulaci vzduchu a jsou odoln\u00e9 v\u016f\u010di \u010dast\u00e9mu \u010di\u0161t\u011bn\u00ed, <\/li>\n\n\n\n<li><strong>podr\u00e1\u017eka &#8211; mus\u00ed<\/strong> b\u00fdt pru\u017en\u00e1 a protiskluzov\u00e1. Je dobr\u00e9, pokud m\u00e1 tlumic\u00ed vlastnosti, kter\u00e9 tlum\u00ed n\u00e1razy p\u0159i ch\u016fzi po tvrd\u00e9m povrchu, <\/li>\n\n\n\n<li><strong>st\u0159ih a ergonomie &#8211; obuv<\/strong> by m\u011bla b\u00fdt lehk\u00e1 a dokonale p\u0159izp\u016fsoben\u00e1 tvaru nohy. Anatomicky profilovan\u00e1 st\u00e9lka, kter\u00e1 podporuje klenbu chodidla, je z\u00e1rukou pohodl\u00ed po mnoho hodin, <\/li>\n\n\n\n<li><strong>funk\u010dnost &#8211; mo\u017enost<\/strong> nastaven\u00ed (nap\u0159. pomoc\u00ed p\u00e1sku na pat\u011b) umo\u017e\u0148uje je\u0161t\u011b lep\u0161\u00ed p\u0159izp\u016fsoben\u00ed obuvi a zabra\u0148uje jej\u00edmu sklouz\u00e1v\u00e1n\u00ed.<\/li>\n<\/ol>\n\n<p>Ned\u011blejte kompromisy ve sv\u00e9m pohodl\u00ed a profesion\u00e1ln\u00ed image! Ve spole\u010dnosti Med&amp;Beauty rozum\u00edme pot\u0159eb\u00e1m profesion\u00e1l\u016f a nab\u00edz\u00edme v\u00fdrobky, kter\u00e9 kombinuj\u00ed funk\u010dnost, \u0161pi\u010dkovou kvalitu zpracov\u00e1n\u00ed a modern\u00ed vzhled. V na\u0161em obchod\u011b najdete nejen zdravotnickou obuv, ale tak\u00e9 \u0161irokou nab\u00eddku zdravotnick\u00fdch od\u011bv\u016f &#8211; v\u010detn\u011b \u0161at\u016f, halenek, kalhot a z\u00e1st\u011br. V\u0161echny tyto polo\u017eky v\u00e1m pomohou vytvo\u0159it kompletn\u00ed, pohodlnou a stylovou uniformu.   <\/p>\n\n<p>Zveme v\u00e1s, abyste si prohl\u00e9dli na\u0161i nab\u00eddku. Zjist\u011bte, jak snadno a rychle si m\u016f\u017eete objednat profesion\u00e1ln\u00ed zdravotn\u00ed obuv, kter\u00e1 zm\u011bn\u00ed komfort va\u0161\u00ed pr\u00e1ce! <\/p>\n","protected":false},"excerpt":{"rendered":"<p>Pracujete ve zdravotnictv\u00ed nebo kosmetick\u00e9m pr\u016fmyslu v Lublinu a tr\u00e1v\u00edte dlouh\u00e9 hodiny na nohou? Va\u0161e nohy si zaslou\u017e\u00ed nejvy\u0161\u0161\u00ed \u00farove\u0148 pohodl\u00ed a podpory. Dobr\u00e1 zdravotn\u00ed obuv nen\u00ed luxus, ale z\u00e1klad va\u0161\u00ed pohody a v\u00fdkonnosti po cel\u00fd pracovn\u00ed den. Je to investice do zdrav\u00ed va\u0161\u00ed p\u00e1te\u0159e, kloub\u016f a chodidel, kter\u00e1 v\u00e1m umo\u017en\u00ed soust\u0159edit se na to [&hellip;]<\/p>\n","protected":false},"author":43705,"featured_media":0,"parent":0,"menu_order":0,"comment_status":"closed","ping_status":"closed","template":"","meta":{"_acf_changed":false,"inline_featured_image":false,"footnotes":""},"class_list":["post-681341","page","type-page","status-publish","hentry"],"acf":[],"_links":{"self":[{"href":"https:\/\/dev.medandbeauty.com\/cs\/wp-json\/wp\/v2\/pages\/681341","targetHints":{"allow":["GET"]}}],"collection":[{"href":"https:\/\/dev.medandbeauty.com\/cs\/wp-json\/wp\/v2\/pages"}],"about":[{"href":"https:\/\/dev.medandbeauty.com\/cs\/wp-json\/wp\/v2\/types\/page"}],"author":[{"embeddable":true,"href":"https:\/\/dev.medandbeauty.com\/cs\/wp-json\/wp\/v2\/users\/43705"}],"replies":[{"embeddable":true,"href":"https:\/\/dev.medandbeauty.com\/cs\/wp-json\/wp\/v2\/comments?post=681341"}],"version-history":[{"count":2,"href":"https:\/\/dev.medandbeauty.com\/cs\/wp-json\/wp\/v2\/pages\/681341\/revisions"}],"predecessor-version":[{"id":681444,"href":"https:\/\/dev.medandbeauty.com\/cs\/wp-json\/wp\/v2\/pages\/681341\/revisions\/681444"}],"wp:attachment":[{"href":"https:\/\/dev.medandbeauty.com\/cs\/wp-json\/wp\/v2\/media?parent=681341"}],"curies":[{"name":"wp","href":"https:\/\/api.w.org\/{rel}","templated":true}]}}