{"id":626175,"date":"2025-11-27T12:26:45","date_gmt":"2025-11-27T11:26:45","guid":{"rendered":"https:\/\/dev.medandbeauty.com\/mista-medbeauty\/"},"modified":"2026-02-03T09:10:31","modified_gmt":"2026-02-03T08:10:31","slug":"mista-medbeauty","status":"publish","type":"page","link":"https:\/\/dev.medandbeauty.com\/cs\/mista-medbeauty\/","title":{"rendered":"M\u00edsta Med&amp;Beauty"},"content":{"rendered":"\n<p>Hled\u00e1te ve sv\u00e9m m\u011bst\u011b kvalitn\u00ed zdravotnick\u00e9 oble\u010den\u00ed? A\u0165 u\u017e m\u00e1te z\u00e1jem o zdravotnick\u00e9 od\u011bvy z <strong>Vratislavi,<\/strong> zdravotnick\u00e9 od\u011bvy z <strong>Krakova, zdravotnick\u00e9<\/strong> od\u011bvy z <strong>Var\u0161avy, Poznan\u011b,<\/strong> <strong>Gda\u0148sku nebo z jak\u00e9hokoli<\/strong> <strong>jin\u00e9ho m\u011bsta<\/strong> v Polsku &#8211; v Med&amp;Beauty m\u016f\u017eete pohodln\u011b nakoupit profesion\u00e1ln\u00ed zdravotnick\u00e9 od\u011bvy online s dod\u00e1n\u00edm po cel\u00e9 zemi. <\/p>\n\n<p>N\u00e1\u0161 sortiment je ur\u010den l\u00e9ka\u0159\u016fm, zdravotn\u00edm sestr\u00e1m, kosmeti\u010dk\u00e1m, fyzioterapeut\u016fm a v\u0161em l\u00e9ka\u0159sk\u00fdm a kosmetick\u00fdm pracovn\u00edk\u016fm, kte\u0159\u00ed ocen\u00ed modern\u00ed design, pohodl\u00ed p\u0159i no\u0161en\u00ed a vysokou kvalitu zpracov\u00e1n\u00ed. D\u00edky online prodeji zaji\u0161\u0165ujeme p\u0159\u00edstup ke kompletn\u00edmu sortimentu bez ohledu na lokalitu &#8211; ve velk\u00fdch m\u011bstech i men\u0161\u00edch obc\u00edch. <\/p>\n\n<p><a href=\"https:\/\/dev.medandbeauty.com\/cs\/zdravotnicke-odevy-varsava-2\/\" data-type=\"link\" data-id=\"https:\/\/dev.medandbeauty.com\/odziez-medyczna-poznan-2\/\">Zdravotnick\u00e9 oble\u010den\u00ed Pozna\u0148<\/a><\/p>\n\n<p><a href=\"https:\/\/dev.medandbeauty.com\/cs\/kosmeticke-zastery-poznan\/\">Kosmetick\u00e9 z\u00e1st\u011bry Pozna\u0148<\/a><\/p>\n\n<p><a href=\"https:\/\/dev.medandbeauty.com\/cs\/zdravotnicke-zastery-poznan\/\">Zdravotnick\u00e9 z\u00e1st\u011bry Pozna\u0148<\/a><\/p>\n\n<p><a href=\"https:\/\/dev.medandbeauty.com\/cs\/laboratorni-souprava-poznan\/\">Laboratorn\u00ed souprava Pozna\u0148<\/a><\/p>\n\n<p><a href=\"https:\/\/dev.medandbeauty.com\/cs\/laboratorni-zastera-poznan\/\">Laboratorn\u00ed z\u00e1st\u011bra Pozna\u0148<\/a><\/p>\n\n<p><a href=\"https:\/\/dev.medandbeauty.com\/cs\/zdravotnicke-odevy-varsava-3\/\">Zdravotnick\u00e9 od\u011bvy \u0160t\u011bt\u00edn<\/a><\/p>\n\n<p><a href=\"https:\/\/dev.medandbeauty.com\/cs\/zdravotnicke-odevy-varsava-4\/\">Zdravotnick\u00e9 od\u011bvy Wroc\u0142aw<\/a><\/p>\n\n<p><a href=\"https:\/\/dev.medandbeauty.com\/cs\/laboratorni-zastera-wroclaw\/\">Laboratorn\u00ed z\u00e1st\u011bra Wroc\u0142aw<\/a><\/p>\n\n<p><a href=\"https:\/\/dev.medandbeauty.com\/cs\/laboratorni-zastera-varsava\/\">Laboratorn\u00ed z\u00e1st\u011bra Var\u0161ava<\/a><\/p>\n\n<p><a href=\"https:\/\/dev.medandbeauty.com\/cs\/zdravotnicke-odevy-bydgoszcz\/\">Zdravotnick\u00e9 od\u011bvy Bydgoszcz<\/a><\/p>\n\n<p><a href=\"https:\/\/dev.medandbeauty.com\/cs\/zdravotnicke-obleceni-bialystok\/\">Zdravotnick\u00e9 oble\u010den\u00ed Bialystok<\/a><\/p>\n\n<p><a href=\"https:\/\/dev.medandbeauty.com\/cs\/zdravotnicke-odevy-torun\/\">Zdravotnick\u00e9 od\u011bvy Toru\u0148<\/a><\/p>\n\n<p><a href=\"https:\/\/dev.medandbeauty.com\/cs\/zdravotnicke-odevy-olsztyn\/\">Zdravotnick\u00e9 od\u011bvy Olsztyn<\/a><\/p>\n\n<p><a href=\"https:\/\/dev.medandbeauty.com\/cs\/zdravotnicke-odevy-opole\/\">Zdravotnick\u00e9 od\u011bvy Opole<\/a><\/p>\n\n<p><a href=\"https:\/\/dev.medandbeauty.com\/cs\/laboratorni-zastera-gliwice\/\">Laboratorn\u00ed z\u00e1st\u011bra Gliwice<\/a> <\/p>\n\n<p><a href=\"https:\/\/dev.medandbeauty.com\/cs\/laboratorni-zastera-gdynia\/\">Laboratorn\u00ed z\u00e1st\u011bra Gdynia<\/a><\/p>\n\n<p><a href=\"https:\/\/dev.medandbeauty.com\/cs\/zdravotnicka-obuv-lublin-najdete-perfektni-obuv-pro-profesionaly\/\">Zdravotn\u00ed obuv Lublin<\/a><\/p>\n\n<p><a href=\"https:\/\/dev.medandbeauty.com\/cs\/zdravotni-obuv-wroclaw\/\">Zdravotn\u00ed obuv Wroc\u0142aw  <\/a><\/p>\n\n<p><a href=\"https:\/\/dev.medandbeauty.com\/cs\/zdravotni-obuv-krakov\/\">Zdravotn\u00ed obuv Krakov<\/a><\/p>\n\n<p><\/p>\n","protected":false},"excerpt":{"rendered":"<p>Hled\u00e1te ve sv\u00e9m m\u011bst\u011b kvalitn\u00ed zdravotnick\u00e9 oble\u010den\u00ed? A\u0165 u\u017e m\u00e1te z\u00e1jem o zdravotnick\u00e9 od\u011bvy z Vratislavi, zdravotnick\u00e9 od\u011bvy z Krakova, zdravotnick\u00e9 od\u011bvy z Var\u0161avy, Poznan\u011b, Gda\u0148sku nebo z jak\u00e9hokoli jin\u00e9ho m\u011bsta v Polsku &#8211; v Med&amp;Beauty m\u016f\u017eete pohodln\u011b nakoupit profesion\u00e1ln\u00ed zdravotnick\u00e9 od\u011bvy online s dod\u00e1n\u00edm po cel\u00e9 zemi. N\u00e1\u0161 sortiment je ur\u010den l\u00e9ka\u0159\u016fm, zdravotn\u00edm sestr\u00e1m, [&hellip;]<\/p>\n","protected":false},"author":43705,"featured_media":0,"parent":0,"menu_order":0,"comment_status":"closed","ping_status":"closed","template":"","meta":{"_acf_changed":false,"inline_featured_image":false,"footnotes":""},"class_list":["post-626175","page","type-page","status-publish","hentry"],"acf":[],"_links":{"self":[{"href":"https:\/\/dev.medandbeauty.com\/cs\/wp-json\/wp\/v2\/pages\/626175","targetHints":{"allow":["GET"]}}],"collection":[{"href":"https:\/\/dev.medandbeauty.com\/cs\/wp-json\/wp\/v2\/pages"}],"about":[{"href":"https:\/\/dev.medandbeauty.com\/cs\/wp-json\/wp\/v2\/types\/page"}],"author":[{"embeddable":true,"href":"https:\/\/dev.medandbeauty.com\/cs\/wp-json\/wp\/v2\/users\/43705"}],"replies":[{"embeddable":true,"href":"https:\/\/dev.medandbeauty.com\/cs\/wp-json\/wp\/v2\/comments?post=626175"}],"version-history":[{"count":2,"href":"https:\/\/dev.medandbeauty.com\/cs\/wp-json\/wp\/v2\/pages\/626175\/revisions"}],"predecessor-version":[{"id":681454,"href":"https:\/\/dev.medandbeauty.com\/cs\/wp-json\/wp\/v2\/pages\/626175\/revisions\/681454"}],"wp:attachment":[{"href":"https:\/\/dev.medandbeauty.com\/cs\/wp-json\/wp\/v2\/media?parent=626175"}],"curies":[{"name":"wp","href":"https:\/\/api.w.org\/{rel}","templated":true}]}}