{"id":624631,"date":"2025-11-27T14:45:27","date_gmt":"2025-11-27T13:45:27","guid":{"rendered":"https:\/\/dev.medandbeauty.com\/laboratorni-zastera-wroclaw\/"},"modified":"2025-11-27T14:46:42","modified_gmt":"2025-11-27T13:46:42","slug":"laboratorni-zastera-wroclaw","status":"publish","type":"page","link":"https:\/\/dev.medandbeauty.com\/cs\/laboratorni-zastera-wroclaw\/","title":{"rendered":"Laboratorn\u00ed z\u00e1st\u011bra Wroc\u0142aw"},"content":{"rendered":"\n<p>Pokud se rozhodnete nakoupit v na\u0161em obchod\u011b, vyb\u00edr\u00e1te si produkt navr\u017een\u00fd s ohledem na pot\u0159eby profesion\u00e1l\u016f. M\u00edsto toho, abyste byli omezeni na m\u00edstn\u00ed sortiment, z\u00edsk\u00e1te p\u0159\u00edstup k od\u011bv\u016fm vytvo\u0159en\u00fdm s v\u00e1\u0161n\u00ed a testovan\u00fdm profesion\u00e1ly. Pro\u010d byste m\u011bli vsadit na na\u0161e oble\u010den\u00ed?  <\/p>\n\n<ul class=\"wp-block-list\">\n<li><strong>Poci\u0165te jedine\u010dn\u00e9 pohodl\u00ed &#8211; na\u0161e<\/strong> z\u00e1st\u011bry jsou u\u0161ity z vysoce kvalitn\u00edch, prody\u0161n\u00fdch tkanin, kter\u00e9 zaji\u0161\u0165uj\u00ed tepeln\u00fd komfort po cel\u00fd den. Elastick\u00e1 vl\u00e1kna zaru\u010duj\u00ed naprostou volnost pohybu a tkanina je odoln\u00e1 proti poma\u010dk\u00e1n\u00ed. D\u00edky tomu budete v\u017edy vypadat upraven\u011b a profesion\u00e1ln\u011b.  <\/li>\n\n\n\n<li><strong>Vypadejte profesion\u00e1ln\u011b, ci\u0165te se sebev\u011bdom\u011b &#8211; zapome\u0148te na<\/strong> neforemn\u00e9 a nepohodln\u00e9 \u0161aty! Nab\u00edz\u00edme d\u00e1msk\u00e9 a p\u00e1nsk\u00e9 l\u00e9ka\u0159sk\u00e9 z\u00e1st\u011bry modern\u00edch, m\u00edrn\u011b vypasovan\u00fdch st\u0159ih\u016f. Tyto od\u011bvy zd\u016fraz\u0148uj\u00ed siluetu a pom\u00e1haj\u00ed budovat profesion\u00e1ln\u00ed image.  <\/li>\n\n\n\n<li><strong>Funk\u010dnost v ka\u017ed\u00e9m detailu &#8211; v\u00edme<\/strong>, jak d\u016fle\u017eit\u00e1 je prakti\u010dnost. Na\u0161e z\u00e1st\u011bry jsou vybaveny prostorn\u00fdmi, strategicky um\u00edst\u011bn\u00fdmi kapsami na nezbytn\u00e9 p\u0159\u00edslu\u0161enstv\u00ed. Odoln\u00e9 zap\u00edn\u00e1n\u00ed na druky usnad\u0148uje jejich rychl\u00e9 obl\u00e9k\u00e1n\u00ed a svl\u00e9k\u00e1n\u00ed.  <\/li>\n\n\n\n<li><strong>Vynikn\u011bte s personalizac\u00ed &#8211; chcete<\/strong> p\u0159idat z\u00e1st\u011b\u0159e osobn\u00ed n\u00e1dech? Nab\u00edz\u00edme mo\u017enost personalizace prost\u0159ednictv\u00edm v\u00fd\u0161ivky &#8211; um\u00edst\u011bte sv\u00e9 jm\u00e9no, specializaci nebo logo va\u0161\u00ed provozovny, abyste zd\u016fraznili svou profesionalitu a vytvo\u0159ili jednotnou image t\u00fdmu. <\/li>\n<\/ul>\n\n<h2 class=\"wp-block-heading\">Kde koupit laboratorn\u00ed z\u00e1st\u011bru ve Vratislavi?<\/h2>\n\n<p>P\u0159i hled\u00e1n\u00ed dokonal\u00e9 z\u00e1st\u011bry m\u00e1te n\u011bkolik mo\u017enost\u00ed. M\u016f\u017eete nav\u0161t\u00edvit m\u00edstn\u00ed prodejny zdravotnick\u00fdch a bezpe\u010dnostn\u00edch od\u011bv\u016f, kter\u00e9 nab\u00edzej\u00ed standardn\u00ed modely, je\u017e jsou k dispozici jako hotov\u00e9. To je dobr\u00e1 volba, kdy\u017e jde o \u010das.  <\/p>\n\n<p>Pokud v\u0161ak chcete nejvy\u0161\u0161\u00ed kvalitu, pohodl\u00ed p\u0159i no\u0161en\u00ed a modern\u00ed vzhled, nejlep\u0161\u00ed volbou je n\u00e1kup online. V Med&amp;Beauty v\u00e1m nab\u00edz\u00edme: <\/p>\n\n<ul class=\"wp-block-list\">\n<li><strong>\u0161irok\u00fd v\u00fdb\u011br st\u0159ih\u016f a barev, kter\u00e9 nejsou dostupn\u00e9<\/strong> v m\u00edstn\u00edch velkoobchodech,<\/li>\n\n\n\n<li><strong>z\u00e1ruka kvality &#8211;<\/strong> na\u0161e v\u00fdrobky \u0161ijeme v Polsku s d\u016frazem na ka\u017ed\u00fd detail,<\/li>\n\n\n\n<li><strong>pohodln\u00e9 nakupov\u00e1n\u00ed bez nutnosti<\/strong> opustit domov a rychl\u00e9 doru\u010den\u00ed do Vratislavi,<\/li>\n\n\n\n<li><strong>mo\u017enost vr\u00e1tit v\u00fdrobek do 100 dn\u016f, pokud<\/strong> nespl\u0148uje va\u0161e o\u010dek\u00e1v\u00e1n\u00ed.<\/li>\n<\/ul>\n\n<h2 class=\"wp-block-heading\">Vytvo\u0159eno pro profesion\u00e1ly ve Wroclawi<\/h2>\n\n<p>Na\u0161e laboratorn\u00ed z\u00e1st\u011bry jsou ide\u00e1ln\u00edm \u0159e\u0161en\u00edm pro:<\/p>\n\n<ul class=\"wp-block-list\">\n<li><strong>studenti a akademi\u010dt\u00ed pracovn\u00edci vratislavsk\u00fdch<\/strong> univerzit, v\u010detn\u011b Vratislavsk\u00e9 technick\u00e9 univerzity a L\u00e9ka\u0159sk\u00e9 univerzity,<\/li>\n\n\n\n<li><strong>pracovn\u00edci analytick\u00fdch<\/strong>, v\u00fdzkumn\u00fdch a pr\u016fmyslov\u00fdch <strong>laborato\u0159\u00ed,<\/strong> <\/li>\n\n\n\n<li><strong>l\u00e9ka\u0159i, l\u00e9k\u00e1rn\u00edci a zdravotni\u010dt\u00ed technici na klinik\u00e1ch<\/strong> a <strong>v<\/strong> nemocnic\u00edch,<\/li>\n\n\n\n<li><strong>profesion\u00e1lov\u00e9 v oblasti kosmetiky a kosmetick\u00e9ho pr\u016fmyslu, pro<\/strong> kter\u00e9 je d\u016fle\u017eit\u00e1 sterilita a profesion\u00e1ln\u00ed image.<\/li>\n<\/ul>\n\n<p>Ned\u011blejte kompromisy ohledn\u011b sv\u00e9 profesion\u00e1ln\u00ed image a pohodl\u00ed. P\u0159idejte se ke skupin\u011b spokojen\u00fdch profesion\u00e1l\u016f, kte\u0159\u00ed d\u016fv\u011b\u0159uj\u00ed Med&amp;Beauty! Prohl\u00e9dn\u011bte si na\u0161i kolekci laboratorn\u00edch pl\u00e1\u0161\u0165\u016f a objednejte si model s dod\u00e1n\u00edm do Vratislavi!  <\/p>\n","protected":false},"excerpt":{"rendered":"<p>Pokud se rozhodnete nakoupit v na\u0161em obchod\u011b, vyb\u00edr\u00e1te si produkt navr\u017een\u00fd s ohledem na pot\u0159eby profesion\u00e1l\u016f. M\u00edsto toho, abyste byli omezeni na m\u00edstn\u00ed sortiment, z\u00edsk\u00e1te p\u0159\u00edstup k od\u011bv\u016fm vytvo\u0159en\u00fdm s v\u00e1\u0161n\u00ed a testovan\u00fdm profesion\u00e1ly. Pro\u010d byste m\u011bli vsadit na na\u0161e oble\u010den\u00ed? Kde koupit laboratorn\u00ed z\u00e1st\u011bru ve Vratislavi? P\u0159i hled\u00e1n\u00ed dokonal\u00e9 z\u00e1st\u011bry m\u00e1te n\u011bkolik mo\u017enost\u00ed. M\u016f\u017eete [&hellip;]<\/p>\n","protected":false},"author":43705,"featured_media":0,"parent":0,"menu_order":0,"comment_status":"closed","ping_status":"closed","template":"","meta":{"_acf_changed":false,"inline_featured_image":false,"footnotes":""},"class_list":["post-624631","page","type-page","status-publish","hentry"],"acf":[],"_links":{"self":[{"href":"https:\/\/dev.medandbeauty.com\/cs\/wp-json\/wp\/v2\/pages\/624631","targetHints":{"allow":["GET"]}}],"collection":[{"href":"https:\/\/dev.medandbeauty.com\/cs\/wp-json\/wp\/v2\/pages"}],"about":[{"href":"https:\/\/dev.medandbeauty.com\/cs\/wp-json\/wp\/v2\/types\/page"}],"author":[{"embeddable":true,"href":"https:\/\/dev.medandbeauty.com\/cs\/wp-json\/wp\/v2\/users\/43705"}],"replies":[{"embeddable":true,"href":"https:\/\/dev.medandbeauty.com\/cs\/wp-json\/wp\/v2\/comments?post=624631"}],"version-history":[{"count":1,"href":"https:\/\/dev.medandbeauty.com\/cs\/wp-json\/wp\/v2\/pages\/624631\/revisions"}],"predecessor-version":[{"id":624632,"href":"https:\/\/dev.medandbeauty.com\/cs\/wp-json\/wp\/v2\/pages\/624631\/revisions\/624632"}],"wp:attachment":[{"href":"https:\/\/dev.medandbeauty.com\/cs\/wp-json\/wp\/v2\/media?parent=624631"}],"curies":[{"name":"wp","href":"https:\/\/api.w.org\/{rel}","templated":true}]}}