{"id":624607,"date":"2025-11-27T14:44:50","date_gmt":"2025-11-27T13:44:50","guid":{"rendered":"https:\/\/dev.medandbeauty.com\/laboratorni-zastera-varsava\/"},"modified":"2025-11-27T14:45:17","modified_gmt":"2025-11-27T13:45:17","slug":"laboratorni-zastera-varsava","status":"publish","type":"page","link":"https:\/\/dev.medandbeauty.com\/cs\/laboratorni-zastera-varsava\/","title":{"rendered":"Laboratorn\u00ed z\u00e1st\u011bra Var\u0161ava"},"content":{"rendered":"\n<p>Zaj\u00edm\u00e1 v\u00e1s, kter\u00e9 m\u00edsto v hlavn\u00edm m\u011bst\u011b nab\u00edz\u00ed nejlep\u0161\u00ed v\u00fdb\u011br stylov\u00e9ho l\u00e9ka\u0159sk\u00e9ho oble\u010den\u00ed? Med&amp;Beauty je komplexn\u00ed \u0159e\u0161en\u00ed pro ka\u017ed\u00e9ho profesion\u00e1la. Nab\u00edz\u00edme v\u00e1m dv\u011b pohodln\u00e9 mo\u017enosti n\u00e1kupu:  <\/p>\n\n<ul class=\"wp-block-list\">\n<li><strong>stacion\u00e1rn\u00ed prodejna ve Var\u0161av\u011b &#8211;<\/strong> r\u00e1di <strong>v\u00e1s<\/strong> p\u0159iv\u00edt\u00e1me v na\u0161em showroomu ve Wilan\u00f3w\u011b na adrese Klimczaka 6A\/U4. Na m\u00edst\u011b si m\u016f\u017eete vyzkou\u0161et r\u016fzn\u00e9 styly, osahat si l\u00e1tku a z\u00edskat odborn\u00e9 rady od na\u0161ich poradc\u016f. Tak se nejl\u00e9pe ujist\u00edte, \u017ee v\u00e1mi vybran\u00fd zdravotn\u00ed pl\u00e1\u0161\u0165 ide\u00e1ln\u011b vyhovuje va\u0161\u00ed postav\u011b a o\u010dek\u00e1v\u00e1n\u00edm,   <\/li>\n\n\n\n<li><strong>Online nakupov\u00e1n\u00ed s rychl\u00fdm dod\u00e1n\u00edm &#8211; pokud<\/strong> si cen\u00edte pohodl\u00ed, n\u00e1\u0161 online obchod je v\u00e1m k dispozici. Nab\u00edz\u00edme kompletn\u00ed sortiment <g id=\"gid_1\">zdravotnick\u00fdch od\u011bv\u016f ve Var\u0161av\u011b, kter\u00e9 jsou k dispozici<\/g> mimo prodejnu, s rychl\u00fdm dod\u00e1n\u00edm na va\u0161i adresu. D\u00edky podrobn\u00fdm popis\u016fm, p\u0159esn\u00fdm tabulk\u00e1m velikost\u00ed a kvalitn\u00edm fotografi\u00edm je online nakupov\u00e1n\u00ed proste a intuitivn\u00ed.  <\/li>\n<\/ul>\n\n<h2 class=\"wp-block-heading\">\u010c\u00edm na\u0161e laboratorn\u00ed z\u00e1st\u011bry vynikaj\u00ed?<\/h2>\n\n<p>Kdy\u017e se rozhodnete pro n\u00e1kup u spole\u010dnosti Med&amp;Beauty, vyb\u00edr\u00e1te si produkt navr\u017een\u00fd s ohledem na profesion\u00e1ly. Na\u0161e z\u00e1st\u011bry se vyzna\u010duj\u00ed: <\/p>\n\n<ul class=\"wp-block-list\">\n<li><strong>nejkvalitn\u011bj\u0161\u00ed materi\u00e1ly &#8211; \u0161ijeme<\/strong> v Polsku z prody\u0161n\u00fdch l\u00e1tek, kter\u00e9 zaji\u0161\u0165uj\u00ed volnost pohybu a jsou odoln\u00e9 proti poma\u010dk\u00e1n\u00ed,<\/li>\n\n\n\n<li><strong>funk\u010dnost a modern\u00ed estetika &#8211;<\/strong> ka\u017ed\u00fd model <strong>navrhujeme<\/strong> s ohledem na va\u0161e pohodl\u00ed. Prostorn\u00e9 kapsy na nezbytnosti, pohodln\u00e9 zap\u00edn\u00e1n\u00ed na patentky a st\u0159ihy na m\u00edru jsou na\u0161\u00edm standardem. Nab\u00edz\u00edme \u0161irokou \u0161k\u00e1lu st\u0159ih\u016f &#8211; od klasick\u00fdch a\u017e po modern\u00ed, kter\u00e9 podtrhnou va\u0161i profesion\u00e1ln\u00ed image,  <\/li>\n\n\n\n<li><strong>Mo\u017enost personalizace &#8211; chcete<\/strong>, aby va\u0161e z\u00e1st\u011bra byla opravdu jedine\u010dn\u00e1? Nab\u00edz\u00edme slu\u017ebu personalizace p\u0159id\u00e1n\u00edm v\u00fd\u0161ivky s va\u0161\u00edm jm\u00e9nem nebo logem za\u0159\u00edzen\u00ed. Je to skv\u011bl\u00fd zp\u016fsob, jak se odli\u0161it a vytvo\u0159it jednotnou firemn\u00ed identitu va\u0161eho t\u00fdmu.  <\/li>\n<\/ul>\n\n<h2 class=\"wp-block-heading\">Laboratorn\u00ed od\u011bvn\u00ed slu\u017eby ve Var\u0161av\u011b<\/h2>\n\n<p>V\u00edme, \u017ee pohodl\u00ed nen\u00ed v\u0161echno &#8211; z\u00e1le\u017e\u00ed tak\u00e9 na tom, jak snadno se oble\u010den\u00ed udr\u017euje \u010dist\u00e9. P\u0159esto\u017ee ve Var\u0161av\u011b existuj\u00ed specializovan\u00e9 pr\u00e1delny, na\u0161e z\u00e1st\u011bry jsou vyrobeny z l\u00e1tek, kter\u00e9 lze snadno vy\u010distit doma a zachovat jejich barvu a st\u0159ih. D\u00edky \u0161irok\u00e9 \u0161k\u00e1le velikost\u00ed a rozmanit\u00fdm st\u0159ih\u016fm nejsou nutn\u00e9 krej\u010dovsk\u00e9 \u00fapravy. V na\u0161em obchod\u011b je k dispozici slu\u017eba individu\u00e1ln\u00edho vy\u0161\u00edv\u00e1n\u00ed ze skladov\u00fdch z\u00e1sob.   <\/p>\n\n<p><strong>Pro\u010d n\u00e1m v\u011b\u0159it?<\/strong><\/p>\n\n<ul class=\"wp-block-list\">\n<li><strong>Polsk\u00e9 zpracov\u00e1n\u00ed a<\/strong> smysl pro detail.<\/li>\n\n\n\n<li><strong>100 dn\u00ed na vr\u00e1cen\u00ed zbo\u017e\u00ed<\/strong> &#8211; nakupujte beze sp\u011bchu a bez obav.<\/li>\n\n\n\n<li><strong>Doru\u010den\u00ed zdarma p\u0159i<\/strong> objedn\u00e1vce nad 500 liber.<\/li>\n\n\n\n<li><strong>Atraktivn\u00ed slevy pro<\/strong> studenty.<\/li>\n\n\n\n<li><strong>Mo\u017enost vyzkou\u0161et si ji na<\/strong> na\u0161em stacion\u00e1rn\u00edm m\u00edst\u011b v hlavn\u00edm m\u011bst\u011b.<\/li>\n<\/ul>\n\n<p>Neztr\u00e1cejte \u010das hled\u00e1n\u00edm. Nav\u0161tivte n\u00e1\u0161 obchod se zdravotnick\u00fdmi od\u011bvy ve Var\u0161av\u011b nebo si prohl\u00e9dn\u011bte nab\u00eddku online a najd\u011bte laboratorn\u00ed pl\u00e1\u0161\u0165, kter\u00fd spln\u00ed v\u0161echna va\u0161e o\u010dek\u00e1v\u00e1n\u00ed. Vsa\u010fte na kvalitu, styl a pohodl\u00ed s Med&amp;Beauty!  <\/p>\n","protected":false},"excerpt":{"rendered":"<p>Zaj\u00edm\u00e1 v\u00e1s, kter\u00e9 m\u00edsto v hlavn\u00edm m\u011bst\u011b nab\u00edz\u00ed nejlep\u0161\u00ed v\u00fdb\u011br stylov\u00e9ho l\u00e9ka\u0159sk\u00e9ho oble\u010den\u00ed? Med&amp;Beauty je komplexn\u00ed \u0159e\u0161en\u00ed pro ka\u017ed\u00e9ho profesion\u00e1la. Nab\u00edz\u00edme v\u00e1m dv\u011b pohodln\u00e9 mo\u017enosti n\u00e1kupu: \u010c\u00edm na\u0161e laboratorn\u00ed z\u00e1st\u011bry vynikaj\u00ed? Kdy\u017e se rozhodnete pro n\u00e1kup u spole\u010dnosti Med&amp;Beauty, vyb\u00edr\u00e1te si produkt navr\u017een\u00fd s ohledem na profesion\u00e1ly. Na\u0161e z\u00e1st\u011bry se vyzna\u010duj\u00ed: Laboratorn\u00ed od\u011bvn\u00ed slu\u017eby ve [&hellip;]<\/p>\n","protected":false},"author":43705,"featured_media":0,"parent":0,"menu_order":0,"comment_status":"closed","ping_status":"closed","template":"","meta":{"_acf_changed":false,"inline_featured_image":false,"footnotes":""},"class_list":["post-624607","page","type-page","status-publish","hentry"],"acf":[],"_links":{"self":[{"href":"https:\/\/dev.medandbeauty.com\/cs\/wp-json\/wp\/v2\/pages\/624607","targetHints":{"allow":["GET"]}}],"collection":[{"href":"https:\/\/dev.medandbeauty.com\/cs\/wp-json\/wp\/v2\/pages"}],"about":[{"href":"https:\/\/dev.medandbeauty.com\/cs\/wp-json\/wp\/v2\/types\/page"}],"author":[{"embeddable":true,"href":"https:\/\/dev.medandbeauty.com\/cs\/wp-json\/wp\/v2\/users\/43705"}],"replies":[{"embeddable":true,"href":"https:\/\/dev.medandbeauty.com\/cs\/wp-json\/wp\/v2\/comments?post=624607"}],"version-history":[{"count":1,"href":"https:\/\/dev.medandbeauty.com\/cs\/wp-json\/wp\/v2\/pages\/624607\/revisions"}],"predecessor-version":[{"id":624608,"href":"https:\/\/dev.medandbeauty.com\/cs\/wp-json\/wp\/v2\/pages\/624607\/revisions\/624608"}],"wp:attachment":[{"href":"https:\/\/dev.medandbeauty.com\/cs\/wp-json\/wp\/v2\/media?parent=624607"}],"curies":[{"name":"wp","href":"https:\/\/api.w.org\/{rel}","templated":true}]}}