{"id":624600,"date":"2025-11-27T14:43:37","date_gmt":"2025-11-27T13:43:37","guid":{"rendered":"https:\/\/dev.medandbeauty.com\/laboratorni-zastera-poznan\/"},"modified":"2025-11-27T14:44:43","modified_gmt":"2025-11-27T13:44:43","slug":"laboratorni-zastera-poznan","status":"publish","type":"page","link":"https:\/\/dev.medandbeauty.com\/cs\/laboratorni-zastera-poznan\/","title":{"rendered":"Laboratorn\u00ed z\u00e1st\u011bra Pozna\u0148"},"content":{"rendered":"\n<p>Hled\u00e1te perfektn\u00ed laboratorn\u00ed pl\u00e1\u0161\u0165 v Poznani? A\u0165 u\u017e jste zku\u0161en\u00fd profesion\u00e1l, technik nebo student, jste na spr\u00e1vn\u00e9m m\u00edst\u011b! V Med&amp;Beauty ch\u00e1peme, \u017ee z\u00e1st\u011bra je nejen nezbytn\u00fdm kusem oble\u010den\u00ed, ale tak\u00e9 va\u0161\u00ed vizitkou a z\u00e1rukou pohodl\u00ed po cel\u00fd pracovn\u00ed den. Kombinujeme materi\u00e1ly nejvy\u0161\u0161\u00ed kvality s m\u00f3dn\u00ed estetikou, abyste se c\u00edtili profesion\u00e1ln\u011b a pohodln\u011b.   <\/p>\n\n<p>V\u00edme, jak d\u016fle\u017eit\u00e9 je m\u00edt mo\u017enost vyzkou\u0161et si od\u011bvy a vid\u011bt je na\u017eivo. Na\u0161e oble\u010den\u00ed pro profesion\u00e1ly m\u016f\u017eete zakoupit dv\u011bma zp\u016fsoby: <\/p>\n\n<ul class=\"wp-block-list\">\n<li><strong>stacion\u00e1\u0159 v Poznani &#8211; zveme<\/strong> v\u00e1s do na\u0161eho salonu na adrese Zwierzyniecka 32\/38 (od ulice Kraszewskiego). N\u00e1\u0161 zku\u0161en\u00fd person\u00e1l v\u00e1m r\u00e1d pom\u016f\u017ee vybrat ide\u00e1ln\u00ed st\u0159ih a velikost a zodpov\u00ed v\u0161echny va\u0161e dotazy. Kvalitu materi\u00e1l\u016f a st\u0159ih na\u0161ich z\u00e1st\u011br m\u016f\u017eete posoudit p\u0159\u00edmo na m\u00edst\u011b,   <\/li>\n\n\n\n<li><strong>pohodln\u00e9 nakupov\u00e1n\u00ed online &#8211;<\/strong> oce\u0148ujete \u00fasporu \u010dasu? Celou na\u0161i nab\u00eddku najdete v internetov\u00e9m obchod\u011b Med&amp;Beauty. D\u00edky intuitivn\u00edm webov\u00fdm str\u00e1nk\u00e1m, podrobn\u00fdm tabulk\u00e1m velikost\u00ed a p\u0159esn\u00fdm fotografi\u00edm produkt\u016f si m\u016f\u017eete snadno objednat profesion\u00e1ln\u00ed zdravotnick\u00e9 oble\u010den\u00ed s dod\u00e1n\u00edm proste k v\u00e1m dom\u016f nebo na pracovi\u0161t\u011b v Poznani.  <\/li>\n<\/ul>\n\n<h2 class=\"wp-block-heading\">Pro\u010d si vybrat laboratorn\u00ed pl\u00e1\u0161\u0165 od Med&amp;Beauty?<\/h2>\n\n<p>V\u00fdb\u011br spr\u00e1vn\u00e9 z\u00e1st\u011bry ovliv\u0148uje pohodl\u00ed a bezpe\u010dnost va\u0161\u00ed pr\u00e1ce. Na\u0161e v\u00fdrobky jsou navr\u017eeny s ohledem na pot\u0159eby zdravotnick\u00fdch a laboratorn\u00edch pracovn\u00edk\u016f. <\/p>\n\n<ul class=\"wp-block-list\">\n<li><strong>Materi\u00e1ly nejvy\u0161\u0161\u00ed kvality &#8211;<\/strong> na\u0161e z\u00e1st\u011bry <strong>\u0161ijeme<\/strong> z odoln\u00fdch a prody\u0161n\u00fdch l\u00e1tek, kter\u00e9 vydr\u017e\u00ed \u010dast\u00e9 pran\u00ed a nema\u010dkaj\u00ed se. Nab\u00edz\u00edme pr\u00e9miov\u00e9 i z\u00e1kladn\u00ed \u0159ady, kter\u00e9 vyhov\u00ed va\u0161im pot\u0159eb\u00e1m, <\/li>\n\n\n\n<li><strong>Funk\u010dnost a pohodl\u00ed &#8211; promy\u0161len\u00e9<\/strong> st\u0159ihy pro mu\u017ee i \u017eeny zaji\u0161\u0165uj\u00ed volnost pohybu. Prostorn\u00e9, dob\u0159e navr\u017een\u00e9 kapsy pojmou ve\u0161ker\u00e9 pot\u0159ebn\u00e9 dopl\u0148ky. <\/li>\n\n\n\n<li><strong>\u0160irok\u00fd v\u00fdb\u011br a personalizace &#8211; zapome\u0148te na<\/strong> nudnou b\u00edlou! Nab\u00edz\u00edme z\u00e1st\u011bry v r\u016fzn\u00fdch barv\u00e1ch, kter\u00e9 v\u00e1m pomohou vyj\u00e1d\u0159it va\u0161i osobnost. Chcete je\u0161t\u011b v\u00edce zd\u016fraznit svou profesionalitu? Vyu\u017eijte mo\u017enosti personalizace a p\u0159idejte na z\u00e1st\u011bru v\u00fd\u0161ivku se sv\u00fdm jm\u00e9nem nebo logem va\u0161\u00ed provozovny.   <\/li>\n<\/ul>\n\n<h2 class=\"wp-block-heading\">Jak si vybrat dokonal\u00fd laboratorn\u00ed pl\u00e1\u0161\u0165?<\/h2>\n\n<p>P\u0159em\u00fd\u0161l\u00edte, kter\u00fd model z\u00e1st\u011bry v\u00e1m bude nejl\u00e9pe vyhovovat? V\u011bnujte pozornost n\u011bkolika kl\u00ed\u010dov\u00fdm aspekt\u016fm: <\/p>\n\n<ol class=\"wp-block-list\">\n<li><strong>Velikost &#8211; <\/strong>dokonal\u00e9 <strong>padnut\u00ed <\/strong>je z\u00e1sadn\u00ed. P\u0159\u00edli\u0161 velk\u00e1 z\u00e1st\u011bra m\u016f\u017ee b\u00fdt nepohodln\u00e1 a p\u0159\u00edli\u0161 mal\u00e1 m\u016f\u017ee omezovat pohyb. Pod\u00edvejte se na na\u0161i tabulku velikost\u00ed nebo n\u00e1s nav\u0161tivte v Poznani a vyzkou\u0161ejte si r\u016fzn\u00e9 modely,  <\/li>\n\n\n\n<li><strong>st\u0159ih &#8211; nab\u00edz\u00edme<\/strong> r\u016fzn\u00e9 st\u0159ihy &#8211; od klasick\u00fdch prost\u00fdch model\u016f a\u017e po vypasovan\u011bj\u0161\u00ed modely se zavazov\u00e1n\u00edm v pase, kter\u00e9 zv\u00fdraz\u0148uj\u00ed postavu,<\/li>\n\n\n\n<li>l\u00e1tka &#8211; <strong>vyberte si<\/strong> l\u00e1tku, kter\u00e1 nejl\u00e9pe vyhovuje va\u0161im pot\u0159eb\u00e1m. Sm\u011bsi bavlny zajist\u00ed vynikaj\u00edc\u00ed prody\u0161nost, zat\u00edmco p\u0159\u00eddavek polyesteru a lycry usnadn\u00ed \u00fadr\u017ebu a zajist\u00ed pru\u017enost. <\/li>\n<\/ol>\n\n<h2 class=\"wp-block-heading\">Va\u0161e profesion\u00e1ln\u00ed image v Poznani<\/h2>\n\n<p>A\u0165 u\u017e pot\u0159ebujete laboratorn\u00ed z\u00e1st\u011bru pro pr\u00e1ci v nemocnici, na klinice, v analytick\u00e9 laborato\u0159i, v zubn\u00ed ordinaci nebo na l\u00e9ka\u0159sk\u00e9 fakult\u011b &#8211; v Med&amp;Beauty najdete oble\u010den\u00ed, kter\u00e9 spln\u00ed va\u0161e pot\u0159eby.<\/p>\n\n<p>Nav\u0161tivte n\u00e1\u0161 <a href=\"https:\/\/dev.medandbeauty.com\/cs\/zdravotnicke-obleceni-poznan\/\" target=\"_blank\" rel=\"noreferrer noopener\">obchod se zdravotnick\u00fdm oble\u010den\u00edm v Poznani nebo<\/a> si prohl\u00e9dn\u011bte celou na\u0161i nab\u00eddku online. Vyberte si kvalitu, pohodl\u00ed a styl, kter\u00e9 v\u00e1m umo\u017en\u00ed soust\u0159edit se na to nejd\u016fle\u017eit\u011bj\u0161\u00ed &#8211; na va\u0161i pr\u00e1ci. <\/p>\n","protected":false},"excerpt":{"rendered":"<p>Hled\u00e1te perfektn\u00ed laboratorn\u00ed pl\u00e1\u0161\u0165 v Poznani? A\u0165 u\u017e jste zku\u0161en\u00fd profesion\u00e1l, technik nebo student, jste na spr\u00e1vn\u00e9m m\u00edst\u011b! V Med&amp;Beauty ch\u00e1peme, \u017ee z\u00e1st\u011bra je nejen nezbytn\u00fdm kusem oble\u010den\u00ed, ale tak\u00e9 va\u0161\u00ed vizitkou a z\u00e1rukou pohodl\u00ed po cel\u00fd pracovn\u00ed den. Kombinujeme materi\u00e1ly nejvy\u0161\u0161\u00ed kvality s m\u00f3dn\u00ed estetikou, abyste se c\u00edtili profesion\u00e1ln\u011b a pohodln\u011b. V\u00edme, jak d\u016fle\u017eit\u00e9 [&hellip;]<\/p>\n","protected":false},"author":43705,"featured_media":0,"parent":0,"menu_order":0,"comment_status":"closed","ping_status":"closed","template":"","meta":{"_acf_changed":false,"inline_featured_image":false,"footnotes":""},"class_list":["post-624600","page","type-page","status-publish","hentry"],"acf":[],"_links":{"self":[{"href":"https:\/\/dev.medandbeauty.com\/cs\/wp-json\/wp\/v2\/pages\/624600","targetHints":{"allow":["GET"]}}],"collection":[{"href":"https:\/\/dev.medandbeauty.com\/cs\/wp-json\/wp\/v2\/pages"}],"about":[{"href":"https:\/\/dev.medandbeauty.com\/cs\/wp-json\/wp\/v2\/types\/page"}],"author":[{"embeddable":true,"href":"https:\/\/dev.medandbeauty.com\/cs\/wp-json\/wp\/v2\/users\/43705"}],"replies":[{"embeddable":true,"href":"https:\/\/dev.medandbeauty.com\/cs\/wp-json\/wp\/v2\/comments?post=624600"}],"version-history":[{"count":2,"href":"https:\/\/dev.medandbeauty.com\/cs\/wp-json\/wp\/v2\/pages\/624600\/revisions"}],"predecessor-version":[{"id":624602,"href":"https:\/\/dev.medandbeauty.com\/cs\/wp-json\/wp\/v2\/pages\/624600\/revisions\/624602"}],"wp:attachment":[{"href":"https:\/\/dev.medandbeauty.com\/cs\/wp-json\/wp\/v2\/media?parent=624600"}],"curies":[{"name":"wp","href":"https:\/\/api.w.org\/{rel}","templated":true}]}}