{"id":624585,"date":"2025-11-27T14:42:53","date_gmt":"2025-11-27T13:42:53","guid":{"rendered":"https:\/\/dev.medandbeauty.com\/laboratorni-souprava-poznan\/"},"modified":"2025-11-27T14:43:54","modified_gmt":"2025-11-27T13:43:54","slug":"laboratorni-souprava-poznan","status":"publish","type":"page","link":"https:\/\/dev.medandbeauty.com\/cs\/laboratorni-souprava-poznan\/","title":{"rendered":"Laboratorn\u00ed souprava Pozna\u0148"},"content":{"rendered":"\n<p>Hled\u00e1te v Poznani profesion\u00e1ln\u00ed laboratorn\u00ed pl\u00e1\u0161\u0165, kter\u00fd v sob\u011b spojuje vysokou kvalitu zpracov\u00e1n\u00ed, celodenn\u00ed pohodl\u00ed p\u0159i no\u0161en\u00ed a dokonal\u00fd vzhled? V Med&amp;Beauty dokonale rozum\u00edme pot\u0159eb\u00e1m zdravotn\u00edk\u016f. V na\u0161\u00ed nab\u00eddce najdete z\u00e1st\u011bry, kter\u00e9 poskytuj\u00ed pot\u0159ebnou ochranu a z\u00e1rove\u0148 podtrhuj\u00ed va\u0161i profesionalitu.  <\/p>\n\n<p>A\u0165 u\u017e pracujete v laborato\u0159i, u l\u00e9ka\u0159e, na zubn\u00ed klinice nebo se p\u0159ipravujete na sv\u00e9 povol\u00e1n\u00ed jako student, spr\u00e1vn\u00fd od\u011bv je va\u0161\u00ed vizitkou. Vyberte si \u0161aty, kter\u00e9 obstoj\u00ed v n\u00e1ro\u010dn\u00e9m pracovn\u00edm dni. <\/p>\n\n<h2 class=\"wp-block-heading\">Kde si v Poznani koupit a vyzkou\u0161et laboratorn\u00ed pl\u00e1\u0161\u0165?<\/h2>\n\n<p>Jako v\u00e1\u0161 d\u016fv\u011bryhodn\u00fd partner v oblasti zdravotnick\u00fdch od\u011bv\u016f v\u00e1m nab\u00edz\u00edme dv\u011b pohodln\u00e9 n\u00e1kupn\u00ed cesty, kter\u00e9 v\u00e1m pomohou naj\u00edt dokonal\u00fd laboratorn\u00ed <strong>pl\u00e1\u0161\u0165 v Poznani.<\/strong><\/p>\n\n<ol class=\"wp-block-list\">\n<li><strong>Stacion\u00e1rn\u00ed prodejna Med&amp;Beauty v Poznani &#8211;<\/strong> zveme <strong>v\u00e1s<\/strong> k n\u00e1v\u0161t\u011bv\u011b na\u0161eho salonu na ulici Zwierzyniecka 32\/38. Je to skv\u011bl\u00e1 p\u0159\u00edle\u017eitost p\u0159esv\u011bd\u010dit se na vlastn\u00ed o\u010di o kvalit\u011b na\u0161ich l\u00e1tek, prohl\u00e9dnout si r\u016fzn\u00e9 st\u0159ihy a hlavn\u011b si vyzkou\u0161et konkr\u00e9tn\u00ed modely. N\u00e1\u0161 zku\u0161en\u00fd person\u00e1l v\u00e1m r\u00e1d pom\u016f\u017ee vybrat st\u0159ih a velikost, kter\u00e9 dokonale vyhovuj\u00ed va\u0161\u00ed postav\u011b a pot\u0159eb\u00e1m.   <\/li>\n\n\n\n<li><strong>Online obchod s doru\u010den\u00edm do Poznan\u011b &#8211; je<\/strong> pro v\u00e1s \u00faspora \u010dasu d\u016fle\u017eit\u00e1? Pod\u00edvejte se na n\u00e1\u0161 kompletn\u00ed sortiment online! D\u00edky na\u0161im intuitivn\u00edm webov\u00fdm str\u00e1nk\u00e1m, podrobn\u00fdm tabulk\u00e1m velikost\u00ed a detailn\u00edm fotografi\u00edm produkt\u016f si m\u016f\u017eete snadno objednat sv\u016fj vysn\u011bn\u00fd zdravotn\u00ed pl\u00e1\u0161\u0165, ani\u017e byste museli opustit sv\u016fj domov. Zaru\u010dujeme rychl\u00e9 a bezpe\u010dn\u00e9 doru\u010den\u00ed v Poznani i v cel\u00e9m Polsku.   <\/li>\n<\/ol>\n\n<h2 class=\"wp-block-heading\">Jak si vybrat dokonal\u00fd l\u00e9ka\u0159sk\u00fd pl\u00e1\u0161\u0165? Pr\u016fvodce Med&amp;Beauty <\/h2>\n\n<p>V\u00fdb\u011br spr\u00e1vn\u00e9ho putteru je rozhodnut\u00ed, kter\u00e9 ka\u017ed\u00fd den ovliv\u0148uje va\u0161e pohodl\u00ed a image. Na co si d\u00e1t pozor? <\/p>\n\n<ul class=\"wp-block-list\">\n<li><strong>Materi\u00e1l na m\u00edru &#8211; na\u0161e<\/strong> kolekce zdravotnick\u00fdch od\u011bv\u016f vyu\u017e\u00edvaj\u00ed inovativn\u00ed sm\u011bsi l\u00e1tek. Pr\u00e9miov\u00e1 \u0159ada (bavlna, nylon, lycra) zaru\u010duje vynikaj\u00edc\u00ed prody\u0161nost a eleganci. Z\u00e1kladn\u00ed kolekce (polyester, visk\u00f3za, lycra) se naopak vyzna\u010duje v\u00fdjime\u010dnou odolnost\u00ed a snadnou \u00fadr\u017ebou, kter\u00e1 minimalizuje pot\u0159ebu \u017eehlen\u00ed. Ob\u011b \u0159e\u0161en\u00ed zaji\u0161\u0165uj\u00ed st\u00e1lobarevnost a odolnost v\u016f\u010di \u010dast\u00e9mu pran\u00ed p\u0159i vysok\u00fdch teplot\u00e1ch.   <\/li>\n\n\n\n<li><strong>Perfektn\u00ed st\u0159ih je z\u00e1klad &#8211; nab\u00edz\u00edme<\/strong> \u0161irokou \u0161k\u00e1lu velikost\u00ed od XXS po 4XL, aby si u n\u00e1s ka\u017ed\u00fd profesion\u00e1l na\u0161el soupravu na m\u00edru. Nezapome\u0148te, \u017ee si v\u0161e m\u016f\u017eete vyzkou\u0161et v na\u0161em stacion\u00e1rn\u00edm obchod\u011b v Poznani. A pokud si objedn\u00e1te online a va\u0161e velikost v\u00e1m nevyhovuje, m\u00e1te a\u017e 100 dn\u00ed na jej\u00ed bezplatn\u00e9 vr\u00e1cen\u00ed!  <\/li>\n\n\n\n<li><strong>Personalizace &#8211; vynikn\u011bte profesionalitou &#8211; chcete<\/strong>, aby va\u0161e uniforma byla jedine\u010dn\u00e1? Nab\u00edz\u00edme slu\u017ebu personalizace zdravotnick\u00fdch od\u011bv\u016f. Na va\u0161e p\u0159\u00e1n\u00ed m\u016f\u017eeme vy\u0161\u00edt va\u0161e jm\u00e9no, n\u00e1zev va\u0161eho za\u0159\u00edzen\u00ed nebo logo va\u0161\u00ed spole\u010dnosti. Je to skv\u011bl\u00fd zp\u016fsob, jak budovat jednotnou zna\u010dku a image t\u00fdmu.   <\/li>\n<\/ul>\n\n<p>Nav\u0161tivte n\u00e1s v Poznani nebo si prohl\u00e9dn\u011bte na\u0161i kolekci online a investujte do pohodl\u00ed a profesionality, kterou si zaslou\u017e\u00edte. V\u00e1\u0161 dokonal\u00fd laboratorn\u00ed pl\u00e1\u0161\u0165 \u010dek\u00e1 v Med&amp;Beauty! <\/p>\n","protected":false},"excerpt":{"rendered":"<p>Hled\u00e1te v Poznani profesion\u00e1ln\u00ed laboratorn\u00ed pl\u00e1\u0161\u0165, kter\u00fd v sob\u011b spojuje vysokou kvalitu zpracov\u00e1n\u00ed, celodenn\u00ed pohodl\u00ed p\u0159i no\u0161en\u00ed a dokonal\u00fd vzhled? V Med&amp;Beauty dokonale rozum\u00edme pot\u0159eb\u00e1m zdravotn\u00edk\u016f. V na\u0161\u00ed nab\u00eddce najdete z\u00e1st\u011bry, kter\u00e9 poskytuj\u00ed pot\u0159ebnou ochranu a z\u00e1rove\u0148 podtrhuj\u00ed va\u0161i profesionalitu. A\u0165 u\u017e pracujete v laborato\u0159i, u l\u00e9ka\u0159e, na zubn\u00ed klinice nebo se p\u0159ipravujete na sv\u00e9 [&hellip;]<\/p>\n","protected":false},"author":43705,"featured_media":0,"parent":0,"menu_order":0,"comment_status":"closed","ping_status":"closed","template":"","meta":{"_acf_changed":false,"inline_featured_image":false,"footnotes":""},"class_list":["post-624585","page","type-page","status-publish","hentry"],"acf":[],"_links":{"self":[{"href":"https:\/\/dev.medandbeauty.com\/cs\/wp-json\/wp\/v2\/pages\/624585","targetHints":{"allow":["GET"]}}],"collection":[{"href":"https:\/\/dev.medandbeauty.com\/cs\/wp-json\/wp\/v2\/pages"}],"about":[{"href":"https:\/\/dev.medandbeauty.com\/cs\/wp-json\/wp\/v2\/types\/page"}],"author":[{"embeddable":true,"href":"https:\/\/dev.medandbeauty.com\/cs\/wp-json\/wp\/v2\/users\/43705"}],"replies":[{"embeddable":true,"href":"https:\/\/dev.medandbeauty.com\/cs\/wp-json\/wp\/v2\/comments?post=624585"}],"version-history":[{"count":2,"href":"https:\/\/dev.medandbeauty.com\/cs\/wp-json\/wp\/v2\/pages\/624585\/revisions"}],"predecessor-version":[{"id":624587,"href":"https:\/\/dev.medandbeauty.com\/cs\/wp-json\/wp\/v2\/pages\/624585\/revisions\/624587"}],"wp:attachment":[{"href":"https:\/\/dev.medandbeauty.com\/cs\/wp-json\/wp\/v2\/media?parent=624585"}],"curies":[{"name":"wp","href":"https:\/\/api.w.org\/{rel}","templated":true}]}}