{"id":624572,"date":"2025-11-27T14:42:09","date_gmt":"2025-11-27T13:42:09","guid":{"rendered":"https:\/\/dev.medandbeauty.com\/zdravotnicke-zastery-poznan\/"},"modified":"2025-11-27T14:43:19","modified_gmt":"2025-11-27T13:43:19","slug":"zdravotnicke-zastery-poznan","status":"publish","type":"page","link":"https:\/\/dev.medandbeauty.com\/cs\/zdravotnicke-zastery-poznan\/","title":{"rendered":"Zdravotnick\u00e9 z\u00e1st\u011bry Pozna\u0148"},"content":{"rendered":"\n<p>Pr\u00e1ce ve zdravotnictv\u00ed a kosmetice vy\u017eaduje nejen znalosti a odhodl\u00e1n\u00ed, ale tak\u00e9 spr\u00e1vn\u00e9 oble\u010den\u00ed. Oble\u010den\u00ed mus\u00ed zaji\u0161\u0165ovat pohodl\u00ed, bezpe\u010dnost a profesion\u00e1ln\u00ed vzhled. Pokud hled\u00e1te kvalitn\u00ed <strong>l\u00e9ka\u0159sk\u00e9 pl\u00e1\u0161t\u011b v Poznani,<\/strong> jste na spr\u00e1vn\u00e9m m\u00edst\u011b! V Med&amp;Beauty rozum\u00edme pot\u0159eb\u00e1m l\u00e9ka\u0159\u016f, zdravotn\u00edch sester, technik\u016f a kosmeti\u010dek. Nab\u00edz\u00edme od\u011bvy, kter\u00e9 spojuj\u00ed nejvy\u0161\u0161\u00ed standardy kvality, modern\u00ed estetiku a bezkonkuren\u010dn\u00ed funk\u010dnost. Tyto od\u011bvy v\u00e1m umo\u017en\u00ed soust\u0159edit se na to nejd\u016fle\u017eit\u011bj\u0161\u00ed &#8211; na p\u00e9\u010di o pacienty.     <\/p>\n\n<h2 class=\"wp-block-heading\">Zdravotnick\u00e9 z\u00e1st\u011bry v Poznani &#8211; nakupujte podle libosti<\/h2>\n\n<p>A\u0165 u\u017e d\u00e1v\u00e1te p\u0159ednost tomu, \u017ee si v\u00fdrobek p\u0159ed n\u00e1kupem prohl\u00e9dnete a vyzkou\u0161\u00edte, nebo oce\u0148ujete pohodl\u00ed online nakupov\u00e1n\u00ed, m\u00e1me pro v\u00e1s ide\u00e1ln\u00ed \u0159e\u0161en\u00ed.<\/p>\n\n<p><strong>Pap\u00edrnictv\u00ed v centru Poznan\u011b<\/strong><\/p>\n\n<p>M\u016f\u017eete nav\u0161t\u00edvit na\u0161i prodejnu pap\u00edrnictv\u00ed na ulici Zwierzyniecka 32\/38 (vchod z ulice Kraszewskiego). Je to ide\u00e1ln\u00ed m\u00edsto, kde se m\u016f\u017eete p\u0159esv\u011bd\u010dit o kvalit\u011b na\u0161ich l\u00e1tek, vyzkou\u0161et si r\u016fzn\u00e9 st\u0159ihy a nechat si poradit od na\u0161eho zku\u0161en\u00e9ho person\u00e1lu. Pom\u016f\u017eeme v\u00e1m vybrat dokonalou z\u00e1st\u011bru, \u0161krabo\u0161ku, kalhoty nebo l\u00e9ka\u0159sk\u00e9 haleny, kter\u00e9 spln\u00ed v\u0161echna va\u0161e o\u010dek\u00e1v\u00e1n\u00ed.   <\/p>\n\n<p><strong>Pohodln\u00e9 nakupov\u00e1n\u00ed online<\/strong><\/p>\n\n<p>Nem\u00e1te \u010das nav\u0161t\u00edvit stacion\u00e1rn\u00ed prodejn\u00ed m\u00edsto? N\u00e1\u0161 intuitivn\u00ed internetov\u00fd obchod je v\u00e1m k dispozici! M\u016f\u017eete si snadno prohl\u00e9dnout cel\u00fd sortiment, porovnat modely a naj\u00edt podrobn\u00e9 informace o materi\u00e1lech, velikostech a barv\u00e1ch. D\u00edky p\u0159esn\u00fdm tabulk\u00e1m velikost\u00ed a kvalitn\u00edm fotografi\u00edm je objedn\u00e1n\u00ed dokonal\u00e9ho zdravotnick\u00e9ho pl\u00e1\u0161t\u011b snadn\u011bj\u0161\u00ed ne\u017e kdykoli p\u0159edt\u00edm. V\u00e1\u0161 nov\u00fd od\u011bv v\u00e1m bude doru\u010den rychle a bez probl\u00e9m\u016f.    <\/p>\n\n<h2 class=\"wp-block-heading\">Pro\u010d jsou l\u00e9ka\u0159sk\u00e9 pl\u00e1\u0161t\u011b od Med&amp;Beauty tou nejlep\u0161\u00ed volbou?<\/h2>\n\n<p>V\u00fdb\u011brem na\u0161ich v\u00fdrobk\u016f investujete do pohodl\u00ed a profesionality, kter\u00e9 v\u00e1s budou prov\u00e1zet ka\u017ed\u00fd pracovn\u00ed den.<\/p>\n\n<ul class=\"wp-block-list\">\n<li><strong>\u0160pi\u010dkov\u00e1 kvalita a pohodl\u00ed &#8211;<\/strong> na\u0161e l\u00e9ka\u0159sk\u00e9 z\u00e1st\u011bry <strong>\u0161ijeme<\/strong> z prody\u0161n\u00fdch a pru\u017en\u00fdch materi\u00e1l\u016f. Nejmodern\u011bj\u0161\u00ed tkaniny zaji\u0161\u0165uj\u00ed volnost pohybu a tepeln\u00fd komfort i b\u011bhem nejdel\u0161\u00ed pohotovosti. Oble\u010den\u00ed je odoln\u00e9 a nema\u010dkav\u00e9, tak\u017ee v\u017edy vypad\u00e1te esteticky.  <\/li>\n\n\n\n<li><strong>Funk\u010dnost a modern\u00ed estetika &#8211; ch\u00e1peme<\/strong> v\u00fdznam prakti\u010dnosti. Na\u0161e p\u00e1nsk\u00e9 i d\u00e1msk\u00e9 z\u00e1st\u011bry maj\u00ed chyt\u0159e navr\u017een\u00e9 prostorn\u00e9 kapsy, kter\u00e9 jsou ide\u00e1ln\u00ed pro ulo\u017een\u00ed nezbytn\u00fdch n\u00e1stroj\u016f. Nab\u00edz\u00edme \u0161irokou \u0161k\u00e1lu st\u0159ih\u016f &#8211; od klasick\u00fdch po modern\u00ed, v\u010detn\u011b v\u00e1zan\u00fdch a zap\u00ednan\u00fdch model\u016f, a bohatou paletu barev.  <\/li>\n\n\n\n<li><strong>Mo\u017enosti personalizace &#8211; chcete<\/strong>, aby v\u00e1\u0161 od\u011bv byl jedine\u010dn\u00fd? Kdy\u017e si vyberete na\u0161e od\u011bvy, m\u00e1te mo\u017enost p\u0159idat personalizovanou v\u00fd\u0161ivku s va\u0161\u00edm jm\u00e9nem, specialitou nebo logem va\u0161\u00ed provozovny. Je to dokonal\u00fd zp\u016fsob, jak zd\u016fraznit va\u0161i profesionalitu.  <\/li>\n<\/ul>\n\n<h2 class=\"wp-block-heading\">Jak se star\u00e1te o sv\u00e9 l\u00e9ka\u0159sk\u00e9 oble\u010den\u00ed? Va\u0161e bezpe\u010dnost je prioritou <\/h2>\n\n<p>Spr\u00e1vn\u00e9 pran\u00ed zdravotnick\u00fdch od\u011bv\u016f je kl\u00ed\u010dem k zachov\u00e1n\u00ed hygieny a bezpe\u010dnosti pro v\u00e1s i va\u0161e pacienty. Nezapome\u0148te, \u017ee l\u00e9ka\u0159sk\u00e9 uniformy mohou p\u0159en\u00e1\u0161et patogeny. Podle hygienick\u00fdch po\u017eadavk\u016f by se od\u011bvy m\u011bly pr\u00e1t odd\u011blen\u011b od b\u011b\u017en\u00e9ho oble\u010den\u00ed, p\u0159i spr\u00e1vn\u00e9 teplot\u011b a se spr\u00e1vn\u00fdmi prac\u00edmi prost\u0159edky. Mnoho za\u0159\u00edzen\u00ed vyu\u017e\u00edv\u00e1 profesion\u00e1ln\u00ed pr\u00e1delny, kter\u00e9 zaru\u010duj\u00ed sterilizaci od\u011bv\u016f. Investic\u00ed do kvalitn\u00ed z\u00e1st\u011bry od spole\u010dnosti Med&amp;Beauty si m\u016f\u017eete b\u00fdt jisti, \u017ee materi\u00e1l vydr\u017e\u00ed \u010dast\u00e9 pran\u00ed p\u0159i vysok\u00fdch teplot\u00e1ch, ani\u017e by ztratil barvu nebo st\u0159ih.    <\/p>\n\n<h2 class=\"wp-block-heading\">Nav\u0161tivte n\u00e1s a poc\u00edt\u00edte rozd\u00edl!<\/h2>\n\n<p>A\u0165 u\u017e pot\u0159ebujete elegantn\u00ed l\u00e9ka\u0159skou z\u00e1st\u011bru, barevn\u00e9 n\u00e1vleky nebo pohodlnou mikinu, v obchod\u011b Med&amp;Beauty v Poznani najdete v\u0161e, co pot\u0159ebujete. Zveme v\u00e1s k n\u00e1v\u0161t\u011bv\u011b na\u0161eho stacion\u00e1\u0159e nebo vyu\u017eijte na\u0161\u00ed online nab\u00eddky. P\u0159esv\u011bd\u010dte se, \u017ee profesion\u00e1ln\u00ed zdravotnick\u00e9 oble\u010den\u00ed m\u016f\u017ee b\u00fdt stylov\u00e9, pohodln\u00e9 a z\u00e1rove\u0148 odoln\u00e9.  <\/p>\n","protected":false},"excerpt":{"rendered":"<p>Pr\u00e1ce ve zdravotnictv\u00ed a kosmetice vy\u017eaduje nejen znalosti a odhodl\u00e1n\u00ed, ale tak\u00e9 spr\u00e1vn\u00e9 oble\u010den\u00ed. Oble\u010den\u00ed mus\u00ed zaji\u0161\u0165ovat pohodl\u00ed, bezpe\u010dnost a profesion\u00e1ln\u00ed vzhled. Pokud hled\u00e1te kvalitn\u00ed l\u00e9ka\u0159sk\u00e9 pl\u00e1\u0161t\u011b v Poznani, jste na spr\u00e1vn\u00e9m m\u00edst\u011b! V Med&amp;Beauty rozum\u00edme pot\u0159eb\u00e1m l\u00e9ka\u0159\u016f, zdravotn\u00edch sester, technik\u016f a kosmeti\u010dek. Nab\u00edz\u00edme od\u011bvy, kter\u00e9 spojuj\u00ed nejvy\u0161\u0161\u00ed standardy kvality, modern\u00ed estetiku a bezkonkuren\u010dn\u00ed funk\u010dnost. [&hellip;]<\/p>\n","protected":false},"author":43705,"featured_media":0,"parent":0,"menu_order":0,"comment_status":"closed","ping_status":"closed","template":"","meta":{"_acf_changed":false,"inline_featured_image":false,"footnotes":""},"class_list":["post-624572","page","type-page","status-publish","hentry"],"acf":[],"_links":{"self":[{"href":"https:\/\/dev.medandbeauty.com\/cs\/wp-json\/wp\/v2\/pages\/624572","targetHints":{"allow":["GET"]}}],"collection":[{"href":"https:\/\/dev.medandbeauty.com\/cs\/wp-json\/wp\/v2\/pages"}],"about":[{"href":"https:\/\/dev.medandbeauty.com\/cs\/wp-json\/wp\/v2\/types\/page"}],"author":[{"embeddable":true,"href":"https:\/\/dev.medandbeauty.com\/cs\/wp-json\/wp\/v2\/users\/43705"}],"replies":[{"embeddable":true,"href":"https:\/\/dev.medandbeauty.com\/cs\/wp-json\/wp\/v2\/comments?post=624572"}],"version-history":[{"count":2,"href":"https:\/\/dev.medandbeauty.com\/cs\/wp-json\/wp\/v2\/pages\/624572\/revisions"}],"predecessor-version":[{"id":624576,"href":"https:\/\/dev.medandbeauty.com\/cs\/wp-json\/wp\/v2\/pages\/624572\/revisions\/624576"}],"wp:attachment":[{"href":"https:\/\/dev.medandbeauty.com\/cs\/wp-json\/wp\/v2\/media?parent=624572"}],"curies":[{"name":"wp","href":"https:\/\/api.w.org\/{rel}","templated":true}]}}