{"id":624548,"date":"2025-11-27T14:41:28","date_gmt":"2025-11-27T13:41:28","guid":{"rendered":"https:\/\/dev.medandbeauty.com\/laboratorni-zastera-gdynia\/"},"modified":"2025-11-27T14:42:30","modified_gmt":"2025-11-27T13:42:30","slug":"laboratorni-zastera-gdynia","status":"publish","type":"page","link":"https:\/\/dev.medandbeauty.com\/cs\/laboratorni-zastera-gdynia\/","title":{"rendered":"Laboratorn\u00ed z\u00e1st\u011bra Gdynia"},"content":{"rendered":"\n<p>Pracovn\u00ed od\u011bv by m\u011bl b\u00fdt va\u0161\u00edm spojencem &#8211; nem\u011bl by v\u00e1s omezovat v pohybu, m\u011bl by umo\u017e\u0148ovat va\u0161\u00ed poko\u017ece d\u00fdchat a vy byste se v n\u011bm m\u011bli c\u00edtit sebev\u011bdom\u011b a profesion\u00e1ln\u011b. Na\u0161e <g id=\"gid_0\">laboratorn\u00ed z\u00e1st\u011bry dostupn\u00e9 v Gdyni jsou <\/g>navr\u017eeny tak, abyste se mohli pln\u011b soust\u0159edit na to nejd\u016fle\u017eit\u011bj\u0161\u00ed &#8211; na sv\u00e9 \u00fakoly a v\u00fdzkum. \u010c\u00edm vynikaj\u00ed?  <\/p>\n\n<p><strong>1. bezkonkuren\u010dn\u00ed pohodl\u00ed a odolnost &#8211; na\u0161e<\/strong> z\u00e1st\u011bry z <strong>pr\u00e9miov\u00e9<\/strong> \u0159ady, u\u0161it\u00e9 ze sm\u011bsi vysoce kvalitn\u00ed bavlny, nylonu a lycry, poskytuj\u00ed pru\u017enost a vynikaj\u00edc\u00ed prody\u0161nost. Zapome\u0148te na tuhou tkaninu &#8211; poci\u0165te volnost pohybu a pohodl\u00ed i b\u011bhem nejdel\u0161\u00edho dne v laborato\u0159i! <\/p>\n\n<p><strong>2. profesion\u00e1ln\u00ed a modern\u00ed vzhled &#8211; va\u0161e<\/strong> oble\u010den\u00ed je sou\u010d\u00e1st\u00ed va\u0161\u00ed profesion\u00e1ln\u00ed image. Nab\u00edz\u00edme p\u00e1nsk\u00e9 a d\u00e1msk\u00e9 l\u00e9ka\u0159sk\u00e9 pl\u00e1\u0161t\u011b s m\u00edrn\u011b vypasovan\u00fdmi st\u0159ihy, kter\u00e9 zv\u00fdrazn\u00ed va\u0161i postavu a z\u00e1rove\u0148 zajist\u00ed elegantn\u00ed vzhled. Chcete vyniknout? Vyu\u017eijte mo\u017enosti personalizace a p\u0159idejte v\u00fd\u0161ivku se sv\u00fdm jm\u00e9nem nebo logem va\u0161\u00ed instituce.   <\/p>\n\n<p><strong>3 Promy\u0161len\u00e1 funk\u010dnost &#8211; od\u011bvy<\/strong> dostupn\u00e9 v na\u0161ich obchodech jsou vybaveny prostorn\u00fdmi, strategicky um\u00edst\u011bn\u00fdmi kapsami &#8211; ide\u00e1ln\u00edmi na z\u00e1pisn\u00edk, telefon nebo drobn\u00e9 n\u00e1\u0159ad\u00ed. Pohodln\u00e9 zap\u00edn\u00e1n\u00ed na patentky zaji\u0161\u0165uje rychl\u00e9 obl\u00e9k\u00e1n\u00ed a svl\u00e9k\u00e1n\u00ed od\u011bv\u016f, co\u017e je v dynamick\u00e9m pracovn\u00edm prost\u0159ed\u00ed z\u00e1sadn\u00ed. <\/p>\n\n<h2 class=\"wp-block-heading\">Pohodln\u00e9 online nakupov\u00e1n\u00ed s doru\u010den\u00edm do Gdyn\u011b<\/h2>\n\n<p>V Gdyni sice existuj\u00ed obchody s ochrann\u00fdmi od\u011bvy, ale jejich nab\u00eddka je \u010dasto standardn\u00ed a omezen\u00e1. V Med&amp;Beauty m\u00e1te p\u0159\u00edstup k \u0161irok\u00e9mu sortimentu st\u0159ih\u016f, barev a velikost\u00ed &#8211; a to v\u0161e bez ztr\u00e1ty \u010dasu doj\u00ed\u017ed\u011bn\u00edm. Objedn\u00e1vku provedete online a my v\u00e1m ji doru\u010d\u00edme p\u0159\u00edmo ke dve\u0159\u00edm v Gdyni. Nejste si jisti svou velikost\u00ed? Na\u0161e podrobn\u00e1 tabulka velikost\u00ed a 100denn\u00ed bezplatn\u00e1 lh\u016fta na vr\u00e1cen\u00ed zbo\u017e\u00ed v\u00e1s uklidn\u00ed.    <\/p>\n\n<p>Specifikace na\u0161ich pr\u00e9miov\u00fdch z\u00e1st\u011br:<\/p>\n\n<ul class=\"wp-block-list\">\n<li><strong>Materi\u00e1l &#8211; sm\u011bs<\/strong> vysoce kvalitn\u00ed bavlny, nylonu a lycry pro pohodl\u00ed a odolnost.<\/li>\n\n\n\n<li><strong>St\u0159ih &#8211; modern\u00ed<\/strong> st\u0159ihy pro mu\u017ee i \u017eeny, kter\u00e9 poskytuj\u00ed volnost pohybu.<\/li>\n\n\n\n<li><strong>Kapsy &#8211; t\u0159i<\/strong> funk\u010dn\u00ed kapsy (dv\u011b na boc\u00edch, jedna na hrudi).<\/li>\n\n\n\n<li><strong>Zap\u00edn\u00e1n\u00ed &#8211; praktick\u00e9<\/strong> a robustn\u00ed patentky.<\/li>\n\n\n\n<li><strong>Personalizace &#8211; mo\u017enost<\/strong> p\u0159idat individu\u00e1ln\u00ed v\u00fd\u0161ivku.<\/li>\n\n\n\n<li><strong>P\u00e9\u010de &#8211; tkanina<\/strong> je odoln\u00e1 v\u016f\u010di \u010dast\u00e9mu pran\u00ed a snadno se udr\u017euje.<\/li>\n<\/ul>\n\n<h2 class=\"wp-block-heading\">Ide\u00e1ln\u00ed volba pro mnoho specialit<\/h2>\n\n<p>Na\u0161e laboratorn\u00ed z\u00e1st\u011bry jsou ide\u00e1ln\u00edm \u0159e\u0161en\u00edm pro:<\/p>\n\n<ul class=\"wp-block-list\">\n<li>zdravotnick\u00fd person\u00e1l, v\u00fdzkumn\u00fd person\u00e1l a person\u00e1l chemick\u00fdch laborato\u0159\u00ed,<\/li>\n\n\n\n<li>l\u00e9ka\u0159i, zdravotn\u00ed sestry a technici v nemocnic\u00edch a na klinik\u00e1ch,<\/li>\n\n\n\n<li>zubn\u00ed l\u00e9ka\u0159i a zubn\u00ed asistenti,<\/li>\n\n\n\n<li>student\u016f l\u00e9ka\u0159sk\u00fdch a p\u0159\u00edrodov\u011bdn\u00fdch obor\u016f na univerzit\u00e1ch v Trojm\u011bst\u00ed,<\/li>\n\n\n\n<li>profesion\u00e1lov\u00e9 v oblasti kr\u00e1sy a l\u00e1ze\u0148stv\u00ed.<\/li>\n<\/ul>\n\n<p>P\u0159idejte se k profesion\u00e1l\u016fm, kte\u0159\u00ed d\u016fv\u011b\u0159uj\u00ed spole\u010dnosti Med&amp;Beauty. Investujte do z\u00e1st\u011bry, kter\u00e1 nejen ochr\u00e1n\u00ed va\u0161e oble\u010den\u00ed, ale tak\u00e9 zv\u00fd\u0161\u00ed v\u00e1\u0161 pracovn\u00ed komfort a podtrhne va\u0161i profesion\u00e1ln\u00ed image. Zaji\u0161\u0165ujeme bezpe\u010dnou platbu a dopravu zdarma ji\u017e od 600 K\u010d. Objevte na\u0161i kompletn\u00ed kolekci laboratorn\u00edch pl\u00e1\u0161\u0165\u016f a objednejte si sv\u016fj dokonal\u00fd model s dod\u00e1n\u00edm do Gdyn\u011b je\u0161t\u011b dnes!   <\/p>\n","protected":false},"excerpt":{"rendered":"<p>Pracovn\u00ed od\u011bv by m\u011bl b\u00fdt va\u0161\u00edm spojencem &#8211; nem\u011bl by v\u00e1s omezovat v pohybu, m\u011bl by umo\u017e\u0148ovat va\u0161\u00ed poko\u017ece d\u00fdchat a vy byste se v n\u011bm m\u011bli c\u00edtit sebev\u011bdom\u011b a profesion\u00e1ln\u011b. Na\u0161e laboratorn\u00ed z\u00e1st\u011bry dostupn\u00e9 v Gdyni jsou navr\u017eeny tak, abyste se mohli pln\u011b soust\u0159edit na to nejd\u016fle\u017eit\u011bj\u0161\u00ed &#8211; na sv\u00e9 \u00fakoly a v\u00fdzkum. \u010c\u00edm [&hellip;]<\/p>\n","protected":false},"author":43705,"featured_media":0,"parent":0,"menu_order":0,"comment_status":"closed","ping_status":"closed","template":"","meta":{"_acf_changed":false,"inline_featured_image":false,"footnotes":""},"class_list":["post-624548","page","type-page","status-publish","hentry"],"acf":[],"_links":{"self":[{"href":"https:\/\/dev.medandbeauty.com\/cs\/wp-json\/wp\/v2\/pages\/624548","targetHints":{"allow":["GET"]}}],"collection":[{"href":"https:\/\/dev.medandbeauty.com\/cs\/wp-json\/wp\/v2\/pages"}],"about":[{"href":"https:\/\/dev.medandbeauty.com\/cs\/wp-json\/wp\/v2\/types\/page"}],"author":[{"embeddable":true,"href":"https:\/\/dev.medandbeauty.com\/cs\/wp-json\/wp\/v2\/users\/43705"}],"replies":[{"embeddable":true,"href":"https:\/\/dev.medandbeauty.com\/cs\/wp-json\/wp\/v2\/comments?post=624548"}],"version-history":[{"count":2,"href":"https:\/\/dev.medandbeauty.com\/cs\/wp-json\/wp\/v2\/pages\/624548\/revisions"}],"predecessor-version":[{"id":624551,"href":"https:\/\/dev.medandbeauty.com\/cs\/wp-json\/wp\/v2\/pages\/624548\/revisions\/624551"}],"wp:attachment":[{"href":"https:\/\/dev.medandbeauty.com\/cs\/wp-json\/wp\/v2\/media?parent=624548"}],"curies":[{"name":"wp","href":"https:\/\/api.w.org\/{rel}","templated":true}]}}