{"id":624535,"date":"2025-11-27T14:40:26","date_gmt":"2025-11-27T13:40:26","guid":{"rendered":"https:\/\/dev.medandbeauty.com\/laboratorni-zastera-gliwice\/"},"modified":"2025-11-27T14:41:39","modified_gmt":"2025-11-27T13:41:39","slug":"laboratorni-zastera-gliwice","status":"publish","type":"page","link":"https:\/\/dev.medandbeauty.com\/cs\/laboratorni-zastera-gliwice\/","title":{"rendered":"Laboratorn\u00ed z\u00e1st\u011bra Gliwice"},"content":{"rendered":"\n<p>Hled\u00e1te l\u00e9ka\u0159skou z\u00e1st\u011bru, kter\u00e1 spojuje profesion\u00e1ln\u00ed vzhled, bezpe\u010dnost a celodenn\u00ed pohodl\u00ed? Profesion\u00e1ln\u00ed od\u011bv je va\u0161\u00ed vizitkou a pracovn\u00edm n\u00e1strojem, kter\u00fd mus\u00ed b\u00fdt spolehliv\u00fd v dynamick\u00e9m prost\u0159ed\u00ed laborato\u0159e, kliniky nebo ordinace. <\/p>\n\n<p>A\u010dkoli je mo\u017en\u00e9 v Gliwic\u00edch naj\u00edt obchody se zdravotnick\u00fdm oble\u010den\u00edm nebo zdravotnick\u00fdmi a bezpe\u010dnostn\u00edmi pom\u016fckami, \u010dasto nab\u00edzej\u00ed standardn\u00ed, masov\u011b prod\u00e1van\u00e9 modely.<\/p>\n\n<p>Pokud chcete kvalitu, kter\u00e1 jde ruku v ruce s modern\u00edm designem a odolnost\u00ed, je nejlep\u0161\u00edm \u0159e\u0161en\u00edm n\u00e1kup online s doru\u010den\u00edm p\u0159\u00edmo k v\u00e1m dom\u016f. Ve spole\u010dnosti Med&amp;Beauty se specializujeme na vytv\u00e1\u0159en\u00ed zdravotnick\u00fdch od\u011bv\u016f, kter\u00e9 spl\u0148uj\u00ed o\u010dek\u00e1v\u00e1n\u00ed i t\u011bch nejn\u00e1ro\u010dn\u011bj\u0161\u00edch profesion\u00e1l\u016f. <\/p>\n\n<h2 class=\"wp-block-heading\">Jak si vybrat laboratorn\u00ed pl\u00e1\u0161\u0165, kter\u00fd v\u00e1m vydr\u017e\u00ed dlouh\u00e1 l\u00e9ta?<\/h2>\n\n<p>V\u00fdb\u011br spr\u00e1vn\u00e9 z\u00e1st\u011bry ovliv\u0148uje va\u0161e ka\u017edodenn\u00ed pohodl\u00ed a image. Sp\u00ed\u0161e ne\u017e na cenu je t\u0159eba upozornit na n\u011bkolik kl\u00ed\u010dov\u00fdch aspekt\u016f, kter\u00e9 na\u0161e v\u00fdrobky odli\u0161uj\u00ed: <\/p>\n\n<ul class=\"wp-block-list\">\n<li><strong>kvalitn\u00ed materi\u00e1ly &#8211; zapome\u0148te na<\/strong> tuh\u00e9 a neprody\u0161n\u00e9 l\u00e1tky! Na\u0161e pr\u00e9miov\u00e9 z\u00e1st\u011bry \u0161ijeme ze sm\u011bsi vysoce kvalitn\u00ed bavlny, nylonu a lycry. Tato kombinace zaru\u010duje vynikaj\u00edc\u00ed prody\u0161nost, pru\u017enost a odolnost. Z\u00e1rove\u0148 zaji\u0161\u0165uje, \u017ee od\u011bv dob\u0159e sed\u00ed a je odoln\u00fd proti poma\u010dk\u00e1n\u00ed.   <\/li>\n\n\n\n<li><strong>Funk\u010dn\u00ed st\u0159ih &#8211; ka\u017ed\u00e1<\/strong> z na\u0161ich l\u00e9ka\u0159sk\u00fdch z\u00e1st\u011br je navr\u017eena s ohledem na volnost pohybu. M\u00edrn\u011b p\u0159izp\u016fsoben\u00e9 st\u0159ihy, jak p\u00e1nsk\u00e9, tak d\u00e1msk\u00e9, zaji\u0161\u0165uj\u00ed profesion\u00e1ln\u00ed vzhled, ani\u017e by omezovaly pohyb. Zap\u00edn\u00e1n\u00ed na patentky usnad\u0148uje rychl\u00e9 obl\u00e9k\u00e1n\u00ed a svl\u00e9k\u00e1n\u00ed od\u011bvu.  <\/li>\n\n\n\n<li><strong>Praktick\u00e9 kapsy &#8211; dob\u0159e um\u00edst\u011bn\u00e9<\/strong> a prostorn\u00e9 kapsy jsou nutnost\u00ed. Tyto vymo\u017eenosti jsou ide\u00e1ln\u00ed pro ulo\u017een\u00ed pozn\u00e1mkov\u00e9ho bloku, telefonu nebo drobn\u00e9ho n\u00e1\u0159ad\u00ed &#8211; a ka\u017ed\u00e1 z na\u0161ich z\u00e1st\u011br je jimi vybavena. D\u00edky tomu budete m\u00edt v\u0161e pot\u0159ebn\u00e9 v\u017edy po ruce.  <\/li>\n\n\n\n<li><strong>Mo\u017enosti personalizace &#8211; chcete<\/strong> zd\u016fraznit svou profesionalitu? Nab\u00edz\u00edme v\u00e1m mo\u017enost p\u0159idat v\u00fd\u0161ivku s va\u0161\u00edm jm\u00e9nem, p\u0159\u00edjmen\u00edm nebo logem va\u0161\u00ed provozovny. Je to detail, kter\u00fd buduje d\u016fv\u011bru a d\u00e1v\u00e1 v\u00e1m vyniknout v pracovn\u00edm prost\u0159ed\u00ed.  <\/li>\n<\/ul>\n\n<h2 class=\"wp-block-heading\">P\u00e9\u010de o z\u00e1st\u011bru &#8211; proste pravidla pro maxim\u00e1ln\u00ed trvanlivost<\/h2>\n\n<p>Db\u00e1me na to, aby na\u0161e od\u011bvy byly nejen stylov\u00e9, ale tak\u00e9 se snadno udr\u017eovaly v bezvadn\u00e9m stavu. Zaj\u00edm\u00e1 v\u00e1s, zda va\u0161e nov\u00e1 z\u00e1st\u011bra pot\u0159ebuje specializovan\u00e9 \u010di\u0161t\u011bn\u00ed? Na\u0161e l\u00e1tky jsou navr\u017eeny tak, aby se daly pr\u00e1t doma v souladu s hygienick\u00fdmi po\u017eadavky. Nezapome\u0148te na:   <\/p>\n\n<ul class=\"wp-block-list\">\n<li>Z\u00e1st\u011bru perte p\u0159i teplot\u011b 40 \u00b0C, kter\u00e1 sta\u010d\u00ed k odstran\u011bn\u00ed v\u011bt\u0161iny mikroorganism\u016f, ani\u017e by do\u0161lo k po\u0161kozen\u00ed tkaniny,<\/li>\n\n\n\n<li>pou\u017e\u00edvejte prac\u00ed prost\u0159edky ur\u010den\u00e9 pro barevn\u00e9 textilie, abyste si d\u00e9le udr\u017eeli jejich dokonal\u00fd vzhled,<\/li>\n\n\n\n<li>\u017dehlete na lev\u00e9 stran\u011b, nejl\u00e9pe \u017eehli\u010dkou o teplot\u011b do 110 \u00b0C.<\/li>\n<\/ul>\n\n<p>Dodr\u017eov\u00e1n\u00edm t\u011bchto proste pravidel si m\u016f\u017eete b\u00fdt jisti, \u017ee si va\u0161e z\u00e1st\u011bra zachov\u00e1 sv\u016fj st\u0159ih, barvu a vlastnosti po dlouhou dobu intenzivn\u00edho pou\u017e\u00edv\u00e1n\u00ed.<\/p>\n\n<h2 class=\"wp-block-heading\">Objednejte si laboratorn\u00ed pl\u00e1\u0161\u0165 do Gliwic &#8211; rychle a pohodln\u011b<\/h2>\n\n<p>Neztr\u00e1cejte \u010das hled\u00e1n\u00edm v kamenn\u00fdch obchodech &#8211; vyberte si kvalitu a styl, kter\u00e9 nab\u00edz\u00ed Med&amp;Beauty. Prohl\u00e9dn\u011bte si na\u0161i kolekci l\u00e9ka\u0159sk\u00fdch pl\u00e1\u0161\u0165\u016f a najd\u011bte dokonal\u00fd model, kter\u00fd bude vyhovovat va\u0161im pot\u0159eb\u00e1m. Objednejte si je online a my v\u00e1m je doru\u010d\u00edme p\u0159\u00edmo na va\u0161i adresu v Gliwic\u00edch. Investujte do sv\u00e9ho pohodl\u00ed a profesion\u00e1ln\u00ed image je\u0161t\u011b dnes!   <\/p>\n","protected":false},"excerpt":{"rendered":"<p>Hled\u00e1te l\u00e9ka\u0159skou z\u00e1st\u011bru, kter\u00e1 spojuje profesion\u00e1ln\u00ed vzhled, bezpe\u010dnost a celodenn\u00ed pohodl\u00ed? Profesion\u00e1ln\u00ed od\u011bv je va\u0161\u00ed vizitkou a pracovn\u00edm n\u00e1strojem, kter\u00fd mus\u00ed b\u00fdt spolehliv\u00fd v dynamick\u00e9m prost\u0159ed\u00ed laborato\u0159e, kliniky nebo ordinace. A\u010dkoli je mo\u017en\u00e9 v Gliwic\u00edch naj\u00edt obchody se zdravotnick\u00fdm oble\u010den\u00edm nebo zdravotnick\u00fdmi a bezpe\u010dnostn\u00edmi pom\u016fckami, \u010dasto nab\u00edzej\u00ed standardn\u00ed, masov\u011b prod\u00e1van\u00e9 modely. Pokud chcete kvalitu, kter\u00e1 [&hellip;]<\/p>\n","protected":false},"author":43705,"featured_media":0,"parent":0,"menu_order":0,"comment_status":"closed","ping_status":"closed","template":"","meta":{"_acf_changed":false,"inline_featured_image":false,"footnotes":""},"class_list":["post-624535","page","type-page","status-publish","hentry"],"acf":[],"_links":{"self":[{"href":"https:\/\/dev.medandbeauty.com\/cs\/wp-json\/wp\/v2\/pages\/624535","targetHints":{"allow":["GET"]}}],"collection":[{"href":"https:\/\/dev.medandbeauty.com\/cs\/wp-json\/wp\/v2\/pages"}],"about":[{"href":"https:\/\/dev.medandbeauty.com\/cs\/wp-json\/wp\/v2\/types\/page"}],"author":[{"embeddable":true,"href":"https:\/\/dev.medandbeauty.com\/cs\/wp-json\/wp\/v2\/users\/43705"}],"replies":[{"embeddable":true,"href":"https:\/\/dev.medandbeauty.com\/cs\/wp-json\/wp\/v2\/comments?post=624535"}],"version-history":[{"count":1,"href":"https:\/\/dev.medandbeauty.com\/cs\/wp-json\/wp\/v2\/pages\/624535\/revisions"}],"predecessor-version":[{"id":624537,"href":"https:\/\/dev.medandbeauty.com\/cs\/wp-json\/wp\/v2\/pages\/624535\/revisions\/624537"}],"wp:attachment":[{"href":"https:\/\/dev.medandbeauty.com\/cs\/wp-json\/wp\/v2\/media?parent=624535"}],"curies":[{"name":"wp","href":"https:\/\/api.w.org\/{rel}","templated":true}]}}