{"id":624217,"date":"2025-11-27T12:40:58","date_gmt":"2025-11-27T11:40:58","guid":{"rendered":"https:\/\/dev.medandbeauty.com\/kosmeticke-zastery-poznan\/"},"modified":"2025-11-27T12:42:10","modified_gmt":"2025-11-27T11:42:10","slug":"kosmeticke-zastery-poznan","status":"publish","type":"page","link":"https:\/\/dev.medandbeauty.com\/cs\/kosmeticke-zastery-poznan\/","title":{"rendered":"Kosmetick\u00e9 z\u00e1st\u011bry Pozna\u0148"},"content":{"rendered":"\n<p>V ka\u017edodenn\u00edm provozu salonu z\u00e1le\u017e\u00ed nejen na profesionalit\u011b, ale tak\u00e9 na tom, jak se t\u00fdm prezentuje. Image zam\u011bstnance ovliv\u0148uje vn\u00edm\u00e1n\u00ed cel\u00e9 zna\u010dky &#8211; a dob\u0159e zvolen\u00e9 oble\u010den\u00ed buduje d\u016fv\u011bru a zd\u016fraz\u0148uje profesionalitu. <g id=\"gid_0\">Kosmetick\u00e9 z\u00e1st\u011bry dostupn\u00e9 v Poznani jsou<\/g> nab\u00eddkou pro lidi, kte\u0159\u00ed cht\u011bj\u00ed spojit pohodl\u00ed s estetikou a postarat se o sv\u00e9 pohodl\u00ed b\u011bhem mnoha hodin pr\u00e1ce. V Med&amp;Beauty se zam\u011b\u0159ujeme na \u0159e\u0161en\u00ed, kter\u00e1 byla vytvo\u0159ena tak, aby spl\u0148ovala skute\u010dn\u00e9 pot\u0159eby kosmetick\u00e9ho pr\u016fmyslu.  <\/p>\n\n<p>Na\u0161e v\u00fdrobky jsou vyr\u00e1b\u011bny v Polsku, co\u017e n\u00e1m umo\u017e\u0148uje kontrolovat ka\u017edou f\u00e1zi jejich v\u00fdroby. Spolupracujeme s praktiky, kte\u0159\u00ed na\u0161e z\u00e1st\u011bry testuj\u00ed v ka\u017edodenn\u00edch podm\u00ednk\u00e1ch. D\u00edky tomu v\u00edme, \u017ee nab\u00edz\u00edme od\u011bvy, kter\u00e9 funguj\u00ed a vypadaj\u00ed dob\u0159e po dlouhou dobu. Vysoce kvalitn\u00ed materi\u00e1ly, pe\u010dliv\u00e9 zpracov\u00e1n\u00ed a \u0161irok\u00e1 \u0161k\u00e1la styl\u016f &#8211; tyto p\u0159ednosti znamenaj\u00ed, \u017ee si ka\u017ed\u00fd najde n\u011bco pro sebe.   <\/p>\n\n<h2 class=\"wp-block-heading\">Kde koupit kosmetick\u00e9 z\u00e1st\u011bry v Poznani? Stacion\u00e1rn\u00ed prodejny a online <\/h2>\n\n<p>V\u00fdb\u011br m\u00edsta n\u00e1kupu pracovn\u00edch od\u011bv\u016f je ot\u00e1zkou pohodl\u00ed a d\u016fv\u011bry v prodejce. Na\u0161e kosmetick\u00e9 z\u00e1st\u011bry m\u016f\u017eete zakoupit jak v kamenn\u00e9m obchod\u011b, tak online. Ti, kte\u0159\u00ed d\u00e1vaj\u00ed p\u0159ednost osobn\u00ed prohl\u00eddce v\u00fdrobku, mohou nav\u0161t\u00edvit na\u0161e prodejn\u00ed m\u00edsto v Poznani a vyu\u017e\u00edt asistence poradce. Pro ty, kte\u0159\u00ed ocen\u00ed rychl\u00fd n\u00e1kup, ani\u017e by museli opustit domov, jsme p\u0159ipravili intuitivn\u00ed internetov\u00fd obchod.   <\/p>\n\n<p>Objedn\u00e1vky zpracov\u00e1v\u00e1me efektivn\u011b a v p\u0159\u00edpad\u011b pot\u0159eby umo\u017e\u0148ujeme vr\u00e1cen\u00ed nebo v\u00fdm\u011bnu v\u00fdrobku. Z\u00e1kazn\u00edci se mohou spolehnout na podporu v ka\u017ed\u00e9 f\u00e1zi n\u00e1kupu &#8211; od v\u00fdb\u011bru modelu a\u017e po dokon\u010den\u00ed transakce. Kosmetick\u00e9 z\u00e1st\u011bry jsou k dispozici v obou prodejn\u00edch kan\u00e1lech, co\u017e umo\u017e\u0148uje p\u0159izp\u016fsobit zp\u016fsob n\u00e1kupu va\u0161im preferenc\u00edm.  <\/p>\n\n<h2 class=\"wp-block-heading\">Jak\u00e9 kosmetick\u00e9 z\u00e1st\u011bry si vybrat? Srovn\u00e1n\u00ed pr\u00e9miov\u00fdch a z\u00e1kladn\u00edch kolekc\u00ed <\/h2>\n\n<p>V\u00fdb\u011br spr\u00e1vn\u00e9ho oble\u010den\u00ed do pr\u00e1ce je nejen ot\u00e1zkou pohodl\u00ed, ale tak\u00e9 v\u00fdrazem p\u00e9\u010de o vlastn\u00ed image. Kosmetick\u00e9 z\u00e1st\u011bry s expedic\u00ed do Poznan\u011b jsou k dispozici ve dvou kolekc\u00edch, kter\u00e9 odpov\u00eddaj\u00ed r\u016fzn\u00fdm pot\u0159eb\u00e1m a o\u010dek\u00e1v\u00e1n\u00edm. Ka\u017ed\u00e1 z nich byla navr\u017eena s ohledem na jin\u00e9 priority. D\u00edky tomu si m\u016f\u017eete vybrat \u0159e\u0161en\u00ed, kter\u00e9 nejl\u00e9pe vyhovuje va\u0161emu stylu pr\u00e1ce.   <\/p>\n\n<p>Kolekce Premium je ur\u010dena pro ty, kte\u0159\u00ed ocen\u00ed p\u0159\u00edrodn\u00ed tkaniny a elegantn\u00ed vzhled. Materi\u00e1lem je p\u0159ev\u00e1\u017en\u011b bavlna, kter\u00e1 zaji\u0161\u0165uje m\u011bkkost a prody\u0161nost. P\u0159\u00eddavek nylonu a lycry zaji\u0161\u0165uje odolnost a pru\u017enost. Z\u00e1st\u011bry z t\u00e9to \u0159ady jsou ide\u00e1ln\u00ed pro salony, kde z\u00e1le\u017e\u00ed na presti\u017ei a celodenn\u00edm pohodl\u00ed.   <\/p>\n\n<p>Z\u00e1kladn\u00ed kolekce je volbou pro ty, kte\u0159\u00ed kladou d\u016fraz na prakti\u010dnost a snadnou \u00fadr\u017ebu. D\u00edky kombinaci polyesteru, visk\u00f3zy a lycry je l\u00e1tka odoln\u00e1 proti poma\u010dk\u00e1n\u00ed, rychleschnouc\u00ed a nen\u00e1ro\u010dn\u00e1 na \u00fadr\u017ebu. Je \u0159e\u0161en\u00edm pro ty, kte\u0159\u00ed hledaj\u00ed spolehliv\u00e9 oble\u010den\u00ed pro n\u00e1ro\u010dn\u00e9 pracovn\u00ed dny.  <\/p>\n\n<p>Kdy\u017e si vyberete kosmetick\u00e9 z\u00e1st\u011bry z Poznan\u011b, m\u016f\u017eete se spolehnout na:<\/p>\n\n<ul class=\"wp-block-list\">\n<li>Pe\u010dliv\u00e1 povrchov\u00e1 \u00faprava ka\u017ed\u00e9ho modelu,<\/li>\n\n\n\n<li>praktick\u00e9 testy s odborn\u00edky,<\/li>\n\n\n\n<li>\u0161irokou \u0161k\u00e1lu st\u0159ih\u016f, kter\u00e9 se hod\u00ed k r\u016fzn\u00fdm postav\u00e1m,<\/li>\n\n\n\n<li>pohodln\u00e9 no\u0161en\u00ed i b\u011bhem dlouh\u00fdch hodin l\u00e9\u010dby,<\/li>\n\n\n\n<li>materi\u00e1ly, kter\u00e9 si dlouhodob\u011b zachov\u00e1vaj\u00ed sv\u00e9 vlastnosti a estetiku.<\/li>\n<\/ul>\n\n<p>A\u0165 u\u017e si vyberete jakoukoli kolekci, m\u00e1te jistotu, \u017ee dost\u00e1v\u00e1te v\u00fdrobek navr\u017een\u00fd s ohledem na skute\u010dn\u00e9 pot\u0159eby kosmetick\u00e9ho pr\u016fmyslu.<\/p>\n\n<h2 class=\"wp-block-heading\">Jak se starat o kosmetickou z\u00e1st\u011bru, aby vydr\u017eela dlouh\u00e1 l\u00e9ta?<\/h2>\n\n<p>Spr\u00e1vn\u00e1 p\u00e9\u010de o pracovn\u00ed od\u011bv usnad\u0148uje zachov\u00e1n\u00ed jeho vzhledu a funk\u010dnosti po dlouhou dobu. P\u0159i v\u00fdb\u011bru na\u0161ich kosmetick\u00fdch z\u00e1st\u011br byste m\u011bli dodr\u017eovat n\u011bkolik prost\u00fdch pravidel. <\/p>\n\n<p>Doporu\u010dujeme pr\u00e1t p\u0159i teplot\u011b do 40 \u00b0C s podobn\u00fdmi barvami, \u017eehlit na lev\u00e9 stran\u011b p\u0159i teplot\u011b do 110 \u00b0C a vyh\u00fdbat se siln\u00fdm prac\u00edm prost\u0159edk\u016fm a b\u011blidl\u016fm. Od\u011bv nesu\u0161te v su\u0161i\u010dce ani ne\u010dist\u011bte chemicky. Dodr\u017eov\u00e1n\u00ed t\u011bchto rad v\u00e1m umo\u017en\u00ed u\u017e\u00edvat si vysokou kvalitu po dlouhou dobu.  <\/p>\n\n<h2 class=\"wp-block-heading\">Pe\u010dujte o svou image &#8211; vsa\u010fte na profesionalitu a pohodl\u00ed<\/h2>\n\n<p>Promy\u0161len\u00fd v\u00fdb\u011br pracovn\u00edho oble\u010den\u00ed je investic\u00ed do pohodl\u00ed a presti\u017ee. Kosmetick\u00e9 z\u00e1st\u011bry s expedic\u00ed do Poznan\u011b vynikaj\u00ed v ka\u017ed\u00e9m ohledu. Jedn\u00e1 se o od\u011bvy z polsk\u00e9 v\u00fdroby, jejich\u017e kvalita je kontrolov\u00e1na v ka\u017ed\u00e9 f\u00e1zi. Tyto od\u011bvy jsou vyrobeny pouze z testovan\u00fdch materi\u00e1l\u016f a jsou k dost\u00e1n\u00ed v kamenn\u00fdch prodejn\u00e1ch i online. Mo\u017enost personalizace v\u00e1m umo\u017en\u00ed odli\u0161it v\u00e1\u0161 salon na trhu a vybudovat si pov\u011bdom\u00ed o zna\u010dce.    <\/p>\n\n<p>Nev\u00e1hejte n\u00e1s kontaktovat, nav\u0161tivte n\u00e1\u0161 pap\u00edrnictv\u00ed nebo vyu\u017eijte na\u0161i online nab\u00eddku. Jsme zde, abychom v\u00e1m pomohli vybrat to nejlep\u0161\u00ed \u0159e\u0161en\u00ed pro ka\u017ed\u00e9ho profesion\u00e1la v oblasti kr\u00e1sy. <\/p>\n","protected":false},"excerpt":{"rendered":"<p>V ka\u017edodenn\u00edm provozu salonu z\u00e1le\u017e\u00ed nejen na profesionalit\u011b, ale tak\u00e9 na tom, jak se t\u00fdm prezentuje. Image zam\u011bstnance ovliv\u0148uje vn\u00edm\u00e1n\u00ed cel\u00e9 zna\u010dky &#8211; a dob\u0159e zvolen\u00e9 oble\u010den\u00ed buduje d\u016fv\u011bru a zd\u016fraz\u0148uje profesionalitu. Kosmetick\u00e9 z\u00e1st\u011bry dostupn\u00e9 v Poznani jsou nab\u00eddkou pro lidi, kte\u0159\u00ed cht\u011bj\u00ed spojit pohodl\u00ed s estetikou a postarat se o sv\u00e9 pohodl\u00ed b\u011bhem mnoha [&hellip;]<\/p>\n","protected":false},"author":43705,"featured_media":0,"parent":0,"menu_order":0,"comment_status":"closed","ping_status":"closed","template":"","meta":{"_acf_changed":false,"inline_featured_image":false,"footnotes":""},"class_list":["post-624217","page","type-page","status-publish","hentry"],"acf":[],"_links":{"self":[{"href":"https:\/\/dev.medandbeauty.com\/cs\/wp-json\/wp\/v2\/pages\/624217","targetHints":{"allow":["GET"]}}],"collection":[{"href":"https:\/\/dev.medandbeauty.com\/cs\/wp-json\/wp\/v2\/pages"}],"about":[{"href":"https:\/\/dev.medandbeauty.com\/cs\/wp-json\/wp\/v2\/types\/page"}],"author":[{"embeddable":true,"href":"https:\/\/dev.medandbeauty.com\/cs\/wp-json\/wp\/v2\/users\/43705"}],"replies":[{"embeddable":true,"href":"https:\/\/dev.medandbeauty.com\/cs\/wp-json\/wp\/v2\/comments?post=624217"}],"version-history":[{"count":1,"href":"https:\/\/dev.medandbeauty.com\/cs\/wp-json\/wp\/v2\/pages\/624217\/revisions"}],"predecessor-version":[{"id":624218,"href":"https:\/\/dev.medandbeauty.com\/cs\/wp-json\/wp\/v2\/pages\/624217\/revisions\/624218"}],"wp:attachment":[{"href":"https:\/\/dev.medandbeauty.com\/cs\/wp-json\/wp\/v2\/media?parent=624217"}],"curies":[{"name":"wp","href":"https:\/\/api.w.org\/{rel}","templated":true}]}}