{"id":624197,"date":"2025-11-27T12:40:03","date_gmt":"2025-11-27T11:40:03","guid":{"rendered":"https:\/\/dev.medandbeauty.com\/zdravotnicke-odevy-opole\/"},"modified":"2025-11-27T12:40:53","modified_gmt":"2025-11-27T11:40:53","slug":"zdravotnicke-odevy-opole","status":"publish","type":"page","link":"https:\/\/dev.medandbeauty.com\/cs\/zdravotnicke-odevy-opole\/","title":{"rendered":"Zdravotnick\u00e9 od\u011bvy Opole"},"content":{"rendered":"\n<p>V\u00fdb\u011br spr\u00e1vn\u00e9ho zdravotnick\u00e9ho od\u011bvu je d\u016fle\u017eit\u00fdm rozhodnut\u00edm, kter\u00e9 ovliv\u0148uje va\u0161e ka\u017edodenn\u00ed pohodl\u00ed a komfort. V Opol\u00ed je k dispozici n\u011bkolik stacion\u00e1rn\u00edch prodejen &#8211; ale pr\u00e1v\u011b internetov\u00fd obchod v\u00e1m d\u00e1v\u00e1 nejv\u011bt\u0161\u00ed svobodu v\u00fdb\u011bru a plnou kontrolu nad n\u00e1kupem. Nab\u00edz\u00edme \u0161irok\u00fd sortiment pohodln\u00e9ho oble\u010den\u00ed, kter\u00e9 si m\u016f\u017eete objednat, ani\u017e byste museli opustit domov. Ka\u017ed\u00fd v\u00fdrobek je podrobn\u011b pops\u00e1n a fotografie odr\u00e1\u017eej\u00ed skute\u010dn\u00fd vzhled a barvy oble\u010den\u00ed.   <\/p>\n\n<p>P\u0159i online nakupov\u00e1n\u00ed m\u016f\u017eete s klidn\u00fdm sv\u011bdom\u00edm porovn\u00e1vat r\u016fzn\u00e9 modely, barvy a velikosti. Na webov\u00fdch str\u00e1nk\u00e1ch m\u016f\u017eete pou\u017e\u00edvat praktick\u00e9 filtry, kter\u00e9 usnad\u0148uj\u00ed nalezen\u00ed dokonal\u00e9ho produktu. Objedn\u00e1vky jsou zpracov\u00e1v\u00e1ny rychle, co\u017e zaru\u010duje, \u017ee se k v\u00e1m z\u00e1silka dostane v co nejkrat\u0161\u00ed dob\u011b. Doru\u010den\u00ed se vztahuje na cel\u00e9 Opole a okol\u00ed a u v\u011bt\u0161\u00edch objedn\u00e1vek se m\u016f\u017eete spolehnout na dopravu zdarma. Pokud m\u00e1te dotazy nebo pot\u0159ebujete poradit, n\u00e1\u0161 t\u00fdm je v\u00e1m k dispozici v ka\u017ed\u00e9 f\u00e1zi n\u00e1kupu &#8211; od v\u00fdb\u011bru produktu a\u017e po dokon\u010den\u00ed objedn\u00e1vky.    <\/p>\n\n<h2 class=\"wp-block-heading\">Kolekce zdravotnick\u00e9ho oble\u010den\u00ed &#8211; jak\u00fd je rozd\u00edl mezi pr\u00e9miov\u00fdm a z\u00e1kladn\u00edm oble\u010den\u00edm?<\/h2>\n\n<p>Vyvinuli jsme dv\u011b jedine\u010dn\u00e9 produktov\u00e9 \u0159ady. D\u00edky tomu m\u016f\u017eete dokonale p\u0159izp\u016fsobit oble\u010den\u00ed sv\u00fdm pot\u0159eb\u00e1m, charakteru pr\u00e1ce a preferenc\u00edm. P\u0159i n\u00e1kupu <strong>zdravotnick\u00fdch od\u011bv\u016f s dod\u00e1n\u00edm do Opole<\/strong> m\u00e1te na v\u00fdb\u011br ze dvou kolekc\u00ed:  <\/p>\n\n<ul class=\"wp-block-list\">\n<li><strong>Premium &#8211; vytvo\u0159eno<\/strong> s ohledem na nejn\u00e1ro\u010dn\u011bj\u0161\u00ed profesion\u00e1ly. Jedn\u00e1 se o sm\u011bs vysoce kvalitn\u00ed bavlny, nylonu a lycry. Je ide\u00e1ln\u00ed volbou pro ty, kte\u0159\u00ed ocen\u00ed p\u0159\u00edrodn\u00ed materi\u00e1ly, v\u00fdjime\u010dnou prody\u0161nost a bezkonkuren\u010dn\u00ed pohodl\u00ed p\u0159i no\u0161en\u00ed b\u011bhem cel\u00e9ho pracovn\u00edho dne.  <\/li>\n\n\n\n<li><strong>Basic &#8211; na b\u00e1zi<\/strong> inovativn\u00ed kombinace polyesteru, visk\u00f3zy a lycry. Zaru\u010duje mimo\u0159\u00e1dnou trvanlivost, odolnost proti ma\u010dk\u00e1n\u00ed a snadnou \u00fadr\u017ebu. Je to praktick\u00e9 \u0159e\u0161en\u00ed, kter\u00e9 si zachov\u00e1v\u00e1 skv\u011bl\u00fd vzhled a funk\u010dnost za velmi atraktivn\u00ed cenu.  <\/li>\n<\/ul>\n\n<h2 class=\"wp-block-heading\">Materi\u00e1lov\u00e9 slo\u017een\u00ed a p\u00e9\u010de &#8211; jak pe\u010dovat o zdravotnick\u00e9 od\u011bvy?<\/h2>\n\n<p>Tajemstv\u00ed na\u0161ich od\u011bv\u016f spo\u010d\u00edv\u00e1 v technologicky vysp\u011bl\u00fdch tkanin\u00e1ch. D\u00edky pe\u010dliv\u011b vybran\u00fdm slo\u017een\u00edm, jako jsou sm\u011bsi bavlny, polyesteru, nylonu, visk\u00f3zy a lycry, m\u016f\u017eeme vytv\u00e1\u0159et od\u011bvy, kter\u00e9 jsou t\u00e9m\u011b\u0159 dokonal\u00e9. <\/p>\n\n<p>Bavlna a visk\u00f3za zaji\u0161\u0165uj\u00ed m\u011bkkost a prody\u0161nost. Polyester a nylon naopak zvy\u0161uj\u00ed odolnost a usnad\u0148uj\u00ed \u00fadr\u017ebu od\u011bvu. Aby v\u00e1m uniforma slou\u017eila v bezvadn\u00e9m stavu co nejd\u00e9le, v\u017edy se \u0159i\u010fte pokyny k p\u00e9\u010di uveden\u00fdmi na \u0161t\u00edtku. Zajist\u00edte tak zachov\u00e1n\u00ed intenzity barev, tvaru a vlastnost\u00ed tkaniny. Nepou\u017e\u00edvejte tak\u00e9 siln\u00e9 prac\u00ed prost\u0159edky a vyhn\u011bte se su\u0161en\u00ed v su\u0161i\u010dce.    <\/p>\n\n<h2 class=\"wp-block-heading\">Pro\u010d si vybrat na\u0161e zdravotnick\u00e9 oble\u010den\u00ed? Kvalita, testov\u00e1n\u00ed a polsk\u00e1 v\u00fdroba <\/h2>\n\n<p>D\u016fv\u011bru na\u0161ich z\u00e1kazn\u00edk\u016f budujeme na pevn\u00fdch z\u00e1kladech. Na trhu n\u00e1s odli\u0161uje n\u00e1\u0161 nekompromisn\u00ed p\u0159\u00edstup ke kvalit\u011b, kter\u00fd stoj\u00ed na n\u011bkolika pil\u00ed\u0159\u00edch: <\/p>\n\n<ul class=\"wp-block-list\">\n<li><strong>Polsk\u00e1 v\u00fdroba &#8211; ve\u0161ker\u00e9<\/strong> na\u0161e oble\u010den\u00ed je navr\u017eeno a u\u0161ito v Polsku. D\u00edky tomu m\u00e1me plnou kontrolu nad ka\u017edou f\u00e1z\u00ed v\u00fdroby a db\u00e1me i na ty nejmen\u0161\u00ed detaily, <\/li>\n\n\n\n<li><strong>testov\u00e1no profesion\u00e1ly &#8211; p\u0159ed<\/strong> uveden\u00edm nov\u00e9 kolekce do prodeje proch\u00e1z\u00ed \u0159adou praktick\u00fdch test\u016f. Spolupracujeme s l\u00e9ka\u0159i, zdravotn\u00edmi sestrami, studenty medic\u00edny a kosmetology, jejich\u017e n\u00e1zory a podn\u011bty jsou pro n\u00e1s v tv\u016fr\u010d\u00edm procesu z\u00e1sadn\u00ed, <\/li>\n\n\n\n<li><strong>osv\u011bd\u010den\u00e9 materi\u00e1ly se specifick\u00fdmi vlastnostmi &#8211; pou\u017e\u00edv\u00e1me<\/strong> pouze l\u00e1tky od osv\u011bd\u010den\u00fdch dodavatel\u016f, kter\u00e9 jsou bezpe\u010dn\u00e9 pro poko\u017eku, odoln\u00e9 a poskytuj\u00ed maxim\u00e1ln\u00ed pohodl\u00ed.<\/li>\n<\/ul>\n\n<h2 class=\"wp-block-heading\">Objednejte si zdravotnick\u00e9 oble\u010den\u00ed v Opol\u00ed &#8211; rychl\u00e9 dod\u00e1n\u00ed a podpora<\/h2>\n\n<p>Objedn\u00e1v\u00e1n\u00ed zdravotnick\u00fdch od\u011bv\u016f nemus\u00ed b\u00fdt slo\u017eit\u00e9 ani \u010dasov\u011b n\u00e1ro\u010dn\u00e9! Sta\u010d\u00ed p\u00e1r kliknut\u00ed, abyste si vybrali spr\u00e1vn\u00fd model, velikost a barvu &#8211; a my se postar\u00e1me o zbytek. Ke ka\u017ed\u00e9 objedn\u00e1vce p\u0159istupujeme individu\u00e1ln\u011b a db\u00e1me na to, aby dorazila rychle a bezpe\u010dn\u011b. N\u00e1\u0161 t\u00fdm je v\u017edy p\u0159ipraven zodpov\u011bd\u011bt va\u0161e dotazy a pomoci v\u00e1m vybrat to nejlep\u0161\u00ed \u0159e\u0161en\u00ed.   <\/p>\n\n<p>Podporujeme v\u00e1s v ka\u017ed\u00e9 f\u00e1zi n\u00e1kupu &#8211; od prvn\u00edho kontaktu a poradenstv\u00ed a\u017e po zpracov\u00e1n\u00ed objedn\u00e1vky a poprodejn\u00ed servis. V p\u0159\u00edpad\u011b jak\u00fdchkoli pochybnost\u00ed se m\u016f\u017eete spolehnout na na\u0161i pomoc a flexibiln\u00ed p\u0159\u00edstup. Nab\u00edz\u00edme jasn\u00e9 podm\u00ednky pro vr\u00e1cen\u00ed a v\u00fdm\u011bnu zbo\u017e\u00ed, d\u00edky nim\u017e bude v\u00e1\u0161 n\u00e1kup zcela bezpe\u010dn\u00fd.  <\/p>\n\n<p>Neodkl\u00e1dejte rozhodnut\u00ed o zv\u00fd\u0161en\u00ed sv\u00e9ho pohodl\u00ed v pr\u00e1ci. Prohl\u00e9dn\u011bte si na\u0161i nab\u00eddku zdravotnick\u00fdch od\u011bv\u016f, vyberte si v\u00fdrobky podle sv\u00fdch pot\u0159eb a objednejte si je s dod\u00e1n\u00edm do Opole. Pe\u010dujte o svou profesion\u00e1ln\u00ed image a pohodl\u00ed ka\u017ed\u00fd den &#8211; je to investice, kter\u00e1 se rychle vr\u00e1t\u00ed!  <\/p>\n","protected":false},"excerpt":{"rendered":"<p>V\u00fdb\u011br spr\u00e1vn\u00e9ho zdravotnick\u00e9ho od\u011bvu je d\u016fle\u017eit\u00fdm rozhodnut\u00edm, kter\u00e9 ovliv\u0148uje va\u0161e ka\u017edodenn\u00ed pohodl\u00ed a komfort. V Opol\u00ed je k dispozici n\u011bkolik stacion\u00e1rn\u00edch prodejen &#8211; ale pr\u00e1v\u011b internetov\u00fd obchod v\u00e1m d\u00e1v\u00e1 nejv\u011bt\u0161\u00ed svobodu v\u00fdb\u011bru a plnou kontrolu nad n\u00e1kupem. Nab\u00edz\u00edme \u0161irok\u00fd sortiment pohodln\u00e9ho oble\u010den\u00ed, kter\u00e9 si m\u016f\u017eete objednat, ani\u017e byste museli opustit domov. Ka\u017ed\u00fd v\u00fdrobek je podrobn\u011b [&hellip;]<\/p>\n","protected":false},"author":43705,"featured_media":0,"parent":0,"menu_order":0,"comment_status":"closed","ping_status":"closed","template":"","meta":{"_acf_changed":false,"inline_featured_image":false,"footnotes":""},"class_list":["post-624197","page","type-page","status-publish","hentry"],"acf":[],"_links":{"self":[{"href":"https:\/\/dev.medandbeauty.com\/cs\/wp-json\/wp\/v2\/pages\/624197","targetHints":{"allow":["GET"]}}],"collection":[{"href":"https:\/\/dev.medandbeauty.com\/cs\/wp-json\/wp\/v2\/pages"}],"about":[{"href":"https:\/\/dev.medandbeauty.com\/cs\/wp-json\/wp\/v2\/types\/page"}],"author":[{"embeddable":true,"href":"https:\/\/dev.medandbeauty.com\/cs\/wp-json\/wp\/v2\/users\/43705"}],"replies":[{"embeddable":true,"href":"https:\/\/dev.medandbeauty.com\/cs\/wp-json\/wp\/v2\/comments?post=624197"}],"version-history":[{"count":1,"href":"https:\/\/dev.medandbeauty.com\/cs\/wp-json\/wp\/v2\/pages\/624197\/revisions"}],"predecessor-version":[{"id":624199,"href":"https:\/\/dev.medandbeauty.com\/cs\/wp-json\/wp\/v2\/pages\/624197\/revisions\/624199"}],"wp:attachment":[{"href":"https:\/\/dev.medandbeauty.com\/cs\/wp-json\/wp\/v2\/media?parent=624197"}],"curies":[{"name":"wp","href":"https:\/\/api.w.org\/{rel}","templated":true}]}}