{"id":624180,"date":"2025-11-27T12:38:24","date_gmt":"2025-11-27T11:38:24","guid":{"rendered":"https:\/\/dev.medandbeauty.com\/zdravotnicke-odevy-torun\/"},"modified":"2025-11-27T12:40:21","modified_gmt":"2025-11-27T11:40:21","slug":"zdravotnicke-odevy-torun","status":"publish","type":"page","link":"https:\/\/dev.medandbeauty.com\/cs\/zdravotnicke-odevy-torun\/","title":{"rendered":"Zdravotnick\u00e9 od\u011bvy Toru\u0148"},"content":{"rendered":"\n<p>Zaj\u00edm\u00e1 v\u00e1s, kde se nejl\u00e9pe z\u00e1sob\u00edte kvalitn\u00edmi uniformami? P\u0159esto\u017ee v Toruni zat\u00edm nem\u00e1me stacion\u00e1rn\u00ed prodejnu, n\u00e1\u0161 internetov\u00fd obchod je odpov\u011bd\u00ed na va\u0161e pot\u0159eby. Nab\u00edz\u00edme rychl\u00e9 a bezprobl\u00e9mov\u00e9 doru\u010den\u00ed <strong>zdravotnick\u00fdch od\u011bv\u016f p\u0159\u00edmo do Torun\u011b.<\/strong> Pro\u010d je online nakupov\u00e1n\u00ed v Med&amp;Beauty t\u00edm nejlep\u0161\u00edm \u0159e\u0161en\u00edm?   <\/p>\n\n<ul class=\"wp-block-list\">\n<li><strong>Pohodl\u00ed a \u00faspora \u010dasu &#8211; objednejte si<\/strong> kdykoli, ani\u017e byste opustili sv\u016fj domov. Na\u0161e webov\u00e9 str\u00e1nky jsou intuitivn\u00ed a proces n\u00e1kupu je rychl\u00fd a prost\u00fd. <\/li>\n\n\n\n<li><strong>\u0160irok\u00fd v\u00fdb\u011br &#8211; m\u00e1te<\/strong> p\u0159\u00edstup ke kompletn\u00edmu sortimentu, v\u010detn\u011b nejnov\u011bj\u0161\u00edch kolekc\u00ed, barev a v\u0161ech velikost\u00ed.<\/li>\n\n\n\n<li><strong>Rychl\u00e9 vy\u0159\u00edzen\u00ed &#8211;<\/strong> objedn\u00e1vky do Torun\u011b <strong>vy\u0159izujeme<\/strong> obratem, abyste si sv\u00e9 nov\u00e9 pohodln\u00e9 oble\u010den\u00ed mohli u\u017e\u00edvat co nejd\u0159\u00edve.<\/li>\n\n\n\n<li><strong>Podpora polsk\u00e9 zna\u010dky &#8211; v\u0161echny<\/strong> na\u0161e od\u011bvy jsou navr\u017eeny a u\u0161ity v Polsku, co\u017e zaru\u010duje nejvy\u0161\u0161\u00ed kvalitu zpracov\u00e1n\u00ed.<\/li>\n<\/ul>\n\n<h2 class=\"wp-block-heading\">Jak\u00e9 typy zdravotnick\u00fdch od\u011bv\u016f nab\u00edz\u00edme s dod\u00e1n\u00edm do Torun\u011b?<\/h2>\n\n<p>N\u00e1\u0161 sortiment je navr\u017een tak, aby vyhovoval r\u016fznorod\u00fdm pot\u0159eb\u00e1m zdravotnick\u00e9ho person\u00e1lu. A\u0165 u\u017e se specializujete na cokoli, najdete zde oble\u010den\u00ed dokonale p\u0159izp\u016fsoben\u00e9 va\u0161im po\u017eadavk\u016fm. Nab\u00edz\u00edme \u0161irok\u00fd sortiment, kter\u00fd zahrnuje:  <\/p>\n\n<ul class=\"wp-block-list\">\n<li><strong>l\u00e9ka\u0159sk\u00e9 halenky &#8211;<\/strong> klasick\u00e9 i modern\u00ed st\u0159ihy,<\/li>\n\n\n\n<li><strong>l\u00e9ka\u0159sk\u00e9 kalhoty &#8211;<\/strong> joggery, prost\u00e9 a se \u0161irok\u00fdmi nohavicemi pro volnost pohybu,<\/li>\n\n\n\n<li><strong>Z\u00e1st\u011bry a l\u00e9ka\u0159sk\u00e9 pl\u00e1\u0161t\u011b &#8211;<\/strong> elegantn\u00ed a praktick\u00e9 \u0159e\u0161en\u00ed pro ka\u017ed\u00fd den,<\/li>\n\n\n\n<li><strong>zdravotnick\u00e9 soupravy (scrubs) &#8211; hotov\u00e9<\/strong> soupravy za atraktivn\u00ed ceny,<\/li>\n\n\n\n<li><strong>tuniky a l\u00e9ka\u0159sk\u00e9 bundy.<\/strong><\/li>\n<\/ul>\n\n<p>Ka\u017ed\u00fd model je k dispozici v \u0161irok\u00e9 \u0161k\u00e1le barev a velikost\u00ed. D\u00edky tomu si snadno vytvo\u0159\u00edte dokonalou uniformu. <\/p>\n\n<h2 class=\"wp-block-heading\">Pr\u00e9miov\u00e9 a z\u00e1kladn\u00ed kolekce &#8211; jak\u00fd je mezi nimi rozd\u00edl?<\/h2>\n\n<p>P\u0159i v\u00fdb\u011bru zdravotnick\u00fdch od\u011bv\u016f hled\u00edme nejen na pohodl\u00ed, ale tak\u00e9 na dobr\u00fd pom\u011br ceny a kvality. Chceme v\u00e1m d\u00e1t na v\u00fdb\u011br &#8211; proto jsme vytvo\u0159ili dv\u011b produktov\u00e9 \u0159ady, kter\u00e9 vyhovuj\u00ed r\u016fzn\u00fdm pot\u0159eb\u00e1m a preferenc\u00edm. <\/p>\n\n<ul class=\"wp-block-list\">\n<li><strong>Z\u00e1kladn\u00ed kolekce &#8211; \u0161it\u00e1 <\/strong>ze sm\u011bsi polyesteru, visk\u00f3zy a lycry. Je mimo\u0159\u00e1dn\u011b m\u011bkk\u00e1, prody\u0161n\u00e1 a nema\u010dkav\u00e1, tak\u017ee se snadno ka\u017edodenn\u011b udr\u017euje. Je vynikaj\u00edc\u00ed volbou pro ty, kte\u0159\u00ed oce\u0148uj\u00ed pohodl\u00ed a prakti\u010dnost za p\u0159ijatelnou cenu.  <\/li>\n\n\n\n<li><strong>Kolekce Premium &#8211; vytvo\u0159en\u00e1<\/strong> z kombinace bavlny, nylonu a lycry. Zaru\u010duje v\u00fdjime\u010dnou odolnost, vynikaj\u00edc\u00ed cirkulaci vzduchu a elegantn\u00ed vzhled tkaniny po dlouhou dobu. Investice do nekompromisn\u00ed kvality a pohodl\u00ed na nejvy\u0161\u0161\u00ed \u00farovni.  <\/li>\n<\/ul>\n\n<p>Ob\u011b kolekce byly podrobeny praktick\u00fdm test\u016fm l\u00e9ka\u0159\u016f a zdravotnick\u00e9ho person\u00e1lu, kter\u00e9 potvrdily jejich funk\u010dnost p\u0159i ka\u017edodenn\u00ed pr\u00e1ci.<\/p>\n\n<h2 class=\"wp-block-heading\">Jak byste se m\u011bli starat o sv\u016fj zdravotn\u00ed od\u011bv, aby v\u00e1m slou\u017eil co nejd\u00e9le?<\/h2>\n\n<p>Investice do kvalitn\u00edho oble\u010den\u00ed je jedna v\u011bc a spr\u00e1vn\u00e1 p\u00e9\u010de o n\u011bj druh\u00e1. Chcete-li zajistit, aby si va\u0161e uniformy zachovaly svou barvu, st\u0159ih a vlastnosti po dlouhou dobu, dodr\u017eujte doporu\u010den\u00ed v\u00fdrobce. V\u017edy se pod\u00edvejte na pokyny uveden\u00e9 na \u0161t\u00edtku. Na\u0161e materi\u00e1ly jsou vybr\u00e1ny tak, aby pran\u00ed a \u00fadr\u017eba byly snadn\u00e9 &#8211; ale pran\u00ed p\u0159i spr\u00e1vn\u00e9 teplot\u011b a vyh\u00fdb\u00e1n\u00ed se siln\u00fdm prac\u00edm prost\u0159edk\u016fm v\u00fdrazn\u011b prodlou\u017e\u00ed \u017eivotnost va\u0161eho od\u011bvu.   <\/p>\n\n<h2 class=\"wp-block-heading\">Pro\u010d si vybrat oble\u010den\u00ed Med&amp;Beauty v Toruni?<\/h2>\n\n<p>Jsme zna\u010dka, kter\u00e1 se zrodila z v\u00e1\u0161n\u011b a pochopen\u00ed pot\u0159eb zdravotnick\u00e9ho pr\u016fmyslu. Kdy\u017e si n\u00e1s vyberete, s\u00e1z\u00edte na: <\/p>\n\n<ul class=\"wp-block-list\">\n<li><strong>Polsk\u00e1 v\u00fdroba &#8211; m\u00e1me<\/strong> plnou kontrolu nad kvalitou v ka\u017ed\u00e9 f\u00e1zi, od n\u00e1vrhu a\u017e po fin\u00e1ln\u00ed \u0161it\u00ed,<\/li>\n\n\n\n<li><strong>testovan\u00e9 materi\u00e1ly &#8211; na\u0161e<\/strong> l\u00e1tky jsou prody\u0161n\u00e9, odoln\u00e9 a pohodln\u00e9 na celodenn\u00ed no\u0161en\u00ed,<\/li>\n\n\n\n<li><strong>modern\u00ed design &#8211; kombinujeme<\/strong> funk\u010dnost s m\u00f3dn\u00edmi st\u0159ihy, abyste se v pr\u00e1ci c\u00edtili a vypadali profesion\u00e1ln\u011b,<\/li>\n\n\n\n<li><strong>d\u016fv\u011bra profesion\u00e1l\u016f &#8211; na\u0161e<\/strong> kolekce jsou testov\u00e1ny a oce\u0148ov\u00e1ny l\u00e9ka\u0159i, zdravotn\u00edmi sestrami, kosmetology a studenty medic\u00edny.<\/li>\n<\/ul>\n\n<p>Neztr\u00e1cejte \u010das hled\u00e1n\u00edm &#8211; nejlep\u0161\u00ed oble\u010den\u00ed pro profesion\u00e1ly z Torun\u011b m\u00e1te na dosah ruky. Vyu\u017eijte pohodl\u00ed online nakupov\u00e1n\u00ed a p\u0159idejte se ke skupin\u011b spokojen\u00fdch z\u00e1kazn\u00edk\u016f, kte\u0159\u00ed d\u016fv\u011b\u0159uj\u00ed kvalit\u011b Med&amp;Beauty. Prohl\u00e9dn\u011bte si na\u0161i nab\u00eddku a vyberte si zdravotnick\u00e9 oble\u010den\u00ed, kter\u00e9 vyhovuje va\u0161im pot\u0159eb\u00e1m!  <\/p>\n","protected":false},"excerpt":{"rendered":"<p>Zaj\u00edm\u00e1 v\u00e1s, kde se nejl\u00e9pe z\u00e1sob\u00edte kvalitn\u00edmi uniformami? P\u0159esto\u017ee v Toruni zat\u00edm nem\u00e1me stacion\u00e1rn\u00ed prodejnu, n\u00e1\u0161 internetov\u00fd obchod je odpov\u011bd\u00ed na va\u0161e pot\u0159eby. Nab\u00edz\u00edme rychl\u00e9 a bezprobl\u00e9mov\u00e9 doru\u010den\u00ed zdravotnick\u00fdch od\u011bv\u016f p\u0159\u00edmo do Torun\u011b. Pro\u010d je online nakupov\u00e1n\u00ed v Med&amp;Beauty t\u00edm nejlep\u0161\u00edm \u0159e\u0161en\u00edm? Jak\u00e9 typy zdravotnick\u00fdch od\u011bv\u016f nab\u00edz\u00edme s dod\u00e1n\u00edm do Torun\u011b? N\u00e1\u0161 sortiment je navr\u017een [&hellip;]<\/p>\n","protected":false},"author":43705,"featured_media":0,"parent":0,"menu_order":0,"comment_status":"closed","ping_status":"closed","template":"","meta":{"_acf_changed":false,"inline_featured_image":false,"footnotes":""},"class_list":["post-624180","page","type-page","status-publish","hentry"],"acf":[],"_links":{"self":[{"href":"https:\/\/dev.medandbeauty.com\/cs\/wp-json\/wp\/v2\/pages\/624180","targetHints":{"allow":["GET"]}}],"collection":[{"href":"https:\/\/dev.medandbeauty.com\/cs\/wp-json\/wp\/v2\/pages"}],"about":[{"href":"https:\/\/dev.medandbeauty.com\/cs\/wp-json\/wp\/v2\/types\/page"}],"author":[{"embeddable":true,"href":"https:\/\/dev.medandbeauty.com\/cs\/wp-json\/wp\/v2\/users\/43705"}],"replies":[{"embeddable":true,"href":"https:\/\/dev.medandbeauty.com\/cs\/wp-json\/wp\/v2\/comments?post=624180"}],"version-history":[{"count":2,"href":"https:\/\/dev.medandbeauty.com\/cs\/wp-json\/wp\/v2\/pages\/624180\/revisions"}],"predecessor-version":[{"id":624183,"href":"https:\/\/dev.medandbeauty.com\/cs\/wp-json\/wp\/v2\/pages\/624180\/revisions\/624183"}],"wp:attachment":[{"href":"https:\/\/dev.medandbeauty.com\/cs\/wp-json\/wp\/v2\/media?parent=624180"}],"curies":[{"name":"wp","href":"https:\/\/api.w.org\/{rel}","templated":true}]}}