{"id":624168,"date":"2025-11-27T12:37:39","date_gmt":"2025-11-27T11:37:39","guid":{"rendered":"https:\/\/dev.medandbeauty.com\/zdravotnicke-obleceni-bialystok\/"},"modified":"2025-11-27T12:38:57","modified_gmt":"2025-11-27T11:38:57","slug":"zdravotnicke-obleceni-bialystok","status":"publish","type":"page","link":"https:\/\/dev.medandbeauty.com\/cs\/zdravotnicke-obleceni-bialystok\/","title":{"rendered":"Zdravotnick\u00e9 oble\u010den\u00ed Bialystok"},"content":{"rendered":"\n<p>V\u00fdb\u011br spr\u00e1vn\u00fdch <strong>zdravotnick\u00fdch od\u011bv\u016f s dod\u00e1n\u00edm do Bialystoku je<\/strong> pro va\u0161e pohodl\u00ed a spokojenost nesm\u00edrn\u011b d\u016fle\u017eit\u00fd. V na\u0161em internetov\u00e9m obchod\u011b se m\u016f\u017eete spolehnout na \u0161irokou nab\u00eddku produkt\u016f, kterou neust\u00e1le aktualizujeme podle nejnov\u011bj\u0161\u00edch trend\u016f a pot\u0159eb oboru. Ka\u017ed\u00fd v\u00fdrobek dostupn\u00fd online byl podrobn\u011b pops\u00e1n a fotografie odr\u00e1\u017eej\u00ed skute\u010dn\u00fd vzhled a barvy. To v\u00e1m v\u00fdrazn\u011b usnadn\u00ed rozhodov\u00e1n\u00ed, ani\u017e byste museli opustit sv\u016fj domov.   <\/p>\n\n<p>Proces objedn\u00e1v\u00e1n\u00ed je rychl\u00fd a intuitivn\u00ed. V\u00fdb\u011br spr\u00e1vn\u00e9ho modelu, velikosti a barvy zabere jen n\u011bkolik kliknut\u00ed. U\u0161et\u0159\u00edte tak \u010das, kter\u00fd m\u016f\u017eete v\u011bnovat odpo\u010dinku nebo profesn\u00edmu rozvoji. D\u00edky objedn\u00e1vce p\u0159\u00edmo od v\u00fdrobce m\u00e1te jistotu, \u017ee obdr\u017e\u00edte v\u00fdrobek nejvy\u0161\u0161\u00ed kvality. Ka\u017ed\u00e1 z\u00e1silka je pe\u010dliv\u011b p\u0159ipravena a chr\u00e1n\u011bna pro p\u0159epravu.    <\/p>\n\n<h2 class=\"wp-block-heading\">Jak\u00e9 typy zdravotnick\u00fdch od\u011bv\u016f nab\u00edz\u00edme s dod\u00e1n\u00edm do Bialystoku?<\/h2>\n\n<p>N\u00e1\u0161 sortiment byl navr\u017een tak, aby vyhovoval r\u016fznorod\u00fdm pot\u0159eb\u00e1m zdravotn\u00edk\u016f. A\u0165 u\u017e hled\u00e1te klasickou uniformu nebo modern\u00ed soupravu, u n\u00e1s najdete, co pot\u0159ebujete: <\/p>\n\n<ul class=\"wp-block-list\">\n<li><strong>l\u00e9ka\u0159sk\u00e9 bl\u016fzy &#8211; k dispozici<\/strong> v r\u016fzn\u00fdch st\u0159iz\u00edch a barv\u00e1ch pro pohodl\u00ed a profesion\u00e1ln\u00ed vzhled,<\/li>\n\n\n\n<li><strong>zdravotn\u00ed kalhoty &#8211; pru\u017en\u00e9<\/strong> a pohodln\u00e9, perfektn\u011b padnouc\u00ed,<\/li>\n\n\n\n<li><strong>zdravotnick\u00e9 \u00fabory a zdravotnick\u00e9 soupravy &#8211; hotov\u00e9<\/strong> soupravy, kter\u00e9 kombinuj\u00ed funk\u010dnost s jednotn\u00fdm estetick\u00fdm vzhledem,<\/li>\n\n\n\n<li><strong>z\u00e1st\u011bry a l\u00e9ka\u0159sk\u00e9 \u0161aty &#8211; elegantn\u00ed<\/strong> a praktick\u00e9 \u0159e\u0161en\u00ed pro d\u00e1my, kter\u00e9 si cen\u00ed stylu a pohodl\u00ed.<\/li>\n<\/ul>\n\n<p>Nab\u00edz\u00edme dv\u011b hlavn\u00ed produktov\u00e9 \u0159ady. Prvn\u00ed je kolekce Premium (sm\u011bs bavlny, nylonu a lycry) &#8211; ide\u00e1ln\u00ed volba pro ty, kte\u0159\u00ed ocen\u00ed luxusn\u00ed m\u011bkkost a odolnost. Z\u00e1kladn\u00ed kolekce (polyester, visk\u00f3za, lycra) je naopak synonymem prakti\u010dnosti a ka\u017edodenn\u00edho pohodl\u00ed.  <\/p>\n\n<h2 class=\"wp-block-heading\">Materi\u00e1lov\u00e9 slo\u017een\u00ed a p\u00e9\u010de &#8211; jak pe\u010dovat o zdravotnick\u00e9 od\u011bvy?<\/h2>\n\n<p>Aby v\u00e1m zdravotn\u00ed od\u011bvy slou\u017eily co nejd\u00e9le a z\u00e1rove\u0148 si zachovaly svou barvu a tvar, je kl\u00ed\u010dov\u00e1 spr\u00e1vn\u00e1 p\u00e9\u010de. Na\u0161e uniformy jsou navr\u017eeny tak, aby jejich \u010di\u0161t\u011bn\u00ed bylo proste a \u00fa\u010dinn\u00e9. Sta\u010d\u00ed si zapamatovat n\u011bkolik pravidel:  <\/p>\n\n<ul class=\"wp-block-list\">\n<li><strong>pran\u00ed &#8211; perte p\u0159i teplot\u011b<\/strong> do 40 \u00b0C s podobn\u00fdmi barvami. To umo\u017e\u0148uje \u00fa\u010dinn\u00e9 odstran\u011bn\u00ed ne\u010distot a dezinfekci vhodn\u00fdmi prost\u0159edky, <\/li>\n\n\n\n<li><strong>\u017dehlen\u00ed &#8211; \u017eehlete p\u0159i teplot\u011b<\/strong> do 110 \u00b0C, nejl\u00e9pe na lev\u00e9 stran\u011b, abyste ochr\u00e1nili strukturu a barvu tkaniny,<\/li>\n\n\n\n<li><strong>vyhn\u011bte se &#8211; nepou\u017e\u00edvejte<\/strong> siln\u00e1 b\u011blidla a nesu\u0161te oble\u010den\u00ed v su\u0161i\u010dce. Jedn\u00e1 se o prost\u00e9 kroky, kter\u00e9 v\u00fdrazn\u011b prodlou\u017e\u00ed \u017eivotnost va\u0161\u00ed uniformy. <\/li>\n<\/ul>\n\n<h2 class=\"wp-block-heading\">Pro\u010d si vybrat na\u0161e zdravotnick\u00e9 oble\u010den\u00ed v Bialystoku?<\/h2>\n\n<p>D\u016fv\u011bru na\u0161ich z\u00e1kazn\u00edk\u016f budujeme na pevn\u00fdch z\u00e1kladech. Ka\u017ed\u00fd v\u00fdrobek Med&amp;Beauty je v\u00fdsledkem pe\u010dliv\u00e9 pr\u00e1ce a d\u016frazu na detail. \u010c\u00edm se vyzna\u010dujeme?  <\/p>\n\n<ul class=\"wp-block-list\">\n<li><strong>Polsk\u00e1 v\u00fdroba &#8211;<\/strong> v\u0161echny na\u0161e od\u011bvy <strong>\u0161ijeme<\/strong> v Polsku, co\u017e n\u00e1m umo\u017e\u0148uje plnou kontrolu kvality v ka\u017ed\u00e9 f\u00e1zi v\u00fdroby.<\/li>\n\n\n\n<li><strong>Praktick\u00e9 testov\u00e1n\u00ed &#8211; p\u0159ed<\/strong> uveden\u00edm od\u011bv\u016f do prodeje je testuj\u00ed l\u00e9ka\u0159i, zdravotn\u00ed sestry, kosmeti\u010dky a studenti medic\u00edny. Jejich zp\u011btn\u00e1 vazba n\u00e1m pom\u00e1h\u00e1 vytv\u00e1\u0159et v\u00fdrobky, kter\u00e9 jsou nejen kr\u00e1sn\u00e9, ale p\u0159edev\u0161\u00edm funk\u010dn\u00ed. <\/li>\n\n\n\n<li><strong>Kvalita a pohodl\u00ed &#8211; pou\u017e\u00edv\u00e1me<\/strong> pouze testovan\u00e9, certifikovan\u00e9 materi\u00e1ly, kter\u00e9 jsou prody\u0161n\u00e9, pru\u017en\u00e9 a p\u0159\u00edjemn\u00e9 na poko\u017eku.<\/li>\n\n\n\n<li><strong>Z\u00e1ruka spokojenosti &#8211; jsme si<\/strong> natolik jisti na\u0161imi produkty, \u017ee nab\u00edz\u00edme a\u017e 100 dn\u00ed na vr\u00e1cen\u00ed.<\/li>\n<\/ul>\n\n<h2 class=\"wp-block-heading\">Personalizace, barvy a velikosti &#8211; p\u0159izp\u016fsobte si od\u011bv sv\u00fdm pot\u0159eb\u00e1m<\/h2>\n\n<p>Chcete, aby va\u0161e oble\u010den\u00ed bylo jedine\u010dn\u00e9? Nab\u00edz\u00edme v\u00e1m mo\u017enost personalizace od\u011bvu vy\u0161\u00edv\u00e1n\u00edm va\u0161eho jm\u00e9na, p\u0159\u00edjmen\u00ed nebo loga va\u0161\u00ed provozovny. Je to ide\u00e1ln\u00ed zp\u016fsob, jak zd\u016fraznit svou profesion\u00e1ln\u00ed image nebo image cel\u00e9ho va\u0161eho t\u00fdmu. D\u00edky \u0161irok\u00e9 nab\u00eddce velikost\u00ed a podrobn\u00fdm tabulk\u00e1m na str\u00e1nce produktu snadno najdete perfektn\u011b padnouc\u00ed od\u011bv. A pokud m\u00e1te dotazy, n\u00e1\u0161 t\u00fdm v\u00e1m s v\u00fdb\u011brem r\u00e1d pom\u016f\u017ee!    <\/p>\n\n<p>Jste studentem l\u00e9ka\u0159sk\u00e9 univerzity v Bialystoku? Pod\u00edvejte se na n\u00e1\u0161 studentsk\u00fd program a z\u00edskejte st\u00e1lou slevu 15 % na n\u00e1kupy! <\/p>\n\n<h2 class=\"wp-block-heading\">Va\u0161e pohodl\u00ed, v\u00e1\u0161 styl &#8211; vyberte si l\u00e9ka\u0159sk\u00e9 oble\u010den\u00ed, kter\u00e9 spl\u0148uje va\u0161e o\u010dek\u00e1v\u00e1n\u00ed<\/h2>\n\n<p>Ka\u017ed\u00fd den v pr\u00e1ci je novou v\u00fdzvou &#8211; proto se vyplat\u00ed vsadit na \u0159e\u0161en\u00ed, kter\u00e1 usnad\u0148uj\u00ed ka\u017edodenn\u00ed \u017eivot. Na\u0161e zdravotnick\u00e9 oble\u010den\u00ed dostupn\u00e9 v Bialystoku v sob\u011b spojuje pohodl\u00ed, kvalitu a styl, co\u017e ocenilo ji\u017e mnoho profesion\u00e1l\u016f. Vsad\u00edte-li na na\u0161e v\u00fdrobky, m\u016f\u017eete si b\u00fdt jisti, \u017ee va\u0161e oble\u010den\u00ed bude spolehliv\u00e9 a p\u0159izp\u016fsoben\u00e9 va\u0161im pot\u0159eb\u00e1m. D\u00edky \u0161irok\u00e9mu v\u00fdb\u011bru st\u0159ih\u016f, barev a velikost\u00ed si vybere ka\u017ed\u00fd. Pokud m\u00e1te dotazy nebo pot\u0159ebujete pomoci s v\u00fdb\u011brem &#8211; jsme tu pro v\u00e1s. Objednejte si l\u00e9ka\u0159sk\u00e9 oble\u010den\u00ed, kter\u00e9 podtrhne va\u0161i profesionalitu a postar\u00e1 se o va\u0161e ka\u017edodenn\u00ed pohodl\u00ed!     <\/p>\n","protected":false},"excerpt":{"rendered":"<p>V\u00fdb\u011br spr\u00e1vn\u00fdch zdravotnick\u00fdch od\u011bv\u016f s dod\u00e1n\u00edm do Bialystoku je pro va\u0161e pohodl\u00ed a spokojenost nesm\u00edrn\u011b d\u016fle\u017eit\u00fd. V na\u0161em internetov\u00e9m obchod\u011b se m\u016f\u017eete spolehnout na \u0161irokou nab\u00eddku produkt\u016f, kterou neust\u00e1le aktualizujeme podle nejnov\u011bj\u0161\u00edch trend\u016f a pot\u0159eb oboru. Ka\u017ed\u00fd v\u00fdrobek dostupn\u00fd online byl podrobn\u011b pops\u00e1n a fotografie odr\u00e1\u017eej\u00ed skute\u010dn\u00fd vzhled a barvy. To v\u00e1m v\u00fdrazn\u011b usnadn\u00ed rozhodov\u00e1n\u00ed, [&hellip;]<\/p>\n","protected":false},"author":43705,"featured_media":0,"parent":0,"menu_order":0,"comment_status":"closed","ping_status":"closed","template":"","meta":{"_acf_changed":false,"inline_featured_image":false,"footnotes":""},"class_list":["post-624168","page","type-page","status-publish","hentry"],"acf":[],"_links":{"self":[{"href":"https:\/\/dev.medandbeauty.com\/cs\/wp-json\/wp\/v2\/pages\/624168","targetHints":{"allow":["GET"]}}],"collection":[{"href":"https:\/\/dev.medandbeauty.com\/cs\/wp-json\/wp\/v2\/pages"}],"about":[{"href":"https:\/\/dev.medandbeauty.com\/cs\/wp-json\/wp\/v2\/types\/page"}],"author":[{"embeddable":true,"href":"https:\/\/dev.medandbeauty.com\/cs\/wp-json\/wp\/v2\/users\/43705"}],"replies":[{"embeddable":true,"href":"https:\/\/dev.medandbeauty.com\/cs\/wp-json\/wp\/v2\/comments?post=624168"}],"version-history":[{"count":1,"href":"https:\/\/dev.medandbeauty.com\/cs\/wp-json\/wp\/v2\/pages\/624168\/revisions"}],"predecessor-version":[{"id":624170,"href":"https:\/\/dev.medandbeauty.com\/cs\/wp-json\/wp\/v2\/pages\/624168\/revisions\/624170"}],"wp:attachment":[{"href":"https:\/\/dev.medandbeauty.com\/cs\/wp-json\/wp\/v2\/media?parent=624168"}],"curies":[{"name":"wp","href":"https:\/\/api.w.org\/{rel}","templated":true}]}}