{"id":624155,"date":"2025-11-27T12:36:47","date_gmt":"2025-11-27T11:36:47","guid":{"rendered":"https:\/\/dev.medandbeauty.com\/zdravotnicke-odevy-bydgoszcz\/"},"modified":"2025-11-27T12:38:10","modified_gmt":"2025-11-27T11:38:10","slug":"zdravotnicke-odevy-bydgoszcz","status":"publish","type":"page","link":"https:\/\/dev.medandbeauty.com\/cs\/zdravotnicke-odevy-bydgoszcz\/","title":{"rendered":"Zdravotnick\u00e9 od\u011bvy Bydgoszcz"},"content":{"rendered":"\n<p>Mnoho profesion\u00e1l\u016f oce\u0148uje pohodl\u00ed online nakupov\u00e1n\u00ed. M\u016f\u017eete si vybrat dokonal\u00e9 l\u00e9ka\u0159sk\u00e9 oble\u010den\u00ed, ani\u017e byste museli nav\u0161t\u00edvit kamennou prodejnu! V na\u0161em internetov\u00e9m obchod\u011b najdete kompletn\u00ed nab\u00eddku zdravotnick\u00fdch od\u011bv\u016f, kter\u00e9 spln\u00ed o\u010dek\u00e1v\u00e1n\u00ed i t\u011bch nejn\u00e1ro\u010dn\u011bj\u0161\u00edch z\u00e1kazn\u00edk\u016f. Ka\u017ed\u00fd v\u00fdrobek je podrobn\u011b pops\u00e1n a fotografie odr\u00e1\u017eej\u00ed skute\u010dn\u00fd vzhled a barvy od\u011bv\u016f. M\u00e1te tak jistotu, \u017ee si vyb\u00edr\u00e1te to, co nejl\u00e9pe vyhovuje va\u0161im pot\u0159eb\u00e1m.    <\/p>\n\n<p>Proces objedn\u00e1vky je prost\u00fd a intuitivn\u00ed. P\u0159id\u00e1n\u00ed vybran\u00fdch produkt\u016f do ko\u0161\u00edku a dokon\u010den\u00ed n\u00e1kupu trv\u00e1 jen n\u011bkolik kliknut\u00ed. Nab\u00edz\u00edme rychl\u00e9 doru\u010den\u00ed v oblasti Bydho\u0161t\u011b &#8211; va\u0161e objedn\u00e1vka doraz\u00ed na va\u0161i adresu b\u011bhem n\u011bkolika pracovn\u00edch dn\u016f. Pokud m\u00e1te jak\u00e9koli dotazy ohledn\u011b velikosti, st\u0159ihu nebo l\u00e1tky, m\u016f\u017ee v\u00e1m pomoci n\u00e1\u0161 t\u00fdm poradc\u016f. R\u00e1di rozpt\u00fdl\u00edme ve\u0161ker\u00e9 pochybnosti a pom\u016f\u017eeme v\u00e1m vybrat to nejlep\u0161\u00ed \u0159e\u0161en\u00ed.    <\/p>\n\n<p>Nakupov\u00e1n\u00ed online nab\u00edz\u00ed bezpe\u010dnost a flexibilitu. Oble\u010den\u00ed si m\u016f\u017eete s klidn\u00fdm sv\u011bdom\u00edm vyzkou\u0161et doma, a pokud v\u00e1m nebude sed\u011bt &#8211; m\u00e1te a\u017e 100 dn\u00ed na jeho vr\u00e1cen\u00ed. Je to komfort, kter\u00fd si zaslou\u017e\u00edte p\u0159i v\u00fdb\u011bru zdravotnick\u00fdch<strong> od\u011bv\u016f s doru\u010den\u00edm do Bydho\u0161t\u011b.<\/strong>  <\/p>\n\n<h2 class=\"wp-block-heading\">Pr\u00e9miov\u00e9 a z\u00e1kladn\u00ed kolekce &#8211; jak\u00fd je mezi nimi rozd\u00edl a kterou si vybrat?<\/h2>\n\n<p>V\u00edme, \u017ee r\u016fzn\u00e9 \u00fakoly vy\u017eaduj\u00ed r\u016fzn\u00e1 \u0159e\u0161en\u00ed. Proto n\u00e1\u0161 sortiment zahrnuje dv\u011b jedine\u010dn\u00e9 produktov\u00e9 \u0159ady: <\/p>\n\n<ul class=\"wp-block-list\">\n<li><strong>pr\u00e9miov\u00e1 kolekce &#8211; je<\/strong> jako oblek \u0161it\u00fd na m\u00edru pro l\u00e9ka\u0159sk\u00fd sv\u011bt. Od\u011bvy jsou vytvo\u0159eny z luxusn\u00ed sm\u011bsi bavlny, nylonu a lycry a poskytuj\u00ed jedine\u010dnou m\u011bkkost, prody\u0161nost a pru\u017enost. Je ide\u00e1ln\u00ed volbou pro ty, kte\u0159\u00ed cht\u011bj\u00ed maxim\u00e1ln\u00ed pohodl\u00ed a elegantn\u00ed vzhled po cel\u00fd den.  <\/li>\n\n\n\n<li><strong>z\u00e1kladn\u00ed kolekce &#8211;<\/strong> ide\u00e1ln\u00ed <strong>kombinace<\/strong> odolnosti a funk\u010dnosti. Materi\u00e1l na b\u00e1zi polyesteru, visk\u00f3zy a lycry je mimo\u0159\u00e1dn\u011b odoln\u00fd, nema\u010dkav\u00fd a snadno se udr\u017euje. Je ide\u00e1ln\u00ed volbou pro ty, kte\u0159\u00ed ocen\u00ed praktick\u00e1 \u0159e\u0161en\u00ed a z\u00e1\u0159iv\u00e9 barvy, kter\u00e9 vydr\u017e\u00ed mnoho pran\u00ed.  <\/li>\n<\/ul>\n\n<p>Nejste si jisti, kter\u00e1 kolekce v\u00e1m bude l\u00e9pe vyhovovat? Zamyslete se nad sv\u00fdm pracovn\u00edm dnem. Pokud si cen\u00edte p\u0159edev\u0161\u00edm p\u0159\u00edrodn\u00edch materi\u00e1l\u016f a pocitu &#8222;druh\u00e9 k\u016f\u017ee&#8220;, zvolte pr\u00e9miov\u00e9 oble\u010den\u00ed. Pokud je va\u0161\u00ed prioritou trvanlivost a minim\u00e1ln\u00ed p\u00e9\u010de, trefou do \u010dern\u00e9ho bude kolekce basic.   <\/p>\n\n<h2 class=\"wp-block-heading\">Jak se star\u00e1te o l\u00e9ka\u0159sk\u00e9 od\u011bvy, aby vydr\u017eely dlouh\u00e1 l\u00e9ta?<\/h2>\n\n<p>Chceme, aby va\u0161e zdravotn\u00ed od\u011bvy vypadaly bezvadn\u011b co nejd\u00e9le. Na\u0161e materi\u00e1ly se vyzna\u010duj\u00ed vysokou kvalitou, ale bez spr\u00e1vn\u00e9 p\u00e9\u010de nevydr\u017e\u00ed v dobr\u00e9m stavu p\u0159\u00edli\u0161 dlouho. Pamatujte si n\u011bkolik prost\u00fdch pravidel:  <\/p>\n\n<ul class=\"wp-block-list\">\n<li><strong>Pran\u00ed &#8211; perte p\u0159i teplot\u011b<\/strong> do 40 \u00b0C, nejl\u00e9pe na levou stranu, abyste ochr\u00e1nili barvu a strukturu tkaniny,<\/li>\n\n\n\n<li><strong>B\u011blen\u00ed &#8211; nepou\u017e\u00edvejte<\/strong> b\u011blidla a siln\u00e9 odstra\u0148ova\u010de skvrn, kter\u00e9 mohou vl\u00e1kna po\u0161kodit,<\/li>\n\n\n\n<li><strong>Su\u0161en\u00ed &#8211;<\/strong> oble\u010den\u00ed <strong>nesu\u0161te<\/strong> v bubnov\u00e9 su\u0161i\u010dce. Nechte je uschnout p\u0159irozen\u011b, <\/li>\n\n\n\n<li><strong>\u017dehlen\u00ed &#8211; \u017eehlete na<\/strong> lev\u00e9 stran\u011b p\u0159i n\u00edzk\u00e9 teplot\u011b.<\/li>\n<\/ul>\n\n<p>D\u00edky modern\u00edm prac\u00edm prost\u0159edk\u016fm sta\u010d\u00ed pr\u00e1t p\u0159i 40 \u00b0C, aby byla zachov\u00e1na hygiena a z\u00e1rove\u0148 prodlou\u017eena \u017eivotnost va\u0161ich \u0161at\u016f.<\/p>\n\n<h2 class=\"wp-block-heading\">Polsk\u00e1 v\u00fdroba a testy s profesion\u00e1ly &#8211; z\u00e1ruka kvality<\/h2>\n\n<p>Z\u00e1kladem je d\u016fv\u011bra &#8211; proto jsou v\u0161echny na\u0161e od\u011bvy navrhov\u00e1ny a \u0161ity v Polsku. D\u00edky tomu m\u00e1me plnou kontrolu nad ka\u017edou f\u00e1z\u00ed v\u00fdroby &#8211; od v\u00fdb\u011bru l\u00e1tek a\u017e po fin\u00e1ln\u00ed \u0161ev. <\/p>\n\n<p>Ne\u017e se model dostane do prodeje, proch\u00e1z\u00ed p\u0159\u00edsn\u00fdmi praktick\u00fdmi testy s l\u00e9ka\u0159i, zdravotn\u00edmi sestrami, kosmetology a studenty medic\u00edny. Naslouch\u00e1me jejich n\u00e1zor\u016fm, aby na\u0161e od\u011bvy byly nejen hezk\u00e9, ale p\u0159edev\u0161\u00edm funk\u010dn\u00ed a p\u0159izp\u016fsoben\u00e9 realit\u011b pr\u00e1ce. <\/p>\n\n<h2 class=\"wp-block-heading\">Znovu objevte pohodl\u00ed p\u0159i pr\u00e1ci &#8211; vyberte si l\u00e9ka\u0159sk\u00e9 oble\u010den\u00ed na m\u00edru sv\u00fdm pot\u0159eb\u00e1m<\/h2>\n\n<p>V\u00fdb\u011br spr\u00e1vn\u00e9ho l\u00e9ka\u0159sk\u00e9ho oble\u010den\u00ed je investic\u00ed do va\u0161eho pohodl\u00ed a profesion\u00e1ln\u00ed image. Na\u0161e nab\u00eddka kombinuje vysoce kvalitn\u00ed materi\u00e1ly, modern\u00ed design a praktick\u00e1 \u0159e\u0161en\u00ed, kter\u00e1 v\u00e1m budou denn\u011b slou\u017eit. Ka\u017ed\u00fd kus z kolekce byl testov\u00e1n odborn\u00edky z l\u00e9ka\u0159sk\u00e9ho a kosmetick\u00e9ho pr\u016fmyslu. To v\u00e1m d\u00e1v\u00e1 jistotu, \u017ee sah\u00e1te po osv\u011bd\u010den\u00fdch v\u00fdrobc\u00edch.   <\/p>\n\n<p>Objedn\u00e1te-li si u n\u00e1s zbo\u017e\u00ed, z\u00edsk\u00e1te nejen \u0161irok\u00fd v\u00fdb\u011br a rychl\u00e9 doru\u010den\u00ed do Bydho\u0161t\u011b, ale tak\u00e9 odbornou podporu v ka\u017ed\u00e9 f\u00e1zi n\u00e1kupu. Pokud m\u00e1te dotazy nebo pot\u0159ebujete poradit, jsme tu pro v\u00e1s. Zjist\u011bte, jak pohodln\u00e9 a stylov\u00e9 mohou b\u00fdt l\u00e9ka\u0159sk\u00e9 od\u011bvy &#8211; objednejte si je\u0161t\u011b dnes!  <\/p>\n","protected":false},"excerpt":{"rendered":"<p>Mnoho profesion\u00e1l\u016f oce\u0148uje pohodl\u00ed online nakupov\u00e1n\u00ed. M\u016f\u017eete si vybrat dokonal\u00e9 l\u00e9ka\u0159sk\u00e9 oble\u010den\u00ed, ani\u017e byste museli nav\u0161t\u00edvit kamennou prodejnu! V na\u0161em internetov\u00e9m obchod\u011b najdete kompletn\u00ed nab\u00eddku zdravotnick\u00fdch od\u011bv\u016f, kter\u00e9 spln\u00ed o\u010dek\u00e1v\u00e1n\u00ed i t\u011bch nejn\u00e1ro\u010dn\u011bj\u0161\u00edch z\u00e1kazn\u00edk\u016f. Ka\u017ed\u00fd v\u00fdrobek je podrobn\u011b pops\u00e1n a fotografie odr\u00e1\u017eej\u00ed skute\u010dn\u00fd vzhled a barvy od\u011bv\u016f. M\u00e1te tak jistotu, \u017ee si vyb\u00edr\u00e1te to, co [&hellip;]<\/p>\n","protected":false},"author":43705,"featured_media":0,"parent":0,"menu_order":0,"comment_status":"closed","ping_status":"closed","template":"","meta":{"_acf_changed":false,"inline_featured_image":false,"footnotes":""},"class_list":["post-624155","page","type-page","status-publish","hentry"],"acf":[],"_links":{"self":[{"href":"https:\/\/dev.medandbeauty.com\/cs\/wp-json\/wp\/v2\/pages\/624155","targetHints":{"allow":["GET"]}}],"collection":[{"href":"https:\/\/dev.medandbeauty.com\/cs\/wp-json\/wp\/v2\/pages"}],"about":[{"href":"https:\/\/dev.medandbeauty.com\/cs\/wp-json\/wp\/v2\/types\/page"}],"author":[{"embeddable":true,"href":"https:\/\/dev.medandbeauty.com\/cs\/wp-json\/wp\/v2\/users\/43705"}],"replies":[{"embeddable":true,"href":"https:\/\/dev.medandbeauty.com\/cs\/wp-json\/wp\/v2\/comments?post=624155"}],"version-history":[{"count":1,"href":"https:\/\/dev.medandbeauty.com\/cs\/wp-json\/wp\/v2\/pages\/624155\/revisions"}],"predecessor-version":[{"id":624157,"href":"https:\/\/dev.medandbeauty.com\/cs\/wp-json\/wp\/v2\/pages\/624155\/revisions\/624157"}],"wp:attachment":[{"href":"https:\/\/dev.medandbeauty.com\/cs\/wp-json\/wp\/v2\/media?parent=624155"}],"curies":[{"name":"wp","href":"https:\/\/api.w.org\/{rel}","templated":true}]}}