{"id":521511,"date":"2025-11-27T12:34:00","date_gmt":"2025-11-27T11:34:00","guid":{"rendered":"https:\/\/dev.medandbeauty.com\/?page_id=521511"},"modified":"2025-11-27T12:35:44","modified_gmt":"2025-11-27T11:35:44","slug":"zdravotnicke-odevy-varsava-3","status":"publish","type":"page","link":"https:\/\/dev.medandbeauty.com\/cs\/zdravotnicke-odevy-varsava-3\/","title":{"rendered":"Zdravotnick\u00e9 od\u011bvy \u0160t\u011bt\u00edn"},"content":{"rendered":"\n<p>Volnost pohybu je jedn\u00edm z kl\u00ed\u010dov\u00fdch prvk\u016f pohodl\u00ed p\u0159i pr\u00e1ci. Nez\u00e1le\u017e\u00ed na tom, zda vedete kosmetick\u00fd salon, pracujete na klinice nebo prov\u00e1d\u00edte rehabilita\u010dn\u00ed procedury &#8211; va\u0161e oble\u010den\u00ed mus\u00ed dr\u017eet krok s va\u0161\u00edm pohybem. <strong>Zdravotnick\u00e9 od\u011bvy dostupn\u00e9 ve \u0160t\u011bt\u00edn\u011b poskytuj\u00ed<\/strong> pohodl\u00ed, kter\u00e9 v\u00fdrazn\u011b usnad\u0148uje ka\u017edodenn\u00ed \u017eivot. <\/p>\n\n<p>V na\u0161\u00ed pr\u00e9miov\u00e9 kolekci pou\u017e\u00edv\u00e1me lehk\u00e9 tkaniny s vysok\u00fdm obsahem bavlny. Jsou \u0161etrn\u00e9 k poko\u017ece, ale z\u00e1rove\u0148 prody\u0161n\u00e9 a odoln\u00e9. Odolnost v\u016f\u010di intenzivn\u00edmu pou\u017e\u00edv\u00e1n\u00ed se snoub\u00ed s celodenn\u00edm pohodl\u00edm p\u0159i no\u0161en\u00ed. Z\u00e1kladn\u00ed kolekce je odpov\u011bd\u00ed na ka\u017edodenn\u00ed pot\u0159eby. Je vyrobena z tkanin s obsahem polyesteru a elastanu s jemnou sat\u00e9novou \u00fapravou. D\u00edky tomu od\u011bvy l\u00e9pe padnou, m\u00e9n\u011b se ma\u010dkaj\u00ed a zachov\u00e1vaj\u00ed si sv\u016fj tvar i po mnoha vypr\u00e1n\u00edch.     <\/p>\n\n<h2 class=\"wp-block-heading\">Styly zdravotnick\u00fdch od\u011bv\u016f, kter\u00e9 jsou k dispozici ve \u0160t\u011bt\u00edn\u011b, dokonale zv\u00fdrazn\u00ed va\u0161i postavu.<\/h2>\n\n<p>Dob\u0159e navr\u017een\u00e9 od\u011bvy by m\u011bly ladit s t\u011blem. Dob\u0159e padnouc\u00ed od\u011bvy maj\u00ed vliv nejen na estetiku, ale tak\u00e9 na ka\u017edodenn\u00ed pohodl\u00ed. Na\u0161e st\u0159ihy vytv\u00e1\u0159\u00edme s ohledem na \u017eenskou postavu &#8211; m\u00edrn\u011b vypasovan\u00e9 v pase, se spr\u00e1vnou d\u00e9lkou ruk\u00e1v\u016f a funk\u010dn\u00edmi detaily. D\u00edky tomu se p\u0159i sezen\u00ed nema\u010dkaj\u00ed, p\u0159i pohybu se nekrout\u00ed a zachov\u00e1vaj\u00ed si sv\u016fj tvar i po dlouh\u00e9m dni v pr\u00e1ci.   <\/p>\n\n<p>L\u00e1tky, kter\u00e9 pou\u017e\u00edv\u00e1me, nen\u00ed t\u0159eba \u017eehlit a rychle schnou. To v\u00fdrazn\u011b usnad\u0148uje ka\u017edodenn\u00ed organizaci. Ve zdravotnick\u00e9m a kosmetick\u00e9m prost\u0159ed\u00ed jsou takov\u00e1 \u0159e\u0161en\u00ed obzvl\u00e1\u0161t\u011b pot\u0159ebn\u00e1 &#8211; v\u0161e mus\u00ed b\u00fdt \u010dist\u00e9, uklizen\u00e9 a p\u0159ipraven\u00e9 k akci. Na\u0161e zdravotnick\u00e9 od\u011bvy dostupn\u00e9 ve \u0160t\u011bt\u00edn\u011b spl\u0148uj\u00ed tyto podm\u00ednky bez kompromis\u016f.   <\/p>\n\n<h2 class=\"wp-block-heading\">Zdravotnick\u00e9 oble\u010den\u00ed \u0160t\u011bt\u00edn &#8211; s\u00e1hn\u011bte po barv\u00e1ch, kter\u00e9 v\u00e1m dodaj\u00ed sv\u011b\u017eest<\/h2>\n\n<p>Image je v l\u00e9ka\u0159sk\u00e9m a kosmetick\u00e9m pr\u016fmyslu n\u00e1strojem pro budov\u00e1n\u00ed vztah\u016f. P\u0159i pr\u00e1ci s pacienty nebo klienty v\u00e1s vn\u00edmaj\u00ed nejen podle va\u0161ich schopnost\u00ed, ale tak\u00e9 podle toho, jak vypad\u00e1te. Barva va\u0161eho oble\u010den\u00ed ovliv\u0148uje vn\u00edm\u00e1n\u00ed va\u0161\u00ed osoby a tak\u00e9 atmosf\u00e9ru na pracovi\u0161ti.  <\/p>\n\n<p>Dbali jsme na to, aby na\u0161e zdravotnick\u00e9 od\u011bvy s dopravou do \u0160t\u011bt\u00edna byly k dispozici v mnoha odst\u00ednech. Najdete zde barvy, kter\u00e9 dod\u00e1vaj\u00ed energii, ale neohromuj\u00ed &#8211; od klasick\u00e9 n\u00e1mo\u0159nick\u00e9 mod\u0159i a b\u00e9\u017eov\u00e9 a\u017e po tlumenou zelenou, elegantn\u00ed bord\u00f3 nebo pudrov\u011b r\u016f\u017eovou. M\u016f\u017eete je sladit s interi\u00e9rem va\u0161\u00ed kancel\u00e1\u0159e, ro\u010dn\u00edm obdob\u00edm nebo vlastn\u00ed n\u00e1ladou. Estetick\u00e9 oble\u010den\u00ed, kter\u00e9 v\u00e1m dob\u0159e padne, v\u00e1m dod\u00e1 sebev\u011bdom\u00ed. V\u00fdb\u011brem na\u0161eho oble\u010den\u00ed m\u016f\u017eete vypadat profesion\u00e1ln\u011b a sv\u011b\u017ee bez ohledu na podm\u00ednky.    <\/p>\n\n<h2 class=\"wp-block-heading\">Zdravotnick\u00e9 od\u011bvy Szczecin jsou \u0161it\u00e9 v Polsku a testovan\u00e9 v praxi<\/h2>\n\n<p>V\u00fdrobn\u00ed proces za\u010d\u00edn\u00e1 naslouch\u00e1n\u00edm. Jen tak m\u016f\u017eeme vytvo\u0159it oble\u010den\u00ed, kter\u00e9 skute\u010dn\u011b odpov\u00edd\u00e1 konkr\u00e9tn\u00edm pot\u0159eb\u00e1m. V\u0161echny na\u0161e modely se vyr\u00e1b\u011bj\u00ed v Polsku. Jsme to my, kdo vyb\u00edr\u00e1 l\u00e1tky, vytv\u00e1\u0159\u00ed polotovary a dohl\u00ed\u017e\u00ed na ka\u017edou f\u00e1zi \u0161it\u00ed. Ne\u017e v\u00fdrobek uvedeme do prodeje, testujeme ho v re\u00e1ln\u00fdch podm\u00ednk\u00e1ch.    <\/p>\n\n<p>Ke spolupr\u00e1ci zveme lidi z l\u00e9ka\u0159sk\u00e9ho a kosmetick\u00e9ho pr\u016fmyslu &#8211; jejich zku\u0161enosti jsou pro n\u00e1s neoceniteln\u00e9. D\u00edky tomu v\u00edme, co funguje dob\u0159e a co je t\u0159eba zlep\u0161it. Zam\u011b\u0159ujeme se na robustn\u00ed \u0161it\u00ed, dob\u0159e navr\u017een\u00e9 detaily a odoln\u00e9 materi\u00e1ly. Zdravotnick\u00e9 od\u011bvy dostupn\u00e9 ve \u0160t\u011bt\u00edn\u011b jsou odoln\u00e9 v\u016f\u010di \u010dast\u00e9mu pran\u00ed, neztr\u00e1cej\u00ed barvu a dlouho si zachov\u00e1vaj\u00ed sv\u016fj estetick\u00fd vzhled. Je to volba, kter\u00e1 spojuje kvalitn\u00ed zpracov\u00e1n\u00ed s prakti\u010dnost\u00ed. P\u0159em\u00fd\u0161l\u00edte o zm\u011bn\u011b pracovn\u00edho od\u011bvu za n\u011bco pohodln\u00e9ho a stylov\u00e9ho? M\u00e1me pro v\u00e1s od\u011bvy, kter\u00e9 dokonale spln\u00ed va\u0161e po\u017eadavky. Prohl\u00e9dn\u011bte si na\u0161i nab\u00eddku a vyberte si soupravu, kter\u00e1 v\u00e1m bude vyhovovat!       <\/p>\n","protected":false},"excerpt":{"rendered":"<p>Volnost pohybu je jedn\u00edm z kl\u00ed\u010dov\u00fdch prvk\u016f pohodl\u00ed p\u0159i pr\u00e1ci. Nez\u00e1le\u017e\u00ed na tom, zda vedete kosmetick\u00fd salon, pracujete na klinice nebo prov\u00e1d\u00edte rehabilita\u010dn\u00ed procedury &#8211; va\u0161e oble\u010den\u00ed mus\u00ed dr\u017eet krok s va\u0161\u00edm pohybem. Zdravotnick\u00e9 od\u011bvy dostupn\u00e9 ve \u0160t\u011bt\u00edn\u011b poskytuj\u00ed pohodl\u00ed, kter\u00e9 v\u00fdrazn\u011b usnad\u0148uje ka\u017edodenn\u00ed \u017eivot. V na\u0161\u00ed pr\u00e9miov\u00e9 kolekci pou\u017e\u00edv\u00e1me lehk\u00e9 tkaniny s vysok\u00fdm obsahem [&hellip;]<\/p>\n","protected":false},"author":43705,"featured_media":0,"parent":0,"menu_order":0,"comment_status":"closed","ping_status":"closed","template":"page.php","meta":{"_acf_changed":false,"inline_featured_image":false,"footnotes":""},"class_list":["post-521511","page","type-page","status-publish","hentry"],"acf":[],"_links":{"self":[{"href":"https:\/\/dev.medandbeauty.com\/cs\/wp-json\/wp\/v2\/pages\/521511","targetHints":{"allow":["GET"]}}],"collection":[{"href":"https:\/\/dev.medandbeauty.com\/cs\/wp-json\/wp\/v2\/pages"}],"about":[{"href":"https:\/\/dev.medandbeauty.com\/cs\/wp-json\/wp\/v2\/types\/page"}],"author":[{"embeddable":true,"href":"https:\/\/dev.medandbeauty.com\/cs\/wp-json\/wp\/v2\/users\/43705"}],"replies":[{"embeddable":true,"href":"https:\/\/dev.medandbeauty.com\/cs\/wp-json\/wp\/v2\/comments?post=521511"}],"version-history":[{"count":3,"href":"https:\/\/dev.medandbeauty.com\/cs\/wp-json\/wp\/v2\/pages\/521511\/revisions"}],"predecessor-version":[{"id":624128,"href":"https:\/\/dev.medandbeauty.com\/cs\/wp-json\/wp\/v2\/pages\/521511\/revisions\/624128"}],"wp:attachment":[{"href":"https:\/\/dev.medandbeauty.com\/cs\/wp-json\/wp\/v2\/media?parent=521511"}],"curies":[{"name":"wp","href":"https:\/\/api.w.org\/{rel}","templated":true}]}}