{"id":356314,"date":"2024-11-21T09:58:15","date_gmt":"2024-11-21T08:58:15","guid":{"rendered":"https:\/\/dev.medandbeauty.com\/zdravotnicke-obleceni-poznan\/"},"modified":"2025-03-01T22:57:25","modified_gmt":"2025-03-01T21:57:25","slug":"zdravotnicke-obleceni-poznan","status":"publish","type":"page","link":"https:\/\/dev.medandbeauty.com\/cs\/zdravotnicke-obleceni-poznan\/","title":{"rendered":"Zdravotnick\u00e9 oble\u010den\u00ed Pozna\u0148"},"content":{"rendered":"\n<p>Pokud hled\u00e1te profesion\u00e1ln\u00ed zdravotnick\u00e9 oble\u010den\u00ed v Poznani, jste na spr\u00e1vn\u00e9m m\u00edst\u011b! N\u00e1\u0161 stacion\u00e1rn\u00ed <a href=\"\/\">obchod se zdravotnick\u00fdm oble\u010den\u00edm<\/a> nab\u00edz\u00ed <strong>\u0161irok\u00fd v\u00fdb\u011br zdravotnick\u00fdch od\u011bv\u016f, kter\u00e9 spl\u0148uj\u00ed nejvy\u0161\u0161\u00ed standardy kvality a kombinuj\u00ed funk\u010dnost s m\u00f3dn\u00edm vzhledem. <\/strong>Od z\u00e1st\u011br a mikin a\u017e po k\u0159ov\u00ed, kalhoty a \u0161aty &#8211; na\u0161e l\u00e9ka\u0159sk\u00e9 oble\u010den\u00ed v Poznani je ur\u010deno pro v\u0161echny zdravotn\u00edky, kte\u0159\u00ed cht\u011bj\u00ed vypadat profesion\u00e1ln\u011b a z\u00e1rove\u0148 se c\u00edtit pohodln\u011b po cel\u00fd den. <\/p>\n\n<h2 class=\"wp-block-heading\">Zdravotnick\u00e9 oble\u010den\u00ed Pozna\u0148 &#8211; n\u00e1\u0161 stacion\u00e1\u0159<\/h2>\n\n<p>N\u00e1\u0161 obchod se zdravotnick\u00fdm oble\u010den\u00edm v Poznani se nach\u00e1z\u00ed na ulici Zwierzyniecka 32\/38 (naproti ulici Kraszewskiego). D\u00edky snadn\u00e9mu p\u0159\u00edstupu a mo\u017enosti zaparkovat v p\u0159ilehl\u00fdch ulic\u00edch je ide\u00e1ln\u00edm m\u00edstem pro n\u00e1kupy v\u0161ech, kte\u0159\u00ed <strong>d\u00e1vaj\u00ed p\u0159ednost tomu, aby si zbo\u017e\u00ed prohl\u00e9dli na vlastn\u00ed o\u010di, vyzkou\u0161eli si oble\u010den\u00ed a konzultovali sv\u016fj v\u00fdb\u011br s na\u0161\u00edm zku\u0161en\u00fdm person\u00e1lem.<\/strong> Pokud chcete nakupovat ve vysok\u00e9 kvalit\u011b:  <\/p>\n\n<ul class=\"wp-block-list\">\n<li>l\u00e9ka\u0159sk\u00e9 z\u00e1st\u011bry Pozna\u0148,<\/li>\n\n\n\n<li>l\u00e9ka\u0159sk\u00e9 k\u0159oviny Pozna\u0148,<\/li>\n\n\n\n<li>l\u00e9ka\u0159sk\u00e9 kalhoty Pozna\u0148,<\/li>\n\n\n\n<li>l\u00e9ka\u0159sk\u00e9 halenky Pozna\u0148,<\/li>\n\n\n\n<li>l\u00e9ka\u0159sk\u00e9 \u0161aty Pozna\u0148 nebo jin\u00e9 sou\u010d\u00e1sti uniformy, doporu\u010dujeme v\u00e1m zavolat a ov\u011b\u0159it si dostupnost konkr\u00e9tn\u00edho modelu.<\/li>\n<\/ul>\n\n<h2 class=\"wp-block-heading\">Zdravotnick\u00e9 oble\u010den\u00ed Pozna\u0148 &#8211; online nakupov\u00e1n\u00ed<\/h2>\n\n<p>Krom\u011b na\u0161eho stacion\u00e1\u0159e se zdravotnick\u00fdm oble\u010den\u00edm v Poznani <strong>nab\u00edz\u00edme tak\u00e9 mo\u017enost n\u00e1kupu online. <\/strong>D\u00edky na\u0161im intuitivn\u00edm webov\u00fdm str\u00e1nk\u00e1m si m\u016f\u017eete snadno prohl\u00e9dnout nab\u00eddku, porovnat r\u016fzn\u00e9 modely a naj\u00edt podrobn\u00e9 informace o dostupn\u00fdch materi\u00e1lech, velikostech a barv\u00e1ch. Online n\u00e1kupy \u0161et\u0159\u00ed v\u00e1\u0161 \u010das &#8211; m\u016f\u017eete si objednat sv\u00e9 obl\u00edben\u00e9 zdravotnick\u00e9 oble\u010den\u00ed v Poznani (a po cel\u00e9 zemi), ani\u017e byste museli opustit sv\u016fj domov. P\u0159esn\u00e9 tabulky velikost\u00ed a skv\u011bl\u00e9 obr\u00e1zky produkt\u016f v\u00e1m pomohou u\u010dinit spr\u00e1vn\u00e9 rozhodnut\u00ed a mo\u017enost kontaktovat n\u00e1\u0161 t\u00fdm v\u00e1m umo\u017en\u00ed vyjasnit si p\u0159\u00edpadn\u00e9 nejasnosti.  <\/p>\n\n<h2 class=\"wp-block-heading\">Va\u0161e m\u00edsto se zdravotnick\u00fdm oble\u010den\u00edm v Poznani<\/h2>\n\n<p>A\u0165 u\u017e pot\u0159ebujete z\u00e1st\u011bry, pracovn\u00ed od\u011bvy, kalhoty, mikiny nebo \u0161aty &#8211; <strong>v Med&amp;Beauty najdete v\u0161e, co pot\u0159ebujete, abyste se v pr\u00e1ci c\u00edtili pohodln\u011b a vypadali profesion\u00e1ln\u011b. <\/strong>Obchod Med&amp;Beauty Pozna\u0144 nab\u00edz\u00ed \u0161irok\u00fd sortiment v\u00fdrobk\u016f jak v kamenn\u00e9 prodejn\u011b, tak online, co\u017e v\u00e1m umo\u017en\u00ed nakupovat pro v\u00e1s nejpohodln\u011bj\u0161\u00edm zp\u016fsobem. Nav\u0161tivte n\u00e1\u0161 obchod nebo vyu\u017eijte na\u0161i online nab\u00eddku a p\u0159esv\u011bd\u010dte se sami, \u017ee na\u0161e zdravotnick\u00e9 oble\u010den\u00ed (v\u010detn\u011b <a href=\"https:\/\/dev.medandbeauty.com\/sklep\/dla-niej\/\">d\u00e1msk\u00e9ho zdravotnick\u00e9ho oble\u010den\u00ed<\/a> a <a href=\"https:\/\/dev.medandbeauty.com\/sklep\/dla-niego\/\">p\u00e1nsk\u00e9ho zdravotnick\u00e9ho<\/a> oble\u010den\u00ed) nem\u00e1 konkurenci. Doporu\u010dujeme v\u00e1m tak\u00e9 nav\u0161t\u00edvit n\u00e1s na Facebooku a Instagramu a zad\u00e1vat objedn\u00e1vky.  <\/p>\n","protected":false},"excerpt":{"rendered":"<p>Pokud hled\u00e1te profesion\u00e1ln\u00ed zdravotnick\u00e9 oble\u010den\u00ed v Poznani, jste na spr\u00e1vn\u00e9m m\u00edst\u011b! N\u00e1\u0161 stacion\u00e1rn\u00ed obchod se zdravotnick\u00fdm oble\u010den\u00edm nab\u00edz\u00ed \u0161irok\u00fd v\u00fdb\u011br zdravotnick\u00fdch od\u011bv\u016f, kter\u00e9 spl\u0148uj\u00ed nejvy\u0161\u0161\u00ed standardy kvality a kombinuj\u00ed funk\u010dnost s m\u00f3dn\u00edm vzhledem. Od z\u00e1st\u011br a mikin a\u017e po k\u0159ov\u00ed, kalhoty a \u0161aty &#8211; na\u0161e l\u00e9ka\u0159sk\u00e9 oble\u010den\u00ed v Poznani je ur\u010deno pro v\u0161echny zdravotn\u00edky, kte\u0159\u00ed [&hellip;]<\/p>\n","protected":false},"author":28789,"featured_media":0,"parent":0,"menu_order":0,"comment_status":"closed","ping_status":"closed","template":"page.php","meta":{"_acf_changed":false,"inline_featured_image":false,"footnotes":""},"class_list":["post-356314","page","type-page","status-publish","hentry"],"acf":[],"_links":{"self":[{"href":"https:\/\/dev.medandbeauty.com\/cs\/wp-json\/wp\/v2\/pages\/356314","targetHints":{"allow":["GET"]}}],"collection":[{"href":"https:\/\/dev.medandbeauty.com\/cs\/wp-json\/wp\/v2\/pages"}],"about":[{"href":"https:\/\/dev.medandbeauty.com\/cs\/wp-json\/wp\/v2\/types\/page"}],"author":[{"embeddable":true,"href":"https:\/\/dev.medandbeauty.com\/cs\/wp-json\/wp\/v2\/users\/28789"}],"replies":[{"embeddable":true,"href":"https:\/\/dev.medandbeauty.com\/cs\/wp-json\/wp\/v2\/comments?post=356314"}],"version-history":[{"count":1,"href":"https:\/\/dev.medandbeauty.com\/cs\/wp-json\/wp\/v2\/pages\/356314\/revisions"}],"predecessor-version":[{"id":356319,"href":"https:\/\/dev.medandbeauty.com\/cs\/wp-json\/wp\/v2\/pages\/356314\/revisions\/356319"}],"wp:attachment":[{"href":"https:\/\/dev.medandbeauty.com\/cs\/wp-json\/wp\/v2\/media?parent=356314"}],"curies":[{"name":"wp","href":"https:\/\/api.w.org\/{rel}","templated":true}]}}