{"id":356312,"date":"2024-11-21T10:01:48","date_gmt":"2024-11-21T09:01:48","guid":{"rendered":"https:\/\/dev.medandbeauty.com\/zdravotnicke-odevy-varsava\/"},"modified":"2025-03-01T22:57:23","modified_gmt":"2025-03-01T21:57:23","slug":"zdravotnicke-odevy-varsava","status":"publish","type":"page","link":"https:\/\/dev.medandbeauty.com\/cs\/zdravotnicke-odevy-varsava\/","title":{"rendered":"Zdravotnick\u00e9 od\u011bvy Var\u0161ava"},"content":{"rendered":"\n<p>Pokud hled\u00e1te zdravotnick\u00e9 oble\u010den\u00ed ve Var\u0161av\u011b, jste na spr\u00e1vn\u00e9m m\u00edst\u011b! V na\u0161em obchod\u011b se zdravotnick\u00fdmi od\u011bvy ve Var\u0161av\u011b nab\u00edz\u00edme \u0161irok\u00fd sortiment zdravotnick\u00fdch od\u011bv\u016f, kter\u00e9 nejen <strong>poskytuj\u00ed maxim\u00e1ln\u00ed pohodl\u00ed b\u011bhem dlouh\u00e9 pracovn\u00ed doby, ale tak\u00e9 skv\u011ble vypadaj\u00ed.<\/strong> N\u00e1\u0161 obchod se zdravotnick\u00fdm oble\u010den\u00edm ve Var\u0161av\u011b nab\u00edz\u00ed \u0159e\u0161en\u00ed p\u0159izp\u016fsoben\u00e1 pot\u0159eb\u00e1m dne\u0161n\u00edch profesion\u00e1l\u016f. <\/p>\n\n<h2 class=\"wp-block-heading\"><strong>Obchod se zdravotnick\u00fdm oble\u010den\u00edm Var\u0161ava<\/strong><\/h2>\n\n<p>Med&amp;Beauty je m\u00edsto, kde najdete kvalitn\u00ed zdravotnick\u00e9 oble\u010den\u00ed ve Var\u0161av\u011b. Na\u0161e v\u00fdrobky kombinuj\u00ed modern\u00ed design s funk\u010dnost\u00ed, d\u00edky \u010demu\u017e jsou nejen praktick\u00e9, ale tak\u00e9 m\u00f3dn\u00ed. V na\u0161\u00ed nab\u00eddce najdete mj:  <\/p>\n\n<ul class=\"wp-block-list\">\n<li>l\u00e9ka\u0159sk\u00e9 z\u00e1st\u011bry Var\u0161ava,<\/li>\n\n\n\n<li>l\u00e9ka\u0159sk\u00e9 k\u0159ov\u00ed Var\u0161ava, kalhoty,<\/li>\n\n\n\n<li>l\u00e9ka\u0159sk\u00e9 halenky Var\u0161ava,<\/li>\n\n\n\n<li>l\u00e9ka\u0159sk\u00e9 \u0161aty Var\u0161ava,<\/li>\n\n\n\n<li>l\u00e9ka\u0159sk\u00e9 kalhoty Var\u0161ava.<\/li>\n<\/ul>\n\n<p>Na\u0161e zdravotnick\u00e9 od\u011bvy ve Var\u0161av\u011b jsou navr\u017eeny tak, aby se pohodln\u011b nosily po cel\u00fd pracovn\u00ed den.  <strong>Pou\u017e\u00edv\u00e1me nejkvalitn\u011bj\u0161\u00ed materi\u00e1ly, kter\u00e9 jsou prody\u0161n\u00e9, m\u011bkk\u00e9 a snadno se \u010dist\u00ed.<\/strong>  Na\u0161e zdravotnick\u00e9 od\u011bvy jsou nejen stylov\u00e9, ale tak\u00e9 ergonomick\u00e9 a odoln\u00e9.<\/p>\n\n<h2 class=\"wp-block-heading\"><strong>Stacion\u00e1\u0159 Med&amp;Beauty &#8211; zdravotnick\u00e9 oble\u010den\u00ed Var\u0161ava na dosah ruky<\/strong><\/h2>\n\n<p>R\u00e1di bychom v\u00e1s pozvali do na\u0161\u00ed stacion\u00e1rn\u00ed prodejny zdravotnick\u00fdch od\u011bv\u016f ve Var\u0161av\u011b, kter\u00e1 se nach\u00e1z\u00ed na ulici Klimczaka 6A\/U4 ve Wilanow\u011b. Na m\u00edst\u011b si m\u016f\u017eete prohl\u00e9dnout a vyzkou\u0161et zdravotnick\u00e9 od\u011bvy a <strong>na\u0161i poradci v\u00e1m r\u00e1di pomohou vybrat ty spr\u00e1vn\u00e9 v\u00fdrobky pro va\u0161e pot\u0159eby.<\/strong> Zaparkovat m\u016f\u017eete snadno na bezplatn\u00fdch parkovi\u0161t\u00edch v p\u0159ilehl\u00fdch ulic\u00edch. Zaparkovat je mo\u017en\u00e9 tak\u00e9 v Kr\u00e1lovsk\u00e9 galerii Wilan\u00f3w. Doporu\u010dujeme v\u00e1m nakupovat od pond\u011bl\u00ed do soboty a o n\u00e1kupn\u00edch ned\u011bl\u00edch.    <\/p>\n\n<h2 class=\"wp-block-heading\"><strong>Nakupov\u00e1n\u00ed online &#8211; pohodln\u00e9 a rychl\u00e9<\/strong><\/h2>\n\n<p>Pokud nem\u00e1te \u010das nav\u0161t\u00edvit n\u00e1\u0161 kamenn\u00fd obchod, <strong>nab\u00edz\u00edme v\u00e1m mo\u017enost zakoupit si zdravotnick\u00e9 oble\u010den\u00ed online.<\/strong> N\u00e1\u0161 internetov\u00fd obchod nab\u00edz\u00ed kompletn\u00ed sortiment, tak\u017ee si m\u016f\u017eete objednat zdravotnick\u00e9 oble\u010den\u00ed Var\u0161ava, ani\u017e byste opustili sv\u016fj domov. Intuitivn\u00ed obsluha, podrobn\u00e9 popisy produkt\u016f a tabulky velikost\u00ed v\u00e1m umo\u017en\u00ed rychl\u00e9 a p\u0159\u00edjemn\u00e9 nakupov\u00e1n\u00ed. Ka\u017ed\u00fd model je pe\u010dliv\u011b pops\u00e1n a skv\u011bl\u00e9 kvalitn\u00ed fotografie v\u00e1m umo\u017en\u00ed prohl\u00e9dnout si v\u00fdrobky detailn\u011b p\u0159edt\u00edm, ne\u017e se rozhodnete.  <\/p>\n\n<h2 class=\"wp-block-heading\"><strong>Zdravotnick\u00e9 od\u011bvy Var\u0161ava<\/strong><\/h2>\n\n<p>Zdravotnick\u00e9 od\u011bvy z na\u0161eho obchodu ve Var\u0161av\u011b se \u0161ij\u00ed v Polsku, co\u017e zaru\u010duje <strong>vysokou kvalitu zpracov\u00e1n\u00ed a pozornost v\u011bnovanou ka\u017ed\u00e9mu detailu<\/strong>. Poskytujeme a\u017e 100 dn\u00ed na vr\u00e1cen\u00ed zbo\u017e\u00ed, co\u017e v\u00e1m umo\u017en\u00ed rozhodnout se o n\u00e1kupu s klidn\u00fdm sv\u011bdom\u00edm. Krom\u011b toho <strong>nab\u00edz\u00edme mo\u017enost personalizace<\/strong> od\u011bv\u016f &#8211; vy\u0161\u00edv\u00e1me logo spole\u010dnosti, jm\u00e9no zam\u011bstnance, aby byl od\u011bv nejen praktick\u00fd, ale tak\u00e9 jedine\u010dn\u00fd. N\u00e1\u0161 <a href=\"\/\">obchod se zdravotnick\u00fdmi od\u011bvy<\/a> nab\u00edz\u00ed pravideln\u00e9 slevy pro studenty a v\u0161em z\u00e1kazn\u00edk\u016fm nab\u00edz\u00edme dopravu zdarma p\u0159i objedn\u00e1vce nad 500 liber.   <\/p>\n\n<p>Sledujte n\u00e1s na Instagramu, kde najdete inspiraci, produktov\u00e9 novinky a m\u00f3dn\u00ed tipy pro l\u00e9ka\u0159sk\u00fd styling od Med&amp;Beauty. Zjist\u011bte, jak na\u0161e <a href=\"https:\/\/dev.medandbeauty.com\/sklep\/dla-niej\/\" data-type=\"product_cat\" data-id=\"69\">d\u00e1msk\u00e9<\/a> a <a href=\"https:\/\/dev.medandbeauty.com\/sklep\/dla-niego\/\">p\u00e1nsk\u00e9<\/a> zdravotnick\u00e9 oble\u010den\u00ed m\u016f\u017ee ka\u017edodenn\u011b p\u0159isp\u00edvat k va\u0161emu pohodl\u00ed a stylu! Zveme v\u00e1s k objedn\u00e1vk\u00e1m.  <\/p>\n","protected":false},"excerpt":{"rendered":"<p>Pokud hled\u00e1te zdravotnick\u00e9 oble\u010den\u00ed ve Var\u0161av\u011b, jste na spr\u00e1vn\u00e9m m\u00edst\u011b! V na\u0161em obchod\u011b se zdravotnick\u00fdmi od\u011bvy ve Var\u0161av\u011b nab\u00edz\u00edme \u0161irok\u00fd sortiment zdravotnick\u00fdch od\u011bv\u016f, kter\u00e9 nejen poskytuj\u00ed maxim\u00e1ln\u00ed pohodl\u00ed b\u011bhem dlouh\u00e9 pracovn\u00ed doby, ale tak\u00e9 skv\u011ble vypadaj\u00ed. N\u00e1\u0161 obchod se zdravotnick\u00fdm oble\u010den\u00edm ve Var\u0161av\u011b nab\u00edz\u00ed \u0159e\u0161en\u00ed p\u0159izp\u016fsoben\u00e1 pot\u0159eb\u00e1m dne\u0161n\u00edch profesion\u00e1l\u016f. Obchod se zdravotnick\u00fdm oble\u010den\u00edm Var\u0161ava Med&amp;Beauty [&hellip;]<\/p>\n","protected":false},"author":28789,"featured_media":0,"parent":0,"menu_order":0,"comment_status":"closed","ping_status":"closed","template":"page.php","meta":{"_acf_changed":false,"inline_featured_image":false,"footnotes":""},"class_list":["post-356312","page","type-page","status-publish","hentry"],"acf":[],"_links":{"self":[{"href":"https:\/\/dev.medandbeauty.com\/cs\/wp-json\/wp\/v2\/pages\/356312","targetHints":{"allow":["GET"]}}],"collection":[{"href":"https:\/\/dev.medandbeauty.com\/cs\/wp-json\/wp\/v2\/pages"}],"about":[{"href":"https:\/\/dev.medandbeauty.com\/cs\/wp-json\/wp\/v2\/types\/page"}],"author":[{"embeddable":true,"href":"https:\/\/dev.medandbeauty.com\/cs\/wp-json\/wp\/v2\/users\/28789"}],"replies":[{"embeddable":true,"href":"https:\/\/dev.medandbeauty.com\/cs\/wp-json\/wp\/v2\/comments?post=356312"}],"version-history":[{"count":1,"href":"https:\/\/dev.medandbeauty.com\/cs\/wp-json\/wp\/v2\/pages\/356312\/revisions"}],"predecessor-version":[{"id":356316,"href":"https:\/\/dev.medandbeauty.com\/cs\/wp-json\/wp\/v2\/pages\/356312\/revisions\/356316"}],"wp:attachment":[{"href":"https:\/\/dev.medandbeauty.com\/cs\/wp-json\/wp\/v2\/media?parent=356312"}],"curies":[{"name":"wp","href":"https:\/\/api.w.org\/{rel}","templated":true}]}}